{"id":9781,"date":"2022-06-22T09:20:31","date_gmt":"2022-06-22T07:20:31","guid":{"rendered":"https:\/\/www.alpis.fr\/pagamento\/"},"modified":"2024-10-16T11:49:12","modified_gmt":"2024-10-16T09:49:12","slug":"pagamento","status":"publish","type":"page","link":"https:\/\/www.alpis.fr\/pt-pt\/pagamento\/","title":{"rendered":"Pagamento"},"content":{"rendered":"\t\t<div data-elementor-type=\"wp-page\" data-elementor-id=\"9781\" class=\"elementor elementor-9781 elementor-3999\" data-elementor-post-type=\"page\">\n\t\t\t\t\t\t<section class=\" elementor-section elementor-top-section elementor-element elementor-element-c50dc3b elementor-section-boxed elementor-section-height-default elementor-section-height-default wpr-jarallax-no wpr-sticky-section-no\" data-id=\"c50dc3b\" data-element_type=\"section\" data-e-type=\"section\">\r\n\t\t\t\t\t\t\t\t<div class=\"elementor-container elementor-column-gap-default\">\r\n\t\t\t\t\r\n\t\t\t\t\t\t\t\t<div class=\" elementor-column elementor-col-100 elementor-top-column elementor-element elementor-element-b655094 \" data-id=\"b655094\" data-element_type=\"column\" data-e-type=\"column\">\r\n\r\n\t\t\t\t\r\n\t\t\t\t<div class=\"elementor-widget-wrap\">\r\n\t\t\t\t\t\t\t\t\t\t\r\n\t\t\t\t\t\t\t\t<\/div>\r\n\t\t\t\t<\/div>\r\n\t\t\t\t\t\t\t\t<\/div>\r\n\t\t\t<\/section>\r\n\t\t\t\t\t<section class=\" elementor-section elementor-top-section elementor-element elementor-element-29ae6b3 elementor-section-boxed elementor-section-height-default elementor-section-height-default wpr-jarallax-no wpr-sticky-section-no\" data-id=\"29ae6b3\" data-element_type=\"section\" data-e-type=\"section\">\r\n\t\t\t\t\t\t\t\t<div class=\"elementor-container elementor-column-gap-default\">\r\n\t\t\t\t\r\n\t\t\t\t\t\t\t\t<div class=\" elementor-column elementor-col-100 elementor-top-column elementor-element elementor-element-f8eb83a \" data-id=\"f8eb83a\" data-element_type=\"column\" data-e-type=\"column\">\r\n\r\n\t\t\t\t\r\n\t\t\t\t<div class=\"elementor-widget-wrap elementor-element-populated\">\r\n\t\t\t\t\t\t\t\t\t\t\r\n\t\t\t\t\t\t<div class=\"elementor-element elementor-element-f9ab2ad eael-dual-header-content-align-center elementor-widget elementor-widget-eael-dual-color-header\" data-id=\"f9ab2ad\" data-element_type=\"widget\" data-e-type=\"widget\" data-widget_type=\"eael-dual-color-header.default\">\n\t\t\t\t\t\t\t\t<div class=\"eael-dual-header\">\n\t\t\t\t<h1 class=\"title eael-dch-title\"><span class=\"eael-dch-title-text eael-dch-title-lead lead solid-color\">Pagamento por cart\u00e3o banc\u00e1rio<\/span> <span class=\"eael-dch-title-text\"><\/span><\/h1><div class=\"eael-dch-separator-wrap\"><span class=\"separator-one\"><\/span>\n\t\t\t<span class=\"separator-two\"><\/span><\/div>\t\t\t<\/div>\n\n\t\t\t\t\t\t<\/div>\n\t\t\t\t<div class=\"elementor-element elementor-element-c049552 elementor-widget elementor-widget-spacer\" data-id=\"c049552\" data-element_type=\"widget\" data-e-type=\"widget\" data-widget_type=\"spacer.default\">\n\t\t\t\t\t\t\t<div class=\"elementor-spacer\">\n\t\t\t<div class=\"elementor-spacer-inner\"><\/div>\n\t\t<\/div>\n\t\t\t\t\t\t<\/div>\n\t\t\t\t<div class=\"elementor-element elementor-element-37f159c elementor-widget elementor-widget-text-editor\" data-id=\"37f159c\" data-element_type=\"widget\" data-e-type=\"widget\" data-widget_type=\"text-editor.default\">\n\t\t\t\t\t\t\t\t\t<p>Prezado\/Prezada da Alpis,<\/p>\n<p>voc\u00ea acabou de efetuar um pagamento com cart\u00e3o banc\u00e1rio ou PayPal.<\/p>\n<p>Se o seu pagamento foi bem-sucedido, voc\u00ea receber\u00e1 uma confirma\u00e7\u00e3o de pagamento por e-mail da plataforma de pagamento.<\/p>\n<p><span style=\"text-decoration: underline;\"><strong>Por favor, verifique se o pagamento foi bem-sucedido no e-mail.<\/strong><\/span><\/p>\n<ul>\n<li>Se for o caso, nossas equipas processar\u00e3o o seu pedido nos pr\u00f3ximos minutos.<br \/>Seu pedido ser\u00e1 ent\u00e3o verificado e seguido por uma confirma\u00e7\u00e3o do pedido por e-mail.<br \/>O servi\u00e7o solicidado (tradu\u00e7\u00e3o, interpreta\u00e7\u00e3o, legaliza\u00e7\u00e3o) \u00e9 realizado no prazo combinado.<br \/>Se for uma tradu\u00e7\u00e3o ou uma legaliza\u00e7\u00e3o, ela \u00e9 enviada diretamente para voc\u00ea no endere\u00e7o da sua escolha ou para um ponto de retransmiss\u00e3o pr\u00f3ximo por carta rastreada, expresso, entregador, etc.<\/li>\n<li>Caso contr\u00e1rio, renove seu pagamento. <br \/>De qualquer forma, em caso de erro, voc\u00ea ser\u00e1 debitado apenas uma vez em caso de pagamento duplo.<\/li>\n<\/ul>\n<p>Para qualquer informa\u00e7\u00e3o adicional pode contactar-nos directamente por telefone ou por email respondendo aos emails recebidos.<\/p>\n<p>N\u00e3o h\u00e1 necessidade de nos mandar de volta o comprovante de pagamento que tamb\u00e9m recebemos.<\/p>\n<p>Na aus\u00eancia de confirma\u00e7\u00e3o do pedido no prazo de duas horas \u00fateis, <br \/>por favor, ligue-nos para verificar se o seu pagamento foi levado em considera\u00e7\u00e3o.<\/p>\n<p>Para outras perguntas, n\u00e3o duvide em consultar <a href=\"https:\/\/www.alpis.fr\/pt-pt\/perguntas-frequentes-alpis-traducao-interpretacao\/\" target=\"_blank\" rel=\"noopener\">nossa PF.<\/a><\/p>\n\t\t\t\t\t\t\t\t<\/div>\n\t\t\t\t<div class=\"elementor-element elementor-element-5f956d0 elementor-widget elementor-widget-spacer\" data-id=\"5f956d0\" data-element_type=\"widget\" data-e-type=\"widget\" data-widget_type=\"spacer.default\">\n\t\t\t\t\t\t\t<div class=\"elementor-spacer\">\n\t\t\t<div class=\"elementor-spacer-inner\"><\/div>\n\t\t<\/div>\n\t\t\t\t\t\t<\/div>\n\t\t\t\t<div class=\"elementor-element elementor-element-ae14d23 elementor-widget elementor-widget-image\" data-id=\"ae14d23\" data-element_type=\"widget\" data-e-type=\"widget\" data-widget_type=\"image.default\">\n\t\t\t\t\t\t\t\t\t\t\t\t\t\t\t<img decoding=\"async\" width=\"730\" height=\"50\" src=\"\/cdn-cgi\/image\/quality=80,format=auto,onerror=redirect,metadata=none\/wp-content\/uploads\/2023\/07\/payment-methods.jpg\" class=\"attachment-large size-large wp-image-12301\" alt=\"m\u00e9thodes de paiement\" \/>\t\t\t\t\t\t\t\t\t\t\t\t\t\t\t<\/div>\n\t\t\t\t<div class=\"elementor-element elementor-element-d52c6ce elementor-widget elementor-widget-spacer\" data-id=\"d52c6ce\" data-element_type=\"widget\" data-e-type=\"widget\" data-widget_type=\"spacer.default\">\n\t\t\t\t\t\t\t<div class=\"elementor-spacer\">\n\t\t\t<div class=\"elementor-spacer-inner\"><\/div>\n\t\t<\/div>\n\t\t\t\t\t\t<\/div>\n\t\t\t\t<div class=\"elementor-element elementor-element-b8afd83 elementor-align-center elementor-invisible elementor-widget elementor-widget-button\" data-id=\"b8afd83\" data-element_type=\"widget\" data-e-type=\"widget\" data-settings=\"{&quot;_animation&quot;:&quot;zoomInUp&quot;}\" data-widget_type=\"button.default\">\n\t\t\t\t\t\t\t\t\t\t<a class=\"elementor-button elementor-button-link elementor-size-lg elementor-animation-push\" href=\"tel:+33973037000\">\n\t\t\t\t\t\t<span class=\"elementor-button-content-wrapper\">\n\t\t\t\t\t\t<span class=\"elementor-button-icon\">\n\t\t\t\t<svg aria-hidden=\"true\" class=\"e-font-icon-svg e-fas-phone\" viewBox=\"0 0 512 512\" xmlns=\"http:\/\/www.w3.org\/2000\/svg\"><path d=\"M493.4 24.6l-104-24c-11.3-2.6-22.9 3.3-27.5 13.9l-48 112c-4.2 9.8-1.4 21.3 6.9 28l60.6 49.6c-36 76.7-98.9 140.5-177.2 177.2l-49.6-60.6c-6.8-8.3-18.2-11.1-28-6.9l-112 48C3.9 366.5-2 378.1.6 389.4l24 104C27.1 504.2 36.7 512 48 512c256.1 0 464-207.5 464-464 0-11.2-7.7-20.9-18.6-23.4z\"><\/path><\/svg>\t\t\t<\/span>\n\t\t\t\t\t\t\t\t\t<span class=\"elementor-button-text\">Um problema? Ligue-nos!<\/span>\n\t\t\t\t\t<\/span>\n\t\t\t\t\t<\/a>\n\t\t\t\t\t\t\t\t<\/div>\n\t\t\t\t\t\t<\/div>\r\n\t\t\t\t<\/div>\r\n\t\t\t\t\t\t\t\t<\/div>\r\n\t\t\t<\/section>\r\n\t\t\t\t\t<\/div>\n\t\t","protected":false},"excerpt":{"rendered":"<p>Pagamento por cart\u00e3o banc\u00e1rio Prezado\/Prezada da Alpis, voc\u00ea acabou de efetuar um pagamento com cart\u00e3o banc\u00e1rio ou PayPal. Se o seu pagamento foi bem-sucedido, voc\u00ea receber\u00e1 uma confirma\u00e7\u00e3o de pagamento por e-mail da plataforma de pagamento. Por favor, verifique se o pagamento foi bem-sucedido no e-mail. Se for o caso, nossas equipas processar\u00e3o o seu pedido nos pr\u00f3ximos minutos.Seu pedido ser\u00e1 ent\u00e3o verificado e seguido por uma confirma\u00e7\u00e3o do pedido por e-mail.O servi\u00e7o solicidado (tradu\u00e7\u00e3o, interpreta\u00e7\u00e3o, legaliza\u00e7\u00e3o) \u00e9 realizado no prazo combinado.Se for uma tradu\u00e7\u00e3o ou uma legaliza\u00e7\u00e3o, ela \u00e9 enviada diretamente para voc\u00ea no endere\u00e7o da sua escolha ou para um ponto de retransmiss\u00e3o pr\u00f3ximo por carta rastreada, expresso, entregador, etc. Caso contr\u00e1rio, renove seu pagamento. De qualquer forma, em caso de erro, voc\u00ea ser\u00e1 debitado apenas uma vez em caso de pagamento duplo. Para qualquer informa\u00e7\u00e3o adicional pode contactar-nos directamente por telefone ou por email respondendo aos emails recebidos. N\u00e3o h\u00e1 necessidade de nos mandar de volta o comprovante de pagamento que tamb\u00e9m recebemos. Na aus\u00eancia de confirma\u00e7\u00e3o do pedido no prazo de duas horas \u00fateis, por favor, ligue-nos para verificar se o seu pagamento foi levado em considera\u00e7\u00e3o. Para outras perguntas, n\u00e3o duvide em consultar nossa PF. Um problema? Ligue-nos!<\/p>\n","protected":false},"author":25,"featured_media":0,"parent":0,"menu_order":0,"comment_status":"closed","ping_status":"closed","template":"","meta":{"footnotes":""},"class_list":["post-9781","page","type-page","status-publish","hentry"],"yoast_head":"<!-- This site is optimized with the Yoast SEO Premium plugin v27.3 (Yoast SEO v27.3) - https:\/\/yoast.com\/product\/yoast-seo-premium-wordpress\/ -->\n<title>Pagamento - Alpis Tradu\u00e7\u00e3o e Interpreta\u00e7\u00e3o<\/title>\n<meta name=\"description\" content=\"P\u00e1gina de confirma\u00e7\u00e3o de pagamento da Alpis Tradu\u00e7\u00e3o e Interpreta\u00e7\u00e3o\" \/>\n<meta name=\"robots\" content=\"noindex, nofollow\" \/>\n<meta property=\"og:locale\" content=\"pt_PT\" \/>\n<meta property=\"og:type\" content=\"article\" \/>\n<meta property=\"og:title\" content=\"Pagamento\" \/>\n<meta property=\"og:description\" content=\"P\u00e1gina de confirma\u00e7\u00e3o de pagamento da Alpis Tradu\u00e7\u00e3o e Interpreta\u00e7\u00e3o\" \/>\n<meta property=\"og:url\" content=\"https:\/\/www.alpis.fr\/pt-pt\/pagamento\/\" \/>\n<meta property=\"og:site_name\" content=\"Alpis Tradu\u00e7\u00e3o e Interpreta\u00e7\u00e3o\" \/>\n<meta property=\"article:publisher\" content=\"https:\/\/www.facebook.com\/alpisfr\/\" \/>\n<meta property=\"article:modified_time\" content=\"2024-10-16T09:49:12+00:00\" \/>\n<meta property=\"og:image\" content=\"https:\/\/www.alpis.fr\/cdn-cgi\/image\/quality=80,format=auto,onerror=redirect,metadata=none\/wp-content\/uploads\/2023\/07\/payment-methods.jpg\" \/>\n\t<meta property=\"og:image:width\" content=\"730\" \/>\n\t<meta property=\"og:image:height\" content=\"50\" \/>\n\t<meta property=\"og:image:type\" content=\"image\/jpeg\" \/>\n<meta name=\"twitter:card\" content=\"summary_large_image\" \/>\n<meta name=\"twitter:site\" content=\"@AlpisParis\" \/>\n<meta name=\"twitter:label1\" content=\"Tempo estimado de leitura\" \/>\n\t<meta name=\"twitter:data1\" content=\"1 minuto\" \/>\n<script type=\"application\/ld+json\" class=\"yoast-schema-graph\">{\"@context\":\"https:\\\/\\\/schema.org\",\"@graph\":[{\"@type\":\"WebPage\",\"@id\":\"https:\\\/\\\/www.alpis.fr\\\/pt-pt\\\/pagamento\\\/\",\"url\":\"https:\\\/\\\/www.alpis.fr\\\/pt-pt\\\/pagamento\\\/\",\"name\":\"Pagamento - Alpis Tradu\u00e7\u00e3o e Interpreta\u00e7\u00e3o\",\"isPartOf\":{\"@id\":\"https:\\\/\\\/www.alpis.fr\\\/pt-pt\\\/#website\"},\"primaryImageOfPage\":{\"@id\":\"https:\\\/\\\/www.alpis.fr\\\/pt-pt\\\/pagamento\\\/#primaryimage\"},\"image\":{\"@id\":\"https:\\\/\\\/www.alpis.fr\\\/pt-pt\\\/pagamento\\\/#primaryimage\"},\"thumbnailUrl\":\"https:\\\/\\\/www.alpis.fr\\\/wp-content\\\/uploads\\\/2023\\\/07\\\/payment-methods.jpg\",\"datePublished\":\"2022-06-22T07:20:31+00:00\",\"dateModified\":\"2024-10-16T09:49:12+00:00\",\"description\":\"P\u00e1gina de confirma\u00e7\u00e3o de pagamento da Alpis Tradu\u00e7\u00e3o e Interpreta\u00e7\u00e3o\",\"inLanguage\":\"pt-PT\",\"potentialAction\":[{\"@type\":\"ReadAction\",\"target\":[\"https:\\\/\\\/www.alpis.fr\\\/pt-pt\\\/pagamento\\\/\"]}]},{\"@type\":\"ImageObject\",\"inLanguage\":\"pt-PT\",\"@id\":\"https:\\\/\\\/www.alpis.fr\\\/pt-pt\\\/pagamento\\\/#primaryimage\",\"url\":\"https:\\\/\\\/www.alpis.fr\\\/wp-content\\\/uploads\\\/2023\\\/07\\\/payment-methods.jpg\",\"contentUrl\":\"https:\\\/\\\/www.alpis.fr\\\/wp-content\\\/uploads\\\/2023\\\/07\\\/payment-methods.jpg\"},{\"@type\":\"WebSite\",\"@id\":\"https:\\\/\\\/www.alpis.fr\\\/pt-pt\\\/#website\",\"url\":\"https:\\\/\\\/www.alpis.fr\\\/pt-pt\\\/\",\"name\":\"Alpis Traduction et Interpr\u00e9tation\",\"description\":\"A ag\u00eancia de tradu\u00e7\u00e3o ao servi\u00e7o da sua ascens\u00e3o internacional\",\"publisher\":{\"@id\":\"https:\\\/\\\/www.alpis.fr\\\/pt-pt\\\/#organization\"},\"potentialAction\":[{\"@type\":\"SearchAction\",\"target\":{\"@type\":\"EntryPoint\",\"urlTemplate\":\"https:\\\/\\\/www.alpis.fr\\\/pt-pt\\\/?s={search_term_string}\"},\"query-input\":{\"@type\":\"PropertyValueSpecification\",\"valueRequired\":true,\"valueName\":\"search_term_string\"}}],\"inLanguage\":\"pt-PT\"},{\"@type\":\"Organization\",\"@id\":\"https:\\\/\\\/www.alpis.fr\\\/pt-pt\\\/#organization\",\"name\":\"Alpis Traduction et Interpr\u00e9tation\",\"alternateName\":\"Alpis\",\"url\":\"https:\\\/\\\/www.alpis.fr\\\/pt-pt\\\/\",\"logo\":{\"@type\":\"ImageObject\",\"inLanguage\":\"pt-PT\",\"@id\":\"https:\\\/\\\/www.alpis.fr\\\/pt-pt\\\/#\\\/schema\\\/logo\\\/image\\\/\",\"url\":\"https:\\\/\\\/www.alpis.fr\\\/wp-content\\\/uploads\\\/2022\\\/06\\\/LogoPreviewFB1200x630.jpg\",\"contentUrl\":\"https:\\\/\\\/www.alpis.fr\\\/wp-content\\\/uploads\\\/2022\\\/06\\\/LogoPreviewFB1200x630.jpg\",\"width\":1200,\"height\":630,\"caption\":\"Alpis Traduction et Interpr\u00e9tation\"},\"image\":{\"@id\":\"https:\\\/\\\/www.alpis.fr\\\/pt-pt\\\/#\\\/schema\\\/logo\\\/image\\\/\"},\"sameAs\":[\"https:\\\/\\\/www.facebook.com\\\/alpisfr\\\/\",\"https:\\\/\\\/x.com\\\/AlpisParis\",\"https:\\\/\\\/www.linkedin.com\\\/company\\\/alpis\",\"https:\\\/\\\/twitter.com\\\/AlpisParis\"],\"email\":\"contact@alpis.fr\",\"telephone\":\"+33973037000\",\"legalName\":\"Alpis Traduction et Interpr\u00e9tation SAS\",\"foundingDate\":\"2014-03-06\",\"vatID\":\"FR52801253543\",\"taxID\":\"80125354300012\",\"numberOfEmployees\":{\"@type\":\"QuantitativeValue\",\"minValue\":\"1\",\"maxValue\":\"10\"},\"actionableFeedbackPolicy\":\"https:\\\/\\\/www.alpis.fr\\\/mentions-legales\\\/\",\"correctionsPolicy\":\"https:\\\/\\\/www.alpis.fr\\\/mentions-legales\\\/\"}]}<\/script>\n<!-- \/ Yoast SEO Premium plugin. -->","yoast_head_json":{"title":"Pagamento - Alpis Tradu\u00e7\u00e3o e Interpreta\u00e7\u00e3o","description":"P\u00e1gina de confirma\u00e7\u00e3o de pagamento da Alpis Tradu\u00e7\u00e3o e Interpreta\u00e7\u00e3o","robots":{"index":"noindex","follow":"nofollow"},"og_locale":"pt_PT","og_type":"article","og_title":"Pagamento","og_description":"P\u00e1gina de confirma\u00e7\u00e3o de pagamento da Alpis Tradu\u00e7\u00e3o e Interpreta\u00e7\u00e3o","og_url":"https:\/\/www.alpis.fr\/pt-pt\/pagamento\/","og_site_name":"Alpis Tradu\u00e7\u00e3o e Interpreta\u00e7\u00e3o","article_publisher":"https:\/\/www.facebook.com\/alpisfr\/","article_modified_time":"2024-10-16T09:49:12+00:00","og_image":[{"width":730,"height":50,"url":"https:\/\/www.alpis.fr\/cdn-cgi\/image\/quality=80,format=auto,onerror=redirect,metadata=none\/wp-content\/uploads\/2023\/07\/payment-methods.jpg","type":"image\/jpeg"}],"twitter_card":"summary_large_image","twitter_site":"@AlpisParis","twitter_misc":{"Tempo estimado de leitura":"1 minuto"},"schema":{"@context":"https:\/\/schema.org","@graph":[{"@type":"WebPage","@id":"https:\/\/www.alpis.fr\/pt-pt\/pagamento\/","url":"https:\/\/www.alpis.fr\/pt-pt\/pagamento\/","name":"Pagamento - Alpis Tradu\u00e7\u00e3o e Interpreta\u00e7\u00e3o","isPartOf":{"@id":"https:\/\/www.alpis.fr\/pt-pt\/#website"},"primaryImageOfPage":{"@id":"https:\/\/www.alpis.fr\/pt-pt\/pagamento\/#primaryimage"},"image":{"@id":"https:\/\/www.alpis.fr\/pt-pt\/pagamento\/#primaryimage"},"thumbnailUrl":"https:\/\/www.alpis.fr\/wp-content\/uploads\/2023\/07\/payment-methods.jpg","datePublished":"2022-06-22T07:20:31+00:00","dateModified":"2024-10-16T09:49:12+00:00","description":"P\u00e1gina de confirma\u00e7\u00e3o de pagamento da Alpis Tradu\u00e7\u00e3o e Interpreta\u00e7\u00e3o","inLanguage":"pt-PT","potentialAction":[{"@type":"ReadAction","target":["https:\/\/www.alpis.fr\/pt-pt\/pagamento\/"]}]},{"@type":"ImageObject","inLanguage":"pt-PT","@id":"https:\/\/www.alpis.fr\/pt-pt\/pagamento\/#primaryimage","url":"https:\/\/www.alpis.fr\/wp-content\/uploads\/2023\/07\/payment-methods.jpg","contentUrl":"https:\/\/www.alpis.fr\/wp-content\/uploads\/2023\/07\/payment-methods.jpg"},{"@type":"WebSite","@id":"https:\/\/www.alpis.fr\/pt-pt\/#website","url":"https:\/\/www.alpis.fr\/pt-pt\/","name":"Alpis Traduction et Interpr\u00e9tation","description":"A ag\u00eancia de tradu\u00e7\u00e3o ao servi\u00e7o da sua ascens\u00e3o internacional","publisher":{"@id":"https:\/\/www.alpis.fr\/pt-pt\/#organization"},"potentialAction":[{"@type":"SearchAction","target":{"@type":"EntryPoint","urlTemplate":"https:\/\/www.alpis.fr\/pt-pt\/?s={search_term_string}"},"query-input":{"@type":"PropertyValueSpecification","valueRequired":true,"valueName":"search_term_string"}}],"inLanguage":"pt-PT"},{"@type":"Organization","@id":"https:\/\/www.alpis.fr\/pt-pt\/#organization","name":"Alpis Traduction et Interpr\u00e9tation","alternateName":"Alpis","url":"https:\/\/www.alpis.fr\/pt-pt\/","logo":{"@type":"ImageObject","inLanguage":"pt-PT","@id":"https:\/\/www.alpis.fr\/pt-pt\/#\/schema\/logo\/image\/","url":"https:\/\/www.alpis.fr\/wp-content\/uploads\/2022\/06\/LogoPreviewFB1200x630.jpg","contentUrl":"https:\/\/www.alpis.fr\/wp-content\/uploads\/2022\/06\/LogoPreviewFB1200x630.jpg","width":1200,"height":630,"caption":"Alpis Traduction et Interpr\u00e9tation"},"image":{"@id":"https:\/\/www.alpis.fr\/pt-pt\/#\/schema\/logo\/image\/"},"sameAs":["https:\/\/www.facebook.com\/alpisfr\/","https:\/\/x.com\/AlpisParis","https:\/\/www.linkedin.com\/company\/alpis","https:\/\/twitter.com\/AlpisParis"],"email":"contact@alpis.fr","telephone":"+33973037000","legalName":"Alpis Traduction et Interpr\u00e9tation SAS","foundingDate":"2014-03-06","vatID":"FR52801253543","taxID":"80125354300012","numberOfEmployees":{"@type":"QuantitativeValue","minValue":"1","maxValue":"10"},"actionableFeedbackPolicy":"https:\/\/www.alpis.fr\/mentions-legales\/","correctionsPolicy":"https:\/\/www.alpis.fr\/mentions-legales\/"}]}},"_links":{"self":[{"href":"https:\/\/www.alpis.fr\/pt-pt\/wp-json\/wp\/v2\/pages\/9781","targetHints":{"allow":["GET"]}}],"collection":[{"href":"https:\/\/www.alpis.fr\/pt-pt\/wp-json\/wp\/v2\/pages"}],"about":[{"href":"https:\/\/www.alpis.fr\/pt-pt\/wp-json\/wp\/v2\/types\/page"}],"author":[{"embeddable":true,"href":"https:\/\/www.alpis.fr\/pt-pt\/wp-json\/wp\/v2\/users\/25"}],"replies":[{"embeddable":true,"href":"https:\/\/www.alpis.fr\/pt-pt\/wp-json\/wp\/v2\/comments?post=9781"}],"version-history":[{"count":0,"href":"https:\/\/www.alpis.fr\/pt-pt\/wp-json\/wp\/v2\/pages\/9781\/revisions"}],"wp:attachment":[{"href":"https:\/\/www.alpis.fr\/pt-pt\/wp-json\/wp\/v2\/media?parent=9781"}],"curies":[{"name":"wp","href":"https:\/\/api.w.org\/{rel}","templated":true}]}}