{"id":7492,"date":"2022-01-27T09:25:06","date_gmt":"2022-01-27T08:25:06","guid":{"rendered":"https:\/\/www.alpis.fr\/mencoes-legais\/"},"modified":"2024-10-17T12:08:46","modified_gmt":"2024-10-17T10:08:46","slug":"mencoes-legais","status":"publish","type":"page","link":"https:\/\/www.alpis.fr\/pt-pt\/mencoes-legais\/","title":{"rendered":"Aviso legal"},"content":{"rendered":"\t\t<div data-elementor-type=\"wp-page\" data-elementor-id=\"7492\" class=\"elementor elementor-7492 elementor-612\" data-elementor-post-type=\"page\">\n\t\t\t\t\t\t<section class=\" elementor-section elementor-top-section elementor-element elementor-element-3bfbeeaa alpha-section-stretched elementor-section-boxed elementor-section-height-default elementor-section-height-default wpr-jarallax-no wpr-sticky-section-no\" data-id=\"3bfbeeaa\" data-element_type=\"section\" data-e-type=\"section\">\r\n\t\t\t\t\t\t\t\t<div class=\"elementor-container elementor-column-gap-default\">\r\n\t\t\t\t\r\n\t\t\t\t\t\t\t\t<div class=\" elementor-column elementor-col-100 elementor-top-column elementor-element elementor-element-1abf2ad0 \" data-id=\"1abf2ad0\" data-element_type=\"column\" data-e-type=\"column\">\r\n\r\n\t\t\t\t\r\n\t\t\t\t<div class=\"elementor-widget-wrap elementor-element-populated\">\r\n\t\t\t\t\t\t\t\t\t\t\r\n\t\t\t\t\t\t<div class=\"elementor-element elementor-element-8600c09 eael-dual-header-content-align-center elementor-widget elementor-widget-eael-dual-color-header\" data-id=\"8600c09\" data-element_type=\"widget\" data-e-type=\"widget\" data-widget_type=\"eael-dual-color-header.default\">\n\t\t\t\t\t\t\t\t<div class=\"eael-dual-header\">\n\t\t\t\t<h1 class=\"title eael-dch-title\"><span class=\"eael-dch-title-text eael-dch-title-lead lead solid-color\">Aviso legal<\/span> <span class=\"eael-dch-title-text\"><\/span><\/h1><div class=\"eael-dch-separator-wrap\"><span class=\"separator-one\"><\/span>\n\t\t\t<span class=\"separator-two\"><\/span><\/div>\t\t\t<\/div>\n\n\t\t\t\t\t\t<\/div>\n\t\t\t\t<div class=\"elementor-element elementor-element-20a4a366 elementor-widget elementor-widget-spacer\" data-id=\"20a4a366\" data-element_type=\"widget\" data-e-type=\"widget\" data-widget_type=\"spacer.default\">\n\t\t\t\t\t\t\t<div class=\"elementor-spacer\">\n\t\t\t<div class=\"elementor-spacer-inner\"><\/div>\n\t\t<\/div>\n\t\t\t\t\t\t<\/div>\n\t\t\t\t<div class=\"elementor-element elementor-element-13a73a5 elementor-widget elementor-widget-image\" data-id=\"13a73a5\" data-element_type=\"widget\" data-e-type=\"widget\" data-widget_type=\"image.default\">\n\t\t\t\t\t\t\t\t\t\t\t\t\t\t\t<img width=\"1200\" height=\"200\" decoding=\"async\" src=\"\/cdn-cgi\/image\/quality=80,format=auto,onerror=redirect,metadata=none\/wp-content\/uploads\/elementor\/thumbs\/Mentions_legales_7-pqcoc970lkm3m5q1t1bopjgygbjxgfqu88t3cx9eq8.jpg\" title=\"Mentions l\u00e9gales\" alt=\"Mentions l\u00e9gales d&#039;Alpis\" loading=\"lazy\" \/>\t\t\t\t\t\t\t\t\t\t\t\t\t\t\t<\/div>\n\t\t\t\t<div class=\"elementor-element elementor-element-9a620ac elementor-widget elementor-widget-spacer\" data-id=\"9a620ac\" data-element_type=\"widget\" data-e-type=\"widget\" data-widget_type=\"spacer.default\">\n\t\t\t\t\t\t\t<div class=\"elementor-spacer\">\n\t\t\t<div class=\"elementor-spacer-inner\"><\/div>\n\t\t<\/div>\n\t\t\t\t\t\t<\/div>\n\t\t\t\t<div class=\"elementor-element elementor-element-57e614f1 elementor-widget elementor-widget-text-editor\" data-id=\"57e614f1\" data-element_type=\"widget\" data-e-type=\"widget\" data-widget_type=\"text-editor.default\">\n\t\t\t\t\t\t\t\t\t<h3>Termos e Condi\u00e7\u00f5es de utiliza\u00e7\u00e3o<\/h3>\n<p>Ao utilizar o s\u00edtio da <a title=\"Accueil\" href=\"https:\/\/www.alpis.fr\/pt-pt\/\">Alpis Tradu\u00e7\u00e3o e Interpreta\u00e7\u00e3o<\/a>, aceita plenamente e completamente os termos e condi\u00e7\u00f5es de utiliza\u00e7\u00e3o indicados nos termos e condi\u00e7\u00f5es aqui mencionados.<\/p>\n<h3>Produtos e servi\u00e7os propostos<\/h3>\n<p>Em acordo com a nossa pol\u00edtica de comunica\u00e7\u00e3o, o presente s\u00edtio tem por voca\u00e7\u00e3o informar os utilizadores em rela\u00e7\u00e3o aos servi\u00e7os propostos pela Alpis que se esfor\u00e7a por fornecer informa\u00e7\u00f5es exatas em rela\u00e7\u00e3o \u00e0 sua atividade. No entanto, inexatid\u00f5es ou omiss\u00f5es podem existir. Nenhuma garantia expressa ou impl\u00edcita, \u00e9 dada em rela\u00e7\u00e3o \u00e0 natureza das informa\u00e7\u00f5es fornecidas, nem em rela\u00e7\u00e3o \u00e0 sua adequa\u00e7\u00e3o para uma finalidade espec\u00edfica. O mesmo acontece em rela\u00e7\u00e3o aos produtos a que estas informa\u00e7\u00f5es dizem respeito.<\/p>\n<h3>Dados pessoais<\/h3>\n<p>Os dados pessoais que poder\u00edamos come\u00e7ar a recolher seriam exclusivamente destinados a Alpis de forma a permitir-lhe usufruir dos servi\u00e7os oferecidos pelo s\u00edtio. Qualquer utilizador que tenha depositado, informa\u00e7\u00f5es diretamente ou indiretamente nominativas, no nosso servi\u00e7o, pode pedir ao administrador do servi\u00e7o a comunica\u00e7\u00e3o das informa\u00e7\u00f5es nominativas que lhe dizem respeito e de modific\u00e1-las, se for caso disso, em conformidade com a lei Francesa No 78-17 de 6 de janeiro de 1978 relativa \u00e0 inform\u00e1tica, aos arquivos e \u00e0s liberdades.<\/p>\n<h3>Hiperliga\u00e7\u00f5es<\/h3>\n<p>Alpis \u2013 Tradu\u00e7\u00e3o e interpreta\u00e7\u00e3o recusa formalmente qualquer responsabilidade em rela\u00e7\u00e3o ao conte\u00fado dos s\u00edtios para os quais oferece hiperliga\u00e7\u00f5es. As hiperliga\u00e7\u00f5es s\u00e3o propostas aos utilizadores do s\u00edtio Alpis como servi\u00e7o. A decis\u00e3o de ativar as hiperliga\u00e7\u00f5es pertence exclusivamente aos utilizadores da internet. Os riscos ligados \u00e0 utiliza\u00e7\u00e3o deste s\u00edtio pertence completamente aos seus utilizadores.<\/p>\n<h3>Direitos autorais<\/h3>\n<p>O conjunto de textos e ilustra\u00e7\u00f5es presentes neste s\u00edtio est\u00e3o sujeitos a direitos autorais. A reprodu\u00e7\u00e3o para fins pessoais \u00e9 aceita, mas a modifica\u00e7\u00e3o e difus\u00e3o n\u00e3o autorizada \u00e9 proibida.<\/p>\n<h3>Cr\u00e9dito fotogr\u00e1fico<\/h3>\n<p>Photot\u00e9ca Alpis, Canstockphoto, Shutterstock, Fotolia Realizado, concebido e desenhado pelas equipas internas da Alpis. Direito aplic\u00e1vel e lei abrangida Submetido ao direito franc\u00eas, o presente s\u00edtio \u00e9 enquadrado pela lei n\u00b0 2004-2005 de 21 de junho de 2004 para o car\u00e1cter confidencial da economia digital, artigo L.335-2 do C\u00f3digo da Propriedade Intelectual e a lei \u00abinform\u00e1tica e liberdades\u00bb do 6 de janeiro de 1978 modificada em 2004.<\/p>\n<h3>Empresa editora do s\u00edtio<\/h3>\n<p>Alpis SAS<br \/>\n801 253 543 RCS Paris<br \/>\nN\u00b0 IVA FR52801253543<\/p>\n<p><strong>Sede social<\/strong> :<br \/>\n13 Bis avenue de la Motte-Picquet<br \/>\n75 007 Paris<br \/>\nFran\u00e7a<\/p>\n\t\t\t\t\t\t\t\t<\/div>\n\t\t\t\t\t\t<\/div>\r\n\t\t\t\t<\/div>\r\n\t\t\t\t\t\t\t\t<\/div>\r\n\t\t\t<\/section>\r\n\t\t\t\t\t<\/div>\n\t\t","protected":false},"excerpt":{"rendered":"<p>Aviso legal Termos e Condi\u00e7\u00f5es de utiliza\u00e7\u00e3o Ao utilizar o s\u00edtio da Alpis Tradu\u00e7\u00e3o e Interpreta\u00e7\u00e3o, aceita plenamente e completamente os termos e condi\u00e7\u00f5es de utiliza\u00e7\u00e3o indicados nos termos e condi\u00e7\u00f5es aqui mencionados. Produtos e servi\u00e7os propostos Em acordo com a nossa pol\u00edtica de comunica\u00e7\u00e3o, o presente s\u00edtio tem por voca\u00e7\u00e3o informar os utilizadores em rela\u00e7\u00e3o aos servi\u00e7os propostos pela Alpis que se esfor\u00e7a por fornecer informa\u00e7\u00f5es exatas em rela\u00e7\u00e3o \u00e0 sua atividade. No entanto, inexatid\u00f5es ou omiss\u00f5es podem existir. Nenhuma garantia expressa ou impl\u00edcita, \u00e9 dada em rela\u00e7\u00e3o \u00e0 natureza das informa\u00e7\u00f5es fornecidas, nem em rela\u00e7\u00e3o \u00e0 sua adequa\u00e7\u00e3o para uma finalidade espec\u00edfica. O mesmo acontece em rela\u00e7\u00e3o aos produtos a que estas informa\u00e7\u00f5es dizem respeito. Dados pessoais Os dados pessoais que poder\u00edamos come\u00e7ar a recolher seriam exclusivamente destinados a Alpis de forma a permitir-lhe usufruir dos servi\u00e7os oferecidos pelo s\u00edtio. Qualquer utilizador que tenha depositado, informa\u00e7\u00f5es diretamente ou indiretamente nominativas, no nosso servi\u00e7o, pode pedir ao administrador do servi\u00e7o a comunica\u00e7\u00e3o das informa\u00e7\u00f5es nominativas que lhe dizem respeito e de modific\u00e1-las, se for caso disso, em conformidade com a lei Francesa No 78-17 de 6 de janeiro de 1978 relativa \u00e0 inform\u00e1tica, aos arquivos e \u00e0s liberdades. Hiperliga\u00e7\u00f5es Alpis \u2013 Tradu\u00e7\u00e3o e interpreta\u00e7\u00e3o recusa formalmente qualquer responsabilidade em rela\u00e7\u00e3o ao conte\u00fado dos s\u00edtios para os quais oferece hiperliga\u00e7\u00f5es. As hiperliga\u00e7\u00f5es s\u00e3o propostas aos utilizadores do s\u00edtio Alpis como servi\u00e7o. A decis\u00e3o de ativar as hiperliga\u00e7\u00f5es pertence exclusivamente aos utilizadores da internet. Os riscos ligados \u00e0 utiliza\u00e7\u00e3o deste s\u00edtio pertence completamente aos seus utilizadores. Direitos autorais O conjunto de textos e ilustra\u00e7\u00f5es presentes neste s\u00edtio est\u00e3o sujeitos a direitos autorais. A reprodu\u00e7\u00e3o para fins pessoais \u00e9 aceita, mas a modifica\u00e7\u00e3o e difus\u00e3o n\u00e3o autorizada \u00e9 proibida. Cr\u00e9dito fotogr\u00e1fico Photot\u00e9ca Alpis, Canstockphoto, Shutterstock, Fotolia Realizado, concebido e desenhado pelas equipas internas da Alpis. Direito aplic\u00e1vel e lei abrangida Submetido ao direito franc\u00eas, o presente s\u00edtio \u00e9 enquadrado pela lei n\u00b0 2004-2005 de 21 de junho de 2004 para o car\u00e1cter confidencial da economia digital, artigo L.335-2 do C\u00f3digo da Propriedade Intelectual e a lei \u00abinform\u00e1tica e liberdades\u00bb do 6 de janeiro de 1978 modificada em 2004. Empresa editora do s\u00edtio Alpis SAS 801 253 543 RCS Paris N\u00b0 IVA FR52801253543 Sede social : 13 Bis avenue de la Motte-Picquet 75 007 Paris Fran\u00e7a<\/p>\n","protected":false},"author":25,"featured_media":0,"parent":0,"menu_order":0,"comment_status":"closed","ping_status":"closed","template":"","meta":{"footnotes":""},"class_list":["post-7492","page","type-page","status-publish","hentry"],"yoast_head":"<!-- This site is optimized with the Yoast SEO Premium plugin v27.3 (Yoast SEO v27.3) - https:\/\/yoast.com\/product\/yoast-seo-premium-wordpress\/ -->\n<title>Men\u00e7\u00f5es legais - Alpis Tradu\u00e7\u00e3o y Interpreta\u00e7\u00e3o<\/title>\n<meta name=\"description\" content=\"Na Alpis Tradu\u00e7\u00e3o e Interpreta\u00e7\u00e3o, protegemos seus dados da melhor maneira poss\u00edvel. Saiba mais em nossos avisos legais.\" \/>\n<meta name=\"robots\" content=\"index, follow, max-snippet:-1, max-image-preview:large, max-video-preview:-1\" \/>\n<link rel=\"canonical\" href=\"https:\/\/www.alpis.fr\/pt-pt\/mencoes-legais\/\" \/>\n<meta property=\"og:locale\" content=\"pt_PT\" \/>\n<meta property=\"og:type\" content=\"article\" \/>\n<meta property=\"og:title\" content=\"Aviso legal - Alpis Tradu\u00e7\u00e3o e Interpreta\u00e7\u00e3o\" \/>\n<meta property=\"og:description\" content=\"Na Alpis Tradu\u00e7\u00e3o e Interpreta\u00e7\u00e3o, protegemos seus dados da melhor maneira poss\u00edvel. Saiba mais em nossos avisos legais.\" \/>\n<meta property=\"og:url\" content=\"https:\/\/www.alpis.fr\/pt-pt\/mencoes-legais\/\" \/>\n<meta property=\"og:site_name\" content=\"Alpis Tradu\u00e7\u00e3o e Interpreta\u00e7\u00e3o\" \/>\n<meta property=\"article:publisher\" content=\"https:\/\/www.facebook.com\/alpisfr\/\" \/>\n<meta property=\"article:modified_time\" content=\"2024-10-17T10:08:46+00:00\" \/>\n<meta property=\"og:image\" content=\"https:\/\/www.alpis.fr\/wp-content\/uploads\/elementor\/thumbs\/Mentions_legales_7-pqcoc970lkm3m5q1t1bopjgygbjxgfqu88t3cx9eq8.jpg\" \/>\n<meta name=\"twitter:card\" content=\"summary_large_image\" \/>\n<meta name=\"twitter:title\" content=\"Aviso legal - Alpis Tradu\u00e7\u00e3o e Interpreta\u00e7\u00e3o\" \/>\n<meta name=\"twitter:site\" content=\"@AlpisParis\" \/>\n<meta name=\"twitter:label1\" content=\"Tempo estimado de leitura\" \/>\n\t<meta name=\"twitter:data1\" content=\"3 minutos\" \/>\n<script type=\"application\/ld+json\" class=\"yoast-schema-graph\">{\"@context\":\"https:\\\/\\\/schema.org\",\"@graph\":[{\"@type\":\"WebPage\",\"@id\":\"https:\\\/\\\/www.alpis.fr\\\/pt-pt\\\/mencoes-legais\\\/\",\"url\":\"https:\\\/\\\/www.alpis.fr\\\/pt-pt\\\/mencoes-legais\\\/\",\"name\":\"Men\u00e7\u00f5es legais - Alpis Tradu\u00e7\u00e3o y Interpreta\u00e7\u00e3o\",\"isPartOf\":{\"@id\":\"https:\\\/\\\/www.alpis.fr\\\/pt-pt\\\/#website\"},\"primaryImageOfPage\":{\"@id\":\"https:\\\/\\\/www.alpis.fr\\\/pt-pt\\\/mencoes-legais\\\/#primaryimage\"},\"image\":{\"@id\":\"https:\\\/\\\/www.alpis.fr\\\/pt-pt\\\/mencoes-legais\\\/#primaryimage\"},\"thumbnailUrl\":\"https:\\\/\\\/www.alpis.fr\\\/wp-content\\\/uploads\\\/elementor\\\/thumbs\\\/Mentions_legales_7-pqcoc970lkm3m5q1t1bopjgygbjxgfqu88t3cx9eq8.jpg\",\"datePublished\":\"2022-01-27T08:25:06+00:00\",\"dateModified\":\"2024-10-17T10:08:46+00:00\",\"description\":\"Na Alpis Tradu\u00e7\u00e3o e Interpreta\u00e7\u00e3o, protegemos seus dados da melhor maneira poss\u00edvel. Saiba mais em nossos avisos legais.\",\"inLanguage\":\"pt-PT\",\"potentialAction\":[{\"@type\":\"ReadAction\",\"target\":[\"https:\\\/\\\/www.alpis.fr\\\/pt-pt\\\/mencoes-legais\\\/\"]}]},{\"@type\":\"ImageObject\",\"inLanguage\":\"pt-PT\",\"@id\":\"https:\\\/\\\/www.alpis.fr\\\/pt-pt\\\/mencoes-legais\\\/#primaryimage\",\"url\":\"https:\\\/\\\/www.alpis.fr\\\/wp-content\\\/uploads\\\/elementor\\\/thumbs\\\/Mentions_legales_7-pqcoc970lkm3m5q1t1bopjgygbjxgfqu88t3cx9eq8.jpg\",\"contentUrl\":\"https:\\\/\\\/www.alpis.fr\\\/wp-content\\\/uploads\\\/elementor\\\/thumbs\\\/Mentions_legales_7-pqcoc970lkm3m5q1t1bopjgygbjxgfqu88t3cx9eq8.jpg\"},{\"@type\":\"WebSite\",\"@id\":\"https:\\\/\\\/www.alpis.fr\\\/pt-pt\\\/#website\",\"url\":\"https:\\\/\\\/www.alpis.fr\\\/pt-pt\\\/\",\"name\":\"Alpis Traduction et Interpr\u00e9tation\",\"description\":\"A ag\u00eancia de tradu\u00e7\u00e3o ao servi\u00e7o da sua ascens\u00e3o internacional\",\"publisher\":{\"@id\":\"https:\\\/\\\/www.alpis.fr\\\/pt-pt\\\/#organization\"},\"potentialAction\":[{\"@type\":\"SearchAction\",\"target\":{\"@type\":\"EntryPoint\",\"urlTemplate\":\"https:\\\/\\\/www.alpis.fr\\\/pt-pt\\\/?s={search_term_string}\"},\"query-input\":{\"@type\":\"PropertyValueSpecification\",\"valueRequired\":true,\"valueName\":\"search_term_string\"}}],\"inLanguage\":\"pt-PT\"},{\"@type\":\"Organization\",\"@id\":\"https:\\\/\\\/www.alpis.fr\\\/pt-pt\\\/#organization\",\"name\":\"Alpis Traduction et Interpr\u00e9tation\",\"alternateName\":\"Alpis\",\"url\":\"https:\\\/\\\/www.alpis.fr\\\/pt-pt\\\/\",\"logo\":{\"@type\":\"ImageObject\",\"inLanguage\":\"pt-PT\",\"@id\":\"https:\\\/\\\/www.alpis.fr\\\/pt-pt\\\/#\\\/schema\\\/logo\\\/image\\\/\",\"url\":\"https:\\\/\\\/www.alpis.fr\\\/wp-content\\\/uploads\\\/2022\\\/06\\\/LogoPreviewFB1200x630.jpg\",\"contentUrl\":\"https:\\\/\\\/www.alpis.fr\\\/wp-content\\\/uploads\\\/2022\\\/06\\\/LogoPreviewFB1200x630.jpg\",\"width\":1200,\"height\":630,\"caption\":\"Alpis Traduction et Interpr\u00e9tation\"},\"image\":{\"@id\":\"https:\\\/\\\/www.alpis.fr\\\/pt-pt\\\/#\\\/schema\\\/logo\\\/image\\\/\"},\"sameAs\":[\"https:\\\/\\\/www.facebook.com\\\/alpisfr\\\/\",\"https:\\\/\\\/x.com\\\/AlpisParis\",\"https:\\\/\\\/www.linkedin.com\\\/company\\\/alpis\",\"https:\\\/\\\/twitter.com\\\/AlpisParis\"],\"email\":\"contact@alpis.fr\",\"telephone\":\"+33973037000\",\"legalName\":\"Alpis Traduction et Interpr\u00e9tation SAS\",\"foundingDate\":\"2014-03-06\",\"vatID\":\"FR52801253543\",\"taxID\":\"80125354300012\",\"numberOfEmployees\":{\"@type\":\"QuantitativeValue\",\"minValue\":\"1\",\"maxValue\":\"10\"},\"actionableFeedbackPolicy\":\"https:\\\/\\\/www.alpis.fr\\\/mentions-legales\\\/\",\"correctionsPolicy\":\"https:\\\/\\\/www.alpis.fr\\\/mentions-legales\\\/\"}]}<\/script>\n<!-- \/ Yoast SEO Premium plugin. -->","yoast_head_json":{"title":"Men\u00e7\u00f5es legais - Alpis Tradu\u00e7\u00e3o y Interpreta\u00e7\u00e3o","description":"Na Alpis Tradu\u00e7\u00e3o e Interpreta\u00e7\u00e3o, protegemos seus dados da melhor maneira poss\u00edvel. Saiba mais em nossos avisos legais.","robots":{"index":"index","follow":"follow","max-snippet":"max-snippet:-1","max-image-preview":"max-image-preview:large","max-video-preview":"max-video-preview:-1"},"canonical":"https:\/\/www.alpis.fr\/pt-pt\/mencoes-legais\/","og_locale":"pt_PT","og_type":"article","og_title":"Aviso legal - Alpis Tradu\u00e7\u00e3o e Interpreta\u00e7\u00e3o","og_description":"Na Alpis Tradu\u00e7\u00e3o e Interpreta\u00e7\u00e3o, protegemos seus dados da melhor maneira poss\u00edvel. Saiba mais em nossos avisos legais.","og_url":"https:\/\/www.alpis.fr\/pt-pt\/mencoes-legais\/","og_site_name":"Alpis Tradu\u00e7\u00e3o e Interpreta\u00e7\u00e3o","article_publisher":"https:\/\/www.facebook.com\/alpisfr\/","article_modified_time":"2024-10-17T10:08:46+00:00","og_image":[{"url":"https:\/\/www.alpis.fr\/wp-content\/uploads\/elementor\/thumbs\/Mentions_legales_7-pqcoc970lkm3m5q1t1bopjgygbjxgfqu88t3cx9eq8.jpg","type":"","width":"","height":""}],"twitter_card":"summary_large_image","twitter_title":"Aviso legal - Alpis Tradu\u00e7\u00e3o e Interpreta\u00e7\u00e3o","twitter_site":"@AlpisParis","twitter_misc":{"Tempo estimado de leitura":"3 minutos"},"schema":{"@context":"https:\/\/schema.org","@graph":[{"@type":"WebPage","@id":"https:\/\/www.alpis.fr\/pt-pt\/mencoes-legais\/","url":"https:\/\/www.alpis.fr\/pt-pt\/mencoes-legais\/","name":"Men\u00e7\u00f5es legais - Alpis Tradu\u00e7\u00e3o y Interpreta\u00e7\u00e3o","isPartOf":{"@id":"https:\/\/www.alpis.fr\/pt-pt\/#website"},"primaryImageOfPage":{"@id":"https:\/\/www.alpis.fr\/pt-pt\/mencoes-legais\/#primaryimage"},"image":{"@id":"https:\/\/www.alpis.fr\/pt-pt\/mencoes-legais\/#primaryimage"},"thumbnailUrl":"https:\/\/www.alpis.fr\/wp-content\/uploads\/elementor\/thumbs\/Mentions_legales_7-pqcoc970lkm3m5q1t1bopjgygbjxgfqu88t3cx9eq8.jpg","datePublished":"2022-01-27T08:25:06+00:00","dateModified":"2024-10-17T10:08:46+00:00","description":"Na Alpis Tradu\u00e7\u00e3o e Interpreta\u00e7\u00e3o, protegemos seus dados da melhor maneira poss\u00edvel. Saiba mais em nossos avisos legais.","inLanguage":"pt-PT","potentialAction":[{"@type":"ReadAction","target":["https:\/\/www.alpis.fr\/pt-pt\/mencoes-legais\/"]}]},{"@type":"ImageObject","inLanguage":"pt-PT","@id":"https:\/\/www.alpis.fr\/pt-pt\/mencoes-legais\/#primaryimage","url":"https:\/\/www.alpis.fr\/wp-content\/uploads\/elementor\/thumbs\/Mentions_legales_7-pqcoc970lkm3m5q1t1bopjgygbjxgfqu88t3cx9eq8.jpg","contentUrl":"https:\/\/www.alpis.fr\/wp-content\/uploads\/elementor\/thumbs\/Mentions_legales_7-pqcoc970lkm3m5q1t1bopjgygbjxgfqu88t3cx9eq8.jpg"},{"@type":"WebSite","@id":"https:\/\/www.alpis.fr\/pt-pt\/#website","url":"https:\/\/www.alpis.fr\/pt-pt\/","name":"Alpis Traduction et Interpr\u00e9tation","description":"A ag\u00eancia de tradu\u00e7\u00e3o ao servi\u00e7o da sua ascens\u00e3o internacional","publisher":{"@id":"https:\/\/www.alpis.fr\/pt-pt\/#organization"},"potentialAction":[{"@type":"SearchAction","target":{"@type":"EntryPoint","urlTemplate":"https:\/\/www.alpis.fr\/pt-pt\/?s={search_term_string}"},"query-input":{"@type":"PropertyValueSpecification","valueRequired":true,"valueName":"search_term_string"}}],"inLanguage":"pt-PT"},{"@type":"Organization","@id":"https:\/\/www.alpis.fr\/pt-pt\/#organization","name":"Alpis Traduction et Interpr\u00e9tation","alternateName":"Alpis","url":"https:\/\/www.alpis.fr\/pt-pt\/","logo":{"@type":"ImageObject","inLanguage":"pt-PT","@id":"https:\/\/www.alpis.fr\/pt-pt\/#\/schema\/logo\/image\/","url":"https:\/\/www.alpis.fr\/wp-content\/uploads\/2022\/06\/LogoPreviewFB1200x630.jpg","contentUrl":"https:\/\/www.alpis.fr\/wp-content\/uploads\/2022\/06\/LogoPreviewFB1200x630.jpg","width":1200,"height":630,"caption":"Alpis Traduction et Interpr\u00e9tation"},"image":{"@id":"https:\/\/www.alpis.fr\/pt-pt\/#\/schema\/logo\/image\/"},"sameAs":["https:\/\/www.facebook.com\/alpisfr\/","https:\/\/x.com\/AlpisParis","https:\/\/www.linkedin.com\/company\/alpis","https:\/\/twitter.com\/AlpisParis"],"email":"contact@alpis.fr","telephone":"+33973037000","legalName":"Alpis Traduction et Interpr\u00e9tation SAS","foundingDate":"2014-03-06","vatID":"FR52801253543","taxID":"80125354300012","numberOfEmployees":{"@type":"QuantitativeValue","minValue":"1","maxValue":"10"},"actionableFeedbackPolicy":"https:\/\/www.alpis.fr\/mentions-legales\/","correctionsPolicy":"https:\/\/www.alpis.fr\/mentions-legales\/"}]}},"_links":{"self":[{"href":"https:\/\/www.alpis.fr\/pt-pt\/wp-json\/wp\/v2\/pages\/7492","targetHints":{"allow":["GET"]}}],"collection":[{"href":"https:\/\/www.alpis.fr\/pt-pt\/wp-json\/wp\/v2\/pages"}],"about":[{"href":"https:\/\/www.alpis.fr\/pt-pt\/wp-json\/wp\/v2\/types\/page"}],"author":[{"embeddable":true,"href":"https:\/\/www.alpis.fr\/pt-pt\/wp-json\/wp\/v2\/users\/25"}],"replies":[{"embeddable":true,"href":"https:\/\/www.alpis.fr\/pt-pt\/wp-json\/wp\/v2\/comments?post=7492"}],"version-history":[{"count":0,"href":"https:\/\/www.alpis.fr\/pt-pt\/wp-json\/wp\/v2\/pages\/7492\/revisions"}],"wp:attachment":[{"href":"https:\/\/www.alpis.fr\/pt-pt\/wp-json\/wp\/v2\/media?parent=7492"}],"curies":[{"name":"wp","href":"https:\/\/api.w.org\/{rel}","templated":true}]}}