{"id":7488,"date":"2022-01-27T09:25:54","date_gmt":"2022-01-27T08:25:54","guid":{"rendered":"https:\/\/www.alpis.fr\/condicoes-gerais-de-utilizacao\/"},"modified":"2024-10-15T09:28:40","modified_gmt":"2024-10-15T07:28:40","slug":"condicoes-gerais-de-utilizacao","status":"publish","type":"page","link":"https:\/\/www.alpis.fr\/pt-pt\/condicoes-gerais-de-utilizacao\/","title":{"rendered":"Condi\u00e7\u00f5es gerais de utiliza\u00e7\u00e3o"},"content":{"rendered":"\t\t<div data-elementor-type=\"wp-page\" data-elementor-id=\"7488\" class=\"elementor elementor-7488 elementor-616\" data-elementor-post-type=\"page\">\n\t\t\t\t\t\t<section class=\" elementor-section elementor-top-section elementor-element elementor-element-6bf6a96c alpha-section-stretched elementor-section-boxed elementor-section-height-default elementor-section-height-default wpr-jarallax-no wpr-sticky-section-no\" data-id=\"6bf6a96c\" data-element_type=\"section\" data-e-type=\"section\">\r\n\t\t\t\t\t\t\t\t<div class=\"elementor-container elementor-column-gap-default\">\r\n\t\t\t\t\r\n\t\t\t\t\t\t\t\t<div class=\" elementor-column elementor-col-100 elementor-top-column elementor-element elementor-element-35f44802 \" data-id=\"35f44802\" data-element_type=\"column\" data-e-type=\"column\">\r\n\r\n\t\t\t\t\r\n\t\t\t\t<div class=\"elementor-widget-wrap elementor-element-populated\">\r\n\t\t\t\t\t\t\t\t\t\t\r\n\t\t\t\t\t\t<div class=\"elementor-element elementor-element-e6db67b eael-dual-header-content-align-center elementor-widget elementor-widget-eael-dual-color-header\" data-id=\"e6db67b\" data-element_type=\"widget\" data-e-type=\"widget\" data-widget_type=\"eael-dual-color-header.default\">\n\t\t\t\t\t\t\t\t<div class=\"eael-dual-header\">\n\t\t\t\t<h1 class=\"title eael-dch-title\"><span class=\"eael-dch-title-text eael-dch-title-lead lead solid-color\">Condi\u00e7\u00f5es gerais de utiliza\u00e7\u00e3o<\/span> <span class=\"eael-dch-title-text\"><\/span><\/h1><div class=\"eael-dch-separator-wrap\"><span class=\"separator-one\"><\/span>\n\t\t\t<span class=\"separator-two\"><\/span><\/div>\t\t\t<\/div>\n\n\t\t\t\t\t\t<\/div>\n\t\t\t\t<div class=\"elementor-element elementor-element-5f134cae elementor-widget elementor-widget-spacer\" data-id=\"5f134cae\" data-element_type=\"widget\" data-e-type=\"widget\" data-widget_type=\"spacer.default\">\n\t\t\t\t\t\t\t<div class=\"elementor-spacer\">\n\t\t\t<div class=\"elementor-spacer-inner\"><\/div>\n\t\t<\/div>\n\t\t\t\t\t\t<\/div>\n\t\t\t\t<section class=\" elementor-section elementor-inner-section elementor-element elementor-element-683ee4a elementor-section-boxed elementor-section-height-default elementor-section-height-default wpr-jarallax-no wpr-sticky-section-no\" data-id=\"683ee4a\" data-element_type=\"section\" data-e-type=\"section\">\r\n\t\t\t\t\t\t\t\t<div class=\"elementor-container elementor-column-gap-default\">\r\n\t\t\t\t\r\n\t\t\t\t\t\t\t\t<div class=\" elementor-column elementor-col-50 elementor-inner-column elementor-element elementor-element-77c6c7b \" data-id=\"77c6c7b\" data-element_type=\"column\" data-e-type=\"column\">\r\n\r\n\t\t\t\t\r\n\t\t\t\t<div class=\"elementor-widget-wrap elementor-element-populated\">\r\n\t\t\t\t\t\t\t\t\t\t\r\n\t\t\t\t\t\t<div class=\"elementor-element elementor-element-ab36015 elementor-widget elementor-widget-text-editor\" data-id=\"ab36015\" data-element_type=\"widget\" data-e-type=\"widget\" data-widget_type=\"text-editor.default\">\n\t\t\t\t\t\t\t\t\t<p>Condi\u00e7\u00f5es gerais de Alpis Traduc\u00e3o e Interpreta\u00e7\u00e3o<\/p>\n\t\t\t\t\t\t\t\t<\/div>\n\t\t\t\t\t\t<\/div>\r\n\t\t\t\t<\/div>\r\n\t\t\t\t\t\t\t\t\t<div class=\" elementor-column elementor-col-50 elementor-inner-column elementor-element elementor-element-bc9ed54 \" data-id=\"bc9ed54\" data-element_type=\"column\" data-e-type=\"column\">\r\n\r\n\t\t\t\t\r\n\t\t\t\t<div class=\"elementor-widget-wrap elementor-element-populated\">\r\n\t\t\t\t\t\t\t\t\t\t\r\n\t\t\t\t\t\t<div class=\"elementor-element elementor-element-2134662 elementor-widget elementor-widget-image\" data-id=\"2134662\" data-element_type=\"widget\" data-e-type=\"widget\" data-widget_type=\"image.default\">\n\t\t\t\t\t\t\t\t\t\t\t\t\t\t\t<img fetchpriority=\"high\" decoding=\"async\" width=\"1024\" height=\"538\" src=\"\/cdn-cgi\/image\/width=1200,height=630,fit=crop,quality=80,format=auto,onerror=redirect,metadata=none\/wp-content\/uploads\/2022\/06\/LogoPreviewFB1200x630.jpg\" class=\"attachment-large size-large wp-image-3751\" alt=\"Alpis Traduction et Interpr\u00e9tation ds\" srcset=\"\/cdn-cgi\/image\/width=1200,height=630,fit=crop,quality=80,format=auto,onerror=redirect,metadata=none\/wp-content\/uploads\/2022\/06\/LogoPreviewFB1200x630.jpg 1024w, \/cdn-cgi\/image\/width=1200,height=630,fit=crop,quality=80,format=auto,onerror=redirect,metadata=none\/wp-content\/uploads\/2022\/06\/LogoPreviewFB1200x630.jpg 768w\" sizes=\"(max-width: 1024px) 100vw, 1024px\" \/>\t\t\t\t\t\t\t\t\t\t\t\t\t\t\t<\/div>\n\t\t\t\t\t\t<\/div>\r\n\t\t\t\t<\/div>\r\n\t\t\t\t\t\t\t\t<\/div>\r\n\t\t\t<\/section>\r\n\t\t\t\t\t\t\t<\/div>\r\n\t\t\t\t<\/div>\r\n\t\t\t\t\t\t\t\t<\/div>\r\n\t\t\t<\/section>\r\n\t\t\t\t\t<\/div>\n\t\t","protected":false},"excerpt":{"rendered":"<p>Condi\u00e7\u00f5es gerais de utiliza\u00e7\u00e3o Condi\u00e7\u00f5es gerais de Alpis Traduc\u00e3o e Interpreta\u00e7\u00e3o<\/p>\n","protected":false},"author":25,"featured_media":0,"parent":0,"menu_order":0,"comment_status":"closed","ping_status":"closed","template":"","meta":{"footnotes":""},"class_list":["post-7488","page","type-page","status-publish","hentry"],"yoast_head":"<!-- This site is optimized with the Yoast SEO Premium plugin v27.3 (Yoast SEO v27.3) - https:\/\/yoast.com\/product\/yoast-seo-premium-wordpress\/ -->\n<title>Condi\u00e7\u00f5es gerais de utiliza\u00e7\u00e3o - Alpis Tradu\u00e7\u00e3o e Interpreta\u00e7\u00e3o<\/title>\n<meta name=\"description\" content=\"Empresa editora do s\u00edtio Alpis SAS 801 253 543 RCS Paris N\u00b0 TVA FR52801253543 Sede social : 13 Bis avenue de la Motte-Picquet 75 007 Paris Fran\u00e7a (rez-de-Ch\u00e3o ao n\u00edvel da rua).\" \/>\n<meta name=\"robots\" content=\"index, follow, max-snippet:-1, max-image-preview:large, max-video-preview:-1\" \/>\n<link rel=\"canonical\" href=\"https:\/\/www.alpis.fr\/pt-pt\/condicoes-gerais-de-utilizacao\/\" \/>\n<meta property=\"og:locale\" content=\"pt_PT\" \/>\n<meta property=\"og:type\" content=\"article\" \/>\n<meta property=\"og:title\" content=\"Condi\u00e7\u00f5es gerais de utiliza\u00e7\u00e3o\" \/>\n<meta property=\"og:description\" content=\"Empresa editora do s\u00edtio Alpis SAS 801 253 543 RCS Paris N\u00b0 TVA FR52801253543 Sede social : 13 Bis avenue de la Motte-Picquet 75 007 Paris Fran\u00e7a (rez-de-Ch\u00e3o ao n\u00edvel da rua).\" \/>\n<meta property=\"og:url\" content=\"https:\/\/www.alpis.fr\/pt-pt\/condicoes-gerais-de-utilizacao\/\" \/>\n<meta property=\"og:site_name\" content=\"Alpis Tradu\u00e7\u00e3o e Interpreta\u00e7\u00e3o\" \/>\n<meta property=\"article:publisher\" content=\"https:\/\/www.facebook.com\/alpisfr\/\" \/>\n<meta property=\"article:modified_time\" content=\"2024-10-15T07:28:40+00:00\" \/>\n<meta property=\"og:image\" content=\"https:\/\/www.alpis.fr\/cdn-cgi\/image\/width=1200,height=630,fit=crop,quality=80,format=auto,onerror=redirect,metadata=none\/wp-content\/uploads\/2022\/06\/LogoPreviewFB1200x630.jpg\" \/>\n\t<meta property=\"og:image:width\" content=\"1200\" \/>\n\t<meta property=\"og:image:height\" content=\"630\" \/>\n\t<meta property=\"og:image:type\" content=\"image\/jpeg\" \/>\n<meta name=\"twitter:card\" content=\"summary_large_image\" \/>\n<meta name=\"twitter:site\" content=\"@AlpisParis\" \/>\n<meta name=\"twitter:label1\" content=\"Tempo estimado de leitura\" \/>\n\t<meta name=\"twitter:data1\" content=\"1 minuto\" \/>\n<script type=\"application\/ld+json\" class=\"yoast-schema-graph\">{\"@context\":\"https:\\\/\\\/schema.org\",\"@graph\":[{\"@type\":\"WebPage\",\"@id\":\"https:\\\/\\\/www.alpis.fr\\\/pt-pt\\\/condicoes-gerais-de-utilizacao\\\/\",\"url\":\"https:\\\/\\\/www.alpis.fr\\\/pt-pt\\\/condicoes-gerais-de-utilizacao\\\/\",\"name\":\"Condi\u00e7\u00f5es gerais de utiliza\u00e7\u00e3o - Alpis Tradu\u00e7\u00e3o e Interpreta\u00e7\u00e3o\",\"isPartOf\":{\"@id\":\"https:\\\/\\\/www.alpis.fr\\\/pt-pt\\\/#website\"},\"primaryImageOfPage\":{\"@id\":\"https:\\\/\\\/www.alpis.fr\\\/pt-pt\\\/condicoes-gerais-de-utilizacao\\\/#primaryimage\"},\"image\":{\"@id\":\"https:\\\/\\\/www.alpis.fr\\\/pt-pt\\\/condicoes-gerais-de-utilizacao\\\/#primaryimage\"},\"thumbnailUrl\":\"https:\\\/\\\/www.alpis.fr\\\/wp-content\\\/uploads\\\/2022\\\/06\\\/LogoPreviewFB1200x630-1024x538.jpg\",\"datePublished\":\"2022-01-27T08:25:54+00:00\",\"dateModified\":\"2024-10-15T07:28:40+00:00\",\"description\":\"Empresa editora do s\u00edtio Alpis SAS 801 253 543 RCS Paris N\u00b0 TVA FR52801253543 Sede social : 13 Bis avenue de la Motte-Picquet 75 007 Paris Fran\u00e7a (rez-de-Ch\u00e3o ao n\u00edvel da rua).\",\"inLanguage\":\"pt-PT\",\"potentialAction\":[{\"@type\":\"ReadAction\",\"target\":[\"https:\\\/\\\/www.alpis.fr\\\/pt-pt\\\/condicoes-gerais-de-utilizacao\\\/\"]}]},{\"@type\":\"ImageObject\",\"inLanguage\":\"pt-PT\",\"@id\":\"https:\\\/\\\/www.alpis.fr\\\/pt-pt\\\/condicoes-gerais-de-utilizacao\\\/#primaryimage\",\"url\":\"https:\\\/\\\/www.alpis.fr\\\/wp-content\\\/uploads\\\/2022\\\/06\\\/LogoPreviewFB1200x630-1024x538.jpg\",\"contentUrl\":\"https:\\\/\\\/www.alpis.fr\\\/wp-content\\\/uploads\\\/2022\\\/06\\\/LogoPreviewFB1200x630-1024x538.jpg\"},{\"@type\":\"WebSite\",\"@id\":\"https:\\\/\\\/www.alpis.fr\\\/pt-pt\\\/#website\",\"url\":\"https:\\\/\\\/www.alpis.fr\\\/pt-pt\\\/\",\"name\":\"Alpis Traduction et Interpr\u00e9tation\",\"description\":\"A ag\u00eancia de tradu\u00e7\u00e3o ao servi\u00e7o da sua ascens\u00e3o internacional\",\"publisher\":{\"@id\":\"https:\\\/\\\/www.alpis.fr\\\/pt-pt\\\/#organization\"},\"potentialAction\":[{\"@type\":\"SearchAction\",\"target\":{\"@type\":\"EntryPoint\",\"urlTemplate\":\"https:\\\/\\\/www.alpis.fr\\\/pt-pt\\\/?s={search_term_string}\"},\"query-input\":{\"@type\":\"PropertyValueSpecification\",\"valueRequired\":true,\"valueName\":\"search_term_string\"}}],\"inLanguage\":\"pt-PT\"},{\"@type\":\"Organization\",\"@id\":\"https:\\\/\\\/www.alpis.fr\\\/pt-pt\\\/#organization\",\"name\":\"Alpis Traduction et Interpr\u00e9tation\",\"alternateName\":\"Alpis\",\"url\":\"https:\\\/\\\/www.alpis.fr\\\/pt-pt\\\/\",\"logo\":{\"@type\":\"ImageObject\",\"inLanguage\":\"pt-PT\",\"@id\":\"https:\\\/\\\/www.alpis.fr\\\/pt-pt\\\/#\\\/schema\\\/logo\\\/image\\\/\",\"url\":\"https:\\\/\\\/www.alpis.fr\\\/wp-content\\\/uploads\\\/2022\\\/06\\\/LogoPreviewFB1200x630.jpg\",\"contentUrl\":\"https:\\\/\\\/www.alpis.fr\\\/wp-content\\\/uploads\\\/2022\\\/06\\\/LogoPreviewFB1200x630.jpg\",\"width\":1200,\"height\":630,\"caption\":\"Alpis Traduction et Interpr\u00e9tation\"},\"image\":{\"@id\":\"https:\\\/\\\/www.alpis.fr\\\/pt-pt\\\/#\\\/schema\\\/logo\\\/image\\\/\"},\"sameAs\":[\"https:\\\/\\\/www.facebook.com\\\/alpisfr\\\/\",\"https:\\\/\\\/x.com\\\/AlpisParis\",\"https:\\\/\\\/www.linkedin.com\\\/company\\\/alpis\",\"https:\\\/\\\/twitter.com\\\/AlpisParis\"],\"email\":\"contact@alpis.fr\",\"telephone\":\"+33973037000\",\"legalName\":\"Alpis Traduction et Interpr\u00e9tation SAS\",\"foundingDate\":\"2014-03-06\",\"vatID\":\"FR52801253543\",\"taxID\":\"80125354300012\",\"numberOfEmployees\":{\"@type\":\"QuantitativeValue\",\"minValue\":\"1\",\"maxValue\":\"10\"},\"actionableFeedbackPolicy\":\"https:\\\/\\\/www.alpis.fr\\\/mentions-legales\\\/\",\"correctionsPolicy\":\"https:\\\/\\\/www.alpis.fr\\\/mentions-legales\\\/\"}]}<\/script>\n<!-- \/ Yoast SEO Premium plugin. -->","yoast_head_json":{"title":"Condi\u00e7\u00f5es gerais de utiliza\u00e7\u00e3o - Alpis Tradu\u00e7\u00e3o e Interpreta\u00e7\u00e3o","description":"Empresa editora do s\u00edtio Alpis SAS 801 253 543 RCS Paris N\u00b0 TVA FR52801253543 Sede social : 13 Bis avenue de la Motte-Picquet 75 007 Paris Fran\u00e7a (rez-de-Ch\u00e3o ao n\u00edvel da rua).","robots":{"index":"index","follow":"follow","max-snippet":"max-snippet:-1","max-image-preview":"max-image-preview:large","max-video-preview":"max-video-preview:-1"},"canonical":"https:\/\/www.alpis.fr\/pt-pt\/condicoes-gerais-de-utilizacao\/","og_locale":"pt_PT","og_type":"article","og_title":"Condi\u00e7\u00f5es gerais de utiliza\u00e7\u00e3o","og_description":"Empresa editora do s\u00edtio Alpis SAS 801 253 543 RCS Paris N\u00b0 TVA FR52801253543 Sede social : 13 Bis avenue de la Motte-Picquet 75 007 Paris Fran\u00e7a (rez-de-Ch\u00e3o ao n\u00edvel da rua).","og_url":"https:\/\/www.alpis.fr\/pt-pt\/condicoes-gerais-de-utilizacao\/","og_site_name":"Alpis Tradu\u00e7\u00e3o e Interpreta\u00e7\u00e3o","article_publisher":"https:\/\/www.facebook.com\/alpisfr\/","article_modified_time":"2024-10-15T07:28:40+00:00","og_image":[{"width":1200,"height":630,"url":"https:\/\/www.alpis.fr\/cdn-cgi\/image\/width=1200,height=630,fit=crop,quality=80,format=auto,onerror=redirect,metadata=none\/wp-content\/uploads\/2022\/06\/LogoPreviewFB1200x630.jpg","type":"image\/jpeg"}],"twitter_card":"summary_large_image","twitter_site":"@AlpisParis","twitter_misc":{"Tempo estimado de leitura":"1 minuto"},"schema":{"@context":"https:\/\/schema.org","@graph":[{"@type":"WebPage","@id":"https:\/\/www.alpis.fr\/pt-pt\/condicoes-gerais-de-utilizacao\/","url":"https:\/\/www.alpis.fr\/pt-pt\/condicoes-gerais-de-utilizacao\/","name":"Condi\u00e7\u00f5es gerais de utiliza\u00e7\u00e3o - Alpis Tradu\u00e7\u00e3o e Interpreta\u00e7\u00e3o","isPartOf":{"@id":"https:\/\/www.alpis.fr\/pt-pt\/#website"},"primaryImageOfPage":{"@id":"https:\/\/www.alpis.fr\/pt-pt\/condicoes-gerais-de-utilizacao\/#primaryimage"},"image":{"@id":"https:\/\/www.alpis.fr\/pt-pt\/condicoes-gerais-de-utilizacao\/#primaryimage"},"thumbnailUrl":"https:\/\/www.alpis.fr\/wp-content\/uploads\/2022\/06\/LogoPreviewFB1200x630-1024x538.jpg","datePublished":"2022-01-27T08:25:54+00:00","dateModified":"2024-10-15T07:28:40+00:00","description":"Empresa editora do s\u00edtio Alpis SAS 801 253 543 RCS Paris N\u00b0 TVA FR52801253543 Sede social : 13 Bis avenue de la Motte-Picquet 75 007 Paris Fran\u00e7a (rez-de-Ch\u00e3o ao n\u00edvel da rua).","inLanguage":"pt-PT","potentialAction":[{"@type":"ReadAction","target":["https:\/\/www.alpis.fr\/pt-pt\/condicoes-gerais-de-utilizacao\/"]}]},{"@type":"ImageObject","inLanguage":"pt-PT","@id":"https:\/\/www.alpis.fr\/pt-pt\/condicoes-gerais-de-utilizacao\/#primaryimage","url":"https:\/\/www.alpis.fr\/wp-content\/uploads\/2022\/06\/LogoPreviewFB1200x630-1024x538.jpg","contentUrl":"https:\/\/www.alpis.fr\/wp-content\/uploads\/2022\/06\/LogoPreviewFB1200x630-1024x538.jpg"},{"@type":"WebSite","@id":"https:\/\/www.alpis.fr\/pt-pt\/#website","url":"https:\/\/www.alpis.fr\/pt-pt\/","name":"Alpis Traduction et Interpr\u00e9tation","description":"A ag\u00eancia de tradu\u00e7\u00e3o ao servi\u00e7o da sua ascens\u00e3o internacional","publisher":{"@id":"https:\/\/www.alpis.fr\/pt-pt\/#organization"},"potentialAction":[{"@type":"SearchAction","target":{"@type":"EntryPoint","urlTemplate":"https:\/\/www.alpis.fr\/pt-pt\/?s={search_term_string}"},"query-input":{"@type":"PropertyValueSpecification","valueRequired":true,"valueName":"search_term_string"}}],"inLanguage":"pt-PT"},{"@type":"Organization","@id":"https:\/\/www.alpis.fr\/pt-pt\/#organization","name":"Alpis Traduction et Interpr\u00e9tation","alternateName":"Alpis","url":"https:\/\/www.alpis.fr\/pt-pt\/","logo":{"@type":"ImageObject","inLanguage":"pt-PT","@id":"https:\/\/www.alpis.fr\/pt-pt\/#\/schema\/logo\/image\/","url":"https:\/\/www.alpis.fr\/wp-content\/uploads\/2022\/06\/LogoPreviewFB1200x630.jpg","contentUrl":"https:\/\/www.alpis.fr\/wp-content\/uploads\/2022\/06\/LogoPreviewFB1200x630.jpg","width":1200,"height":630,"caption":"Alpis Traduction et Interpr\u00e9tation"},"image":{"@id":"https:\/\/www.alpis.fr\/pt-pt\/#\/schema\/logo\/image\/"},"sameAs":["https:\/\/www.facebook.com\/alpisfr\/","https:\/\/x.com\/AlpisParis","https:\/\/www.linkedin.com\/company\/alpis","https:\/\/twitter.com\/AlpisParis"],"email":"contact@alpis.fr","telephone":"+33973037000","legalName":"Alpis Traduction et Interpr\u00e9tation SAS","foundingDate":"2014-03-06","vatID":"FR52801253543","taxID":"80125354300012","numberOfEmployees":{"@type":"QuantitativeValue","minValue":"1","maxValue":"10"},"actionableFeedbackPolicy":"https:\/\/www.alpis.fr\/mentions-legales\/","correctionsPolicy":"https:\/\/www.alpis.fr\/mentions-legales\/"}]}},"_links":{"self":[{"href":"https:\/\/www.alpis.fr\/pt-pt\/wp-json\/wp\/v2\/pages\/7488","targetHints":{"allow":["GET"]}}],"collection":[{"href":"https:\/\/www.alpis.fr\/pt-pt\/wp-json\/wp\/v2\/pages"}],"about":[{"href":"https:\/\/www.alpis.fr\/pt-pt\/wp-json\/wp\/v2\/types\/page"}],"author":[{"embeddable":true,"href":"https:\/\/www.alpis.fr\/pt-pt\/wp-json\/wp\/v2\/users\/25"}],"replies":[{"embeddable":true,"href":"https:\/\/www.alpis.fr\/pt-pt\/wp-json\/wp\/v2\/comments?post=7488"}],"version-history":[{"count":0,"href":"https:\/\/www.alpis.fr\/pt-pt\/wp-json\/wp\/v2\/pages\/7488\/revisions"}],"wp:attachment":[{"href":"https:\/\/www.alpis.fr\/pt-pt\/wp-json\/wp\/v2\/media?parent=7488"}],"curies":[{"name":"wp","href":"https:\/\/api.w.org\/{rel}","templated":true}]}}