{"id":10225,"date":"2022-01-26T11:27:50","date_gmt":"2022-01-26T10:27:50","guid":{"rendered":"https:\/\/www.alpis.fr\/nossas-atualidades\/"},"modified":"2024-10-17T10:57:56","modified_gmt":"2024-10-17T08:57:56","slug":"nossas-atualidades","status":"publish","type":"page","link":"https:\/\/www.alpis.fr\/pt-pt\/nossas-atualidades\/","title":{"rendered":"Nossas atualidades"},"content":{"rendered":"\t\t<div data-elementor-type=\"wp-page\" data-elementor-id=\"10225\" class=\"elementor elementor-10225 elementor-500\" data-elementor-post-type=\"page\">\n\t\t\t\t\t\t<section class=\" elementor-section elementor-top-section elementor-element elementor-element-43b3c38 alpha-section-stretched elementor-section-boxed elementor-section-height-default elementor-section-height-default wpr-jarallax-no wpr-sticky-section-no\" data-id=\"43b3c38\" data-element_type=\"section\" data-e-type=\"section\">\r\n\t\t\t\t\t\t\t\t<div class=\"elementor-container elementor-column-gap-default\">\r\n\t\t\t\t\r\n\t\t\t\t\t\t\t\t<div class=\" elementor-column elementor-col-100 elementor-top-column elementor-element elementor-element-866a133 \" data-id=\"866a133\" data-element_type=\"column\" data-e-type=\"column\">\r\n\r\n\t\t\t\t\r\n\t\t\t\t<div class=\"elementor-widget-wrap elementor-element-populated\">\r\n\t\t\t\t\t\t\t\t\t\t\r\n\t\t\t\t\t\t<div class=\"elementor-element elementor-element-cf4aaa1 eael-dual-header-content-align-center elementor-widget elementor-widget-eael-dual-color-header\" data-id=\"cf4aaa1\" data-element_type=\"widget\" data-e-type=\"widget\" data-widget_type=\"eael-dual-color-header.default\">\n\t\t\t\t\t\t\t\t<div class=\"eael-dual-header\">\n\t\t\t\t<h1 class=\"title eael-dch-title\"><span class=\"eael-dch-title-text eael-dch-title-lead lead solid-color\">Nossas atualidades<\/span> <span class=\"eael-dch-title-text\"><\/span><\/h1><div class=\"eael-dch-separator-wrap\"><span class=\"separator-one\"><\/span>\n\t\t\t<span class=\"separator-two\"><\/span><\/div>\t\t\t<\/div>\n\n\t\t\t\t\t\t<\/div>\n\t\t\t\t<div class=\"elementor-element elementor-element-ac5fef7 elementor-widget elementor-widget-spacer\" data-id=\"ac5fef7\" data-element_type=\"widget\" data-e-type=\"widget\" data-widget_type=\"spacer.default\">\n\t\t\t\t\t\t\t<div class=\"elementor-spacer\">\n\t\t\t<div class=\"elementor-spacer-inner\"><\/div>\n\t\t<\/div>\n\t\t\t\t\t\t<\/div>\n\t\t\t\t<div class=\"elementor-element elementor-element-cd72b5f elementor-widget elementor-widget-text-editor\" data-id=\"cd72b5f\" data-element_type=\"widget\" data-e-type=\"widget\" data-widget_type=\"text-editor.default\">\n\t\t\t\t\t\t\t\t\t<p>Encontre aqui <strong>todas as atualidades<\/strong> da Alpis Tradu\u00e7\u00e3o e Interpreta\u00e7\u00e3o em portugu\u00eas: informa\u00e7\u00f5es sobre <strong>nossas ag\u00eancias<\/strong>, nossos servi\u00e7os, nossos produtos, assim como artigos relacionados \u00e0 empresa e aos <strong>setores de atividade<\/strong> e <strong>\u00e1reas de especializa\u00e7\u00e3o<\/strong>. Use as bandeiras no topo da p\u00e1gina para atualidades em outros idiomas.<\/p>\n\t\t\t\t\t\t\t\t<\/div>\n\t\t\t\t<div class=\"elementor-element elementor-element-fe50928 elementor-widget elementor-widget-spacer\" data-id=\"fe50928\" data-element_type=\"widget\" data-e-type=\"widget\" data-widget_type=\"spacer.default\">\n\t\t\t\t\t\t\t<div class=\"elementor-spacer\">\n\t\t\t<div class=\"elementor-spacer-inner\"><\/div>\n\t\t<\/div>\n\t\t\t\t\t\t<\/div>\n\t\t\t\t\t\t<\/div>\r\n\t\t\t\t<\/div>\r\n\t\t\t\t\t\t\t\t<\/div>\r\n\t\t\t<\/section>\r\n\t\t\t\t\t<\/div>\n\t\t","protected":false},"excerpt":{"rendered":"<p>Nossas atualidades Encontre aqui todas as atualidades da Alpis Tradu\u00e7\u00e3o e Interpreta\u00e7\u00e3o em portugu\u00eas: informa\u00e7\u00f5es sobre nossas ag\u00eancias, nossos servi\u00e7os, nossos produtos, assim como artigos relacionados \u00e0 empresa e aos setores de atividade e \u00e1reas de especializa\u00e7\u00e3o. Use as bandeiras no topo da p\u00e1gina para atualidades em outros idiomas. 11\/10\/2024 Actualit\u00e9s g\u00e9n\u00e9rales Journ\u00e9e mondiale de la traduction Qu\u2019est-ce que c\u2019est la \u00ab Journ\u00e9e mondiale de la traduction \u00bb ? La Journ\u00e9e mondiale\u2026 par Alpis Traduction et Interpr\u00e9tation 0 11\/10\/2024 Actualit\u00e9s g\u00e9n\u00e9rales IA vs Traduction humaine : avantages et limites L&#8217;intelligence artificielle dans le monde de la traduction Dans l\u2019introduction de notre s\u00e9rie d\u2019articles li\u00e9s\u2026 par Alpis Traduction et Interpr\u00e9tation 0 20\/09\/2024 Actualit\u00e9s g\u00e9n\u00e9rales Introduction \u00e0 l&#8217;intelligence artificielle (IA) dans la traduction Nous abordons une s\u00e9rie d&#8217;articles d\u00e9di\u00e9s \u00e0 l&#8217;intelligence artificielle dans la traduction par Alpis Traduction et Interpr\u00e9tation 1 17\/09\/2024 Actualit\u00e9s g\u00e9n\u00e9rales C&#8217;est la rentr\u00e9e de l&#8217;agence de traduction Alpis ! La rentr\u00e9e chez Alpis, c&#8217;est des nouveaux collaborateurs et comp\u00e9tences, une \u00e9quipe \u00e9largie toujours \u00e0\u2026 par Alpis Traduction et Interpr\u00e9tation 1 12\/09\/2024 Actualit\u00e9s g\u00e9n\u00e9rales Rentr\u00e9e 2024\/25 Bien rentr\u00e9s\u00a0! Comment se sont pass\u00e9es vos vacances ? Septembre, place aux retours, aux nouveaux\u2026 par Alpis Traduction et Interpr\u00e9tation 0 29\/08\/2023 Actualit\u00e9s g\u00e9n\u00e9rales Service de traduction Comment choisir son agence de traduction Pour mieux choisir et \u00e9viter toute situation limitant votre d\u00e9veloppement, nous vous offrons des conseils\u2026 par Alpis Traduction et Interpr\u00e9tation 12 03\/07\/2023 Actualit\u00e9s g\u00e9n\u00e9rales Le Festival d&#8217;Avignon met l&#8217;anglais \u00e0 l&#8217;honneur et la diversit\u00e9 linguistique Le Festival d&#8217;Avignon, l&#8217;un des \u00e9v\u00e9nements culturels les plus prestigieux au monde, rev\u00eat cette ann\u00e9e\u2026 par Alpis Traduction et Interpr\u00e9tation 11 20\/08\/2022 Service de traduction La traduction technique : rendre la complexit\u00e9 accessible La traduction technique est une comp\u00e9tence essentielle dans le monde moderne de la traduction, et\u2026 par Alpis Traduction et Interpr\u00e9tation 11 15\/08\/2022 Ouverture d&#8217;agence Votre agence de traduction passe la fronti\u00e8re et ouvre \u00e0 Milan son 1er bureau italien Benvenuto in Italia ! Ca y est, Alpis passe le pas de l&#8217;international en ouvrant\u2026 par Alpis Traduction et Interpr\u00e9tation 11<\/p>\n","protected":false},"author":25,"featured_media":12811,"parent":0,"menu_order":0,"comment_status":"closed","ping_status":"closed","template":"elementor_theme","meta":{"footnotes":""},"class_list":["post-10225","page","type-page","status-publish","has-post-thumbnail","hentry"],"yoast_head":"<!-- This site is optimized with the Yoast SEO Premium plugin v27.3 (Yoast SEO v27.3) - https:\/\/yoast.com\/product\/yoast-seo-premium-wordpress\/ -->\n<title>Nossas atualidades - Alpis Tradu\u00e7\u00e3o e Interpreta\u00e7\u00e3o<\/title>\n<meta name=\"description\" content=\"Todas as atualidades da Alpis Tradu\u00e7\u00e3o e Interpreta\u00e7\u00e3o: informa\u00e7\u00f5es sobre nossas ag\u00eancias, nossos servi\u00e7os, nossos produtos, \u00e1reas de especializa\u00e7\u00e3o...\" \/>\n<meta name=\"robots\" content=\"index, follow, max-snippet:-1, max-image-preview:large, max-video-preview:-1\" \/>\n<link rel=\"canonical\" href=\"https:\/\/www.alpis.fr\/pt-pt\/nossas-atualidades\/\" \/>\n<meta property=\"og:locale\" content=\"pt_PT\" \/>\n<meta property=\"og:type\" content=\"article\" \/>\n<meta property=\"og:title\" content=\"Nossas atualidades\" \/>\n<meta property=\"og:description\" content=\"Todas as atualidades da Alpis Tradu\u00e7\u00e3o e Interpreta\u00e7\u00e3o: informa\u00e7\u00f5es sobre nossas ag\u00eancias, nossos servi\u00e7os, nossos produtos, \u00e1reas de especializa\u00e7\u00e3o...\" \/>\n<meta property=\"og:url\" content=\"https:\/\/www.alpis.fr\/pt-pt\/nossas-atualidades\/\" \/>\n<meta property=\"og:site_name\" content=\"Alpis Tradu\u00e7\u00e3o e Interpreta\u00e7\u00e3o\" \/>\n<meta property=\"article:publisher\" content=\"https:\/\/www.facebook.com\/alpisfr\/\" \/>\n<meta property=\"article:modified_time\" content=\"2024-10-17T08:57:56+00:00\" \/>\n<meta property=\"og:image\" content=\"https:\/\/www.alpis.fr\/wp-content\/uploads\/2023\/07\/nos-actualites-journal-cafe-ordinateur.jpg\" \/>\n\t<meta property=\"og:image:width\" content=\"400\" \/>\n\t<meta property=\"og:image:height\" content=\"267\" \/>\n\t<meta property=\"og:image:type\" content=\"image\/jpeg\" \/>\n<meta name=\"twitter:card\" content=\"summary_large_image\" \/>\n<meta name=\"twitter:site\" content=\"@AlpisParis\" \/>\n<meta name=\"twitter:label1\" content=\"Tempo estimado de leitura\" \/>\n\t<meta name=\"twitter:data1\" content=\"1 minuto\" \/>\n<script type=\"application\/ld+json\" class=\"yoast-schema-graph\">{\"@context\":\"https:\\\/\\\/schema.org\",\"@graph\":[{\"@type\":\"WebPage\",\"@id\":\"https:\\\/\\\/www.alpis.fr\\\/pt-pt\\\/nossas-atualidades\\\/\",\"url\":\"https:\\\/\\\/www.alpis.fr\\\/pt-pt\\\/nossas-atualidades\\\/\",\"name\":\"Nossas atualidades - Alpis Tradu\u00e7\u00e3o e Interpreta\u00e7\u00e3o\",\"isPartOf\":{\"@id\":\"https:\\\/\\\/www.alpis.fr\\\/pt-pt\\\/#website\"},\"primaryImageOfPage\":{\"@id\":\"https:\\\/\\\/www.alpis.fr\\\/pt-pt\\\/nossas-atualidades\\\/#primaryimage\"},\"image\":{\"@id\":\"https:\\\/\\\/www.alpis.fr\\\/pt-pt\\\/nossas-atualidades\\\/#primaryimage\"},\"thumbnailUrl\":\"\\\/cdn-cgi\\\/image\\\/quality=80,format=auto,onerror=redirect,metadata=none\\\/wp-content\\\/uploads\\\/2023\\\/07\\\/nos-actualites-journal-cafe-ordinateur.jpg\",\"datePublished\":\"2022-01-26T10:27:50+00:00\",\"dateModified\":\"2024-10-17T08:57:56+00:00\",\"description\":\"Todas as atualidades da Alpis Tradu\u00e7\u00e3o e Interpreta\u00e7\u00e3o: informa\u00e7\u00f5es sobre nossas ag\u00eancias, nossos servi\u00e7os, nossos produtos, \u00e1reas de especializa\u00e7\u00e3o...\",\"inLanguage\":\"pt-PT\",\"potentialAction\":[{\"@type\":\"ReadAction\",\"target\":[\"https:\\\/\\\/www.alpis.fr\\\/pt-pt\\\/nossas-atualidades\\\/\"]}]},{\"@type\":\"ImageObject\",\"inLanguage\":\"pt-PT\",\"@id\":\"https:\\\/\\\/www.alpis.fr\\\/pt-pt\\\/nossas-atualidades\\\/#primaryimage\",\"url\":\"\\\/cdn-cgi\\\/image\\\/quality=80,format=auto,onerror=redirect,metadata=none\\\/wp-content\\\/uploads\\\/2023\\\/07\\\/nos-actualites-journal-cafe-ordinateur.jpg\",\"contentUrl\":\"\\\/cdn-cgi\\\/image\\\/quality=80,format=auto,onerror=redirect,metadata=none\\\/wp-content\\\/uploads\\\/2023\\\/07\\\/nos-actualites-journal-cafe-ordinateur.jpg\",\"width\":400,\"height\":267,\"caption\":\"Prenons un caf\u00e9 pour discuter des actualit\u00e9s d'Alpis\"},{\"@type\":\"WebSite\",\"@id\":\"https:\\\/\\\/www.alpis.fr\\\/pt-pt\\\/#website\",\"url\":\"https:\\\/\\\/www.alpis.fr\\\/pt-pt\\\/\",\"name\":\"Alpis Traduction et Interpr\u00e9tation\",\"description\":\"A ag\u00eancia de tradu\u00e7\u00e3o ao servi\u00e7o da sua ascens\u00e3o internacional\",\"publisher\":{\"@id\":\"https:\\\/\\\/www.alpis.fr\\\/pt-pt\\\/#organization\"},\"potentialAction\":[{\"@type\":\"SearchAction\",\"target\":{\"@type\":\"EntryPoint\",\"urlTemplate\":\"https:\\\/\\\/www.alpis.fr\\\/pt-pt\\\/?s={search_term_string}\"},\"query-input\":{\"@type\":\"PropertyValueSpecification\",\"valueRequired\":true,\"valueName\":\"search_term_string\"}}],\"inLanguage\":\"pt-PT\"},{\"@type\":\"Organization\",\"@id\":\"https:\\\/\\\/www.alpis.fr\\\/pt-pt\\\/#organization\",\"name\":\"Alpis Traduction et Interpr\u00e9tation\",\"alternateName\":\"Alpis\",\"url\":\"https:\\\/\\\/www.alpis.fr\\\/pt-pt\\\/\",\"logo\":{\"@type\":\"ImageObject\",\"inLanguage\":\"pt-PT\",\"@id\":\"https:\\\/\\\/www.alpis.fr\\\/pt-pt\\\/#\\\/schema\\\/logo\\\/image\\\/\",\"url\":\"https:\\\/\\\/www.alpis.fr\\\/wp-content\\\/uploads\\\/2022\\\/06\\\/LogoPreviewFB1200x630.jpg\",\"contentUrl\":\"https:\\\/\\\/www.alpis.fr\\\/wp-content\\\/uploads\\\/2022\\\/06\\\/LogoPreviewFB1200x630.jpg\",\"width\":1200,\"height\":630,\"caption\":\"Alpis Traduction et Interpr\u00e9tation\"},\"image\":{\"@id\":\"https:\\\/\\\/www.alpis.fr\\\/pt-pt\\\/#\\\/schema\\\/logo\\\/image\\\/\"},\"sameAs\":[\"https:\\\/\\\/www.facebook.com\\\/alpisfr\\\/\",\"https:\\\/\\\/x.com\\\/AlpisParis\",\"https:\\\/\\\/www.linkedin.com\\\/company\\\/alpis\",\"https:\\\/\\\/twitter.com\\\/AlpisParis\"],\"email\":\"contact@alpis.fr\",\"telephone\":\"+33973037000\",\"legalName\":\"Alpis Traduction et Interpr\u00e9tation SAS\",\"foundingDate\":\"2014-03-06\",\"vatID\":\"FR52801253543\",\"taxID\":\"80125354300012\",\"numberOfEmployees\":{\"@type\":\"QuantitativeValue\",\"minValue\":\"1\",\"maxValue\":\"10\"},\"actionableFeedbackPolicy\":\"https:\\\/\\\/www.alpis.fr\\\/mentions-legales\\\/\",\"correctionsPolicy\":\"https:\\\/\\\/www.alpis.fr\\\/mentions-legales\\\/\"}]}<\/script>\n<!-- \/ Yoast SEO Premium plugin. -->","yoast_head_json":{"title":"Nossas atualidades - Alpis Tradu\u00e7\u00e3o e Interpreta\u00e7\u00e3o","description":"Todas as atualidades da Alpis Tradu\u00e7\u00e3o e Interpreta\u00e7\u00e3o: informa\u00e7\u00f5es sobre nossas ag\u00eancias, nossos servi\u00e7os, nossos produtos, \u00e1reas de especializa\u00e7\u00e3o...","robots":{"index":"index","follow":"follow","max-snippet":"max-snippet:-1","max-image-preview":"max-image-preview:large","max-video-preview":"max-video-preview:-1"},"canonical":"https:\/\/www.alpis.fr\/pt-pt\/nossas-atualidades\/","og_locale":"pt_PT","og_type":"article","og_title":"Nossas atualidades","og_description":"Todas as atualidades da Alpis Tradu\u00e7\u00e3o e Interpreta\u00e7\u00e3o: informa\u00e7\u00f5es sobre nossas ag\u00eancias, nossos servi\u00e7os, nossos produtos, \u00e1reas de especializa\u00e7\u00e3o...","og_url":"https:\/\/www.alpis.fr\/pt-pt\/nossas-atualidades\/","og_site_name":"Alpis Tradu\u00e7\u00e3o e Interpreta\u00e7\u00e3o","article_publisher":"https:\/\/www.facebook.com\/alpisfr\/","article_modified_time":"2024-10-17T08:57:56+00:00","og_image":[{"width":400,"height":267,"url":"https:\/\/www.alpis.fr\/wp-content\/uploads\/2023\/07\/nos-actualites-journal-cafe-ordinateur.jpg","type":"image\/jpeg"}],"twitter_card":"summary_large_image","twitter_site":"@AlpisParis","twitter_misc":{"Tempo estimado de leitura":"1 minuto"},"schema":{"@context":"https:\/\/schema.org","@graph":[{"@type":"WebPage","@id":"https:\/\/www.alpis.fr\/pt-pt\/nossas-atualidades\/","url":"https:\/\/www.alpis.fr\/pt-pt\/nossas-atualidades\/","name":"Nossas atualidades - Alpis Tradu\u00e7\u00e3o e Interpreta\u00e7\u00e3o","isPartOf":{"@id":"https:\/\/www.alpis.fr\/pt-pt\/#website"},"primaryImageOfPage":{"@id":"https:\/\/www.alpis.fr\/pt-pt\/nossas-atualidades\/#primaryimage"},"image":{"@id":"https:\/\/www.alpis.fr\/pt-pt\/nossas-atualidades\/#primaryimage"},"thumbnailUrl":"\/cdn-cgi\/image\/quality=80,format=auto,onerror=redirect,metadata=none\/wp-content\/uploads\/2023\/07\/nos-actualites-journal-cafe-ordinateur.jpg","datePublished":"2022-01-26T10:27:50+00:00","dateModified":"2024-10-17T08:57:56+00:00","description":"Todas as atualidades da Alpis Tradu\u00e7\u00e3o e Interpreta\u00e7\u00e3o: informa\u00e7\u00f5es sobre nossas ag\u00eancias, nossos servi\u00e7os, nossos produtos, \u00e1reas de especializa\u00e7\u00e3o...","inLanguage":"pt-PT","potentialAction":[{"@type":"ReadAction","target":["https:\/\/www.alpis.fr\/pt-pt\/nossas-atualidades\/"]}]},{"@type":"ImageObject","inLanguage":"pt-PT","@id":"https:\/\/www.alpis.fr\/pt-pt\/nossas-atualidades\/#primaryimage","url":"\/cdn-cgi\/image\/quality=80,format=auto,onerror=redirect,metadata=none\/wp-content\/uploads\/2023\/07\/nos-actualites-journal-cafe-ordinateur.jpg","contentUrl":"\/cdn-cgi\/image\/quality=80,format=auto,onerror=redirect,metadata=none\/wp-content\/uploads\/2023\/07\/nos-actualites-journal-cafe-ordinateur.jpg","width":400,"height":267,"caption":"Prenons un caf\u00e9 pour discuter des actualit\u00e9s d'Alpis"},{"@type":"WebSite","@id":"https:\/\/www.alpis.fr\/pt-pt\/#website","url":"https:\/\/www.alpis.fr\/pt-pt\/","name":"Alpis Traduction et Interpr\u00e9tation","description":"A ag\u00eancia de tradu\u00e7\u00e3o ao servi\u00e7o da sua ascens\u00e3o internacional","publisher":{"@id":"https:\/\/www.alpis.fr\/pt-pt\/#organization"},"potentialAction":[{"@type":"SearchAction","target":{"@type":"EntryPoint","urlTemplate":"https:\/\/www.alpis.fr\/pt-pt\/?s={search_term_string}"},"query-input":{"@type":"PropertyValueSpecification","valueRequired":true,"valueName":"search_term_string"}}],"inLanguage":"pt-PT"},{"@type":"Organization","@id":"https:\/\/www.alpis.fr\/pt-pt\/#organization","name":"Alpis Traduction et Interpr\u00e9tation","alternateName":"Alpis","url":"https:\/\/www.alpis.fr\/pt-pt\/","logo":{"@type":"ImageObject","inLanguage":"pt-PT","@id":"https:\/\/www.alpis.fr\/pt-pt\/#\/schema\/logo\/image\/","url":"https:\/\/www.alpis.fr\/wp-content\/uploads\/2022\/06\/LogoPreviewFB1200x630.jpg","contentUrl":"https:\/\/www.alpis.fr\/wp-content\/uploads\/2022\/06\/LogoPreviewFB1200x630.jpg","width":1200,"height":630,"caption":"Alpis Traduction et Interpr\u00e9tation"},"image":{"@id":"https:\/\/www.alpis.fr\/pt-pt\/#\/schema\/logo\/image\/"},"sameAs":["https:\/\/www.facebook.com\/alpisfr\/","https:\/\/x.com\/AlpisParis","https:\/\/www.linkedin.com\/company\/alpis","https:\/\/twitter.com\/AlpisParis"],"email":"contact@alpis.fr","telephone":"+33973037000","legalName":"Alpis Traduction et Interpr\u00e9tation SAS","foundingDate":"2014-03-06","vatID":"FR52801253543","taxID":"80125354300012","numberOfEmployees":{"@type":"QuantitativeValue","minValue":"1","maxValue":"10"},"actionableFeedbackPolicy":"https:\/\/www.alpis.fr\/mentions-legales\/","correctionsPolicy":"https:\/\/www.alpis.fr\/mentions-legales\/"}]}},"_links":{"self":[{"href":"https:\/\/www.alpis.fr\/pt-pt\/wp-json\/wp\/v2\/pages\/10225","targetHints":{"allow":["GET"]}}],"collection":[{"href":"https:\/\/www.alpis.fr\/pt-pt\/wp-json\/wp\/v2\/pages"}],"about":[{"href":"https:\/\/www.alpis.fr\/pt-pt\/wp-json\/wp\/v2\/types\/page"}],"author":[{"embeddable":true,"href":"https:\/\/www.alpis.fr\/pt-pt\/wp-json\/wp\/v2\/users\/25"}],"replies":[{"embeddable":true,"href":"https:\/\/www.alpis.fr\/pt-pt\/wp-json\/wp\/v2\/comments?post=10225"}],"version-history":[{"count":0,"href":"https:\/\/www.alpis.fr\/pt-pt\/wp-json\/wp\/v2\/pages\/10225\/revisions"}],"wp:featuredmedia":[{"embeddable":true,"href":"https:\/\/www.alpis.fr\/pt-pt\/wp-json\/wp\/v2\/media\/12811"}],"wp:attachment":[{"href":"https:\/\/www.alpis.fr\/pt-pt\/wp-json\/wp\/v2\/media?parent=10225"}],"curies":[{"name":"wp","href":"https:\/\/api.w.org\/{rel}","templated":true}]}}