{"id":10168,"date":"2022-01-26T11:26:06","date_gmt":"2022-01-26T10:26:06","guid":{"rendered":"https:\/\/www.alpis.fr\/as-nossas-referencias\/"},"modified":"2024-10-11T18:12:52","modified_gmt":"2024-10-11T16:12:52","slug":"as-nossas-referencias","status":"publish","type":"page","link":"https:\/\/www.alpis.fr\/pt-pt\/as-nossas-referencias\/","title":{"rendered":"As nossas refer\u00eancias"},"content":{"rendered":"\t\t<div data-elementor-type=\"wp-page\" data-elementor-id=\"10168\" class=\"elementor elementor-10168 elementor-498\" data-elementor-post-type=\"page\">\n\t\t\t\t\t\t<section class=\" elementor-section elementor-top-section elementor-element elementor-element-194ab6a7 alpha-section-stretched elementor-section-boxed elementor-section-height-default elementor-section-height-default wpr-jarallax-no wpr-sticky-section-no\" data-id=\"194ab6a7\" data-element_type=\"section\" data-e-type=\"section\">\r\n\t\t\t\t\t\t\t\t<div class=\"elementor-container elementor-column-gap-default\">\r\n\t\t\t\t\r\n\t\t\t\t\t\t\t\t<div class=\" elementor-column elementor-col-100 elementor-top-column elementor-element elementor-element-1be27531 \" data-id=\"1be27531\" data-element_type=\"column\" data-e-type=\"column\">\r\n\r\n\t\t\t\t\r\n\t\t\t\t<div class=\"elementor-widget-wrap elementor-element-populated\">\r\n\t\t\t\t\t\t\t\t\t\t\r\n\t\t\t\t\t\t<div class=\"elementor-element elementor-element-12bee7b eael-dual-header-content-align-center elementor-widget elementor-widget-eael-dual-color-header\" data-id=\"12bee7b\" data-element_type=\"widget\" data-e-type=\"widget\" data-widget_type=\"eael-dual-color-header.default\">\n\t\t\t\t\t\t\t\t<div class=\"eael-dual-header\">\n\t\t\t\t<h1 class=\"title eael-dch-title\"><span class=\"eael-dch-title-text eael-dch-title-lead lead solid-color\">As nossas refer\u00eancias<\/span> <span class=\"eael-dch-title-text\"><\/span><\/h1><div class=\"eael-dch-separator-wrap\"><span class=\"separator-one\"><\/span>\n\t\t\t<span class=\"separator-two\"><\/span><\/div>\t\t\t<\/div>\n\n\t\t\t\t\t\t<\/div>\n\t\t\t\t<div class=\"elementor-element elementor-element-60209032 elementor-widget elementor-widget-spacer\" data-id=\"60209032\" data-element_type=\"widget\" data-e-type=\"widget\" data-widget_type=\"spacer.default\">\n\t\t\t\t\t\t\t<div class=\"elementor-spacer\">\n\t\t\t<div class=\"elementor-spacer-inner\"><\/div>\n\t\t<\/div>\n\t\t\t\t\t\t<\/div>\n\t\t\t\t<div class=\"elementor-element elementor-element-1f08878e elementor-widget elementor-widget-text-editor\" data-id=\"1f08878e\" data-element_type=\"widget\" data-e-type=\"widget\" data-widget_type=\"text-editor.default\">\n\t\t\t\t\t\t\t\t\t<p><strong>Desde 2014<\/strong>, j\u00e1 h\u00e1 uma d\u00e9cada que oferecemos servi\u00e7os de consultoria lingu\u00edstica em <strong>tradu\u00e7\u00e3o e interpreta\u00e7\u00e3o<\/strong> para muitos clientes, sejam <strong>particulares, institui\u00e7\u00f5es ou profissionais, desde a PME local at\u00e9 a empresa global<\/strong>, em <a href=\"https:\/\/www.alpis.fr\/pt-pt\/lista-das-linguas-traduzidas-ou-interpretadas\/\" target=\"_blank\" rel=\"noopener\">v\u00e1rias l\u00ednguas<\/a> europeias e internacionais.<\/p>\n\t\t\t\t\t\t\t\t<\/div>\n\t\t\t\t<div class=\"elementor-element elementor-element-7723591f elementor-widget elementor-widget-spacer\" data-id=\"7723591f\" data-element_type=\"widget\" data-e-type=\"widget\" data-widget_type=\"spacer.default\">\n\t\t\t\t\t\t\t<div class=\"elementor-spacer\">\n\t\t\t<div class=\"elementor-spacer-inner\"><\/div>\n\t\t<\/div>\n\t\t\t\t\t\t<\/div>\n\t\t\t\t<section class=\" elementor-section elementor-inner-section elementor-element elementor-element-54968f9 elementor-section-boxed elementor-section-height-default elementor-section-height-default wpr-jarallax-no wpr-sticky-section-no\" data-id=\"54968f9\" data-element_type=\"section\" data-e-type=\"section\">\r\n\t\t\t\t\t\t\t\t<div class=\"elementor-container elementor-column-gap-normal\">\r\n\t\t\t\t\r\n\t\t\t\t\t\t\t\t<div class=\" elementor-column elementor-col-25 elementor-inner-column elementor-element elementor-element-86ac214 \" data-id=\"86ac214\" data-element_type=\"column\" data-e-type=\"column\">\r\n\r\n\t\t\t\t\r\n\t\t\t\t<div class=\"elementor-widget-wrap elementor-element-populated\">\r\n\t\t\t\t\t\t\t\t\t\t\r\n\t\t\t\t\t\t<div class=\"elementor-element elementor-element-d3fce4a elementor-widget elementor-widget-text-editor\" data-id=\"d3fce4a\" data-element_type=\"widget\" data-e-type=\"widget\" data-widget_type=\"text-editor.default\">\n\t\t\t\t\t\t\t\t\t<p>Aqui est\u00e3o algumas das refer\u00eancias dos nossos clientes que confiaram em n\u00f3s desde o nosso in\u00edcio:<\/p>\n\t\t\t\t\t\t\t\t<\/div>\n\t\t\t\t\t\t<\/div>\r\n\t\t\t\t<\/div>\r\n\t\t\t\t\t\t\t\t\t<div class=\" elementor-column elementor-col-25 elementor-inner-column elementor-element elementor-element-dd4c264 \" data-id=\"dd4c264\" data-element_type=\"column\" data-e-type=\"column\">\r\n\r\n\t\t\t\t\r\n\t\t\t\t<div class=\"elementor-widget-wrap elementor-element-populated\">\r\n\t\t\t\t\t\t\t\t\t\t\r\n\t\t\t\t\t\t<div class=\"elementor-element elementor-element-517bc5d elementor-widget elementor-widget-image\" data-id=\"517bc5d\" data-element_type=\"widget\" data-e-type=\"widget\" data-widget_type=\"image.default\">\n\t\t\t\t\t\t\t\t\t\t\t\t\t\t\t<img decoding=\"async\" width=\"300\" height=\"150\" src=\"\/cdn-cgi\/image\/quality=80,format=auto,onerror=redirect,metadata=none\/wp-content\/uploads\/2022\/08\/References-carousel-new-1.gif\" class=\"attachment-full size-full wp-image-5473\" alt=\"Quelques unes des r\u00e9f\u00e9rences de clients d&#039;Alpis\" \/>\t\t\t\t\t\t\t\t\t\t\t\t\t\t\t<\/div>\n\t\t\t\t\t\t<\/div>\r\n\t\t\t\t<\/div>\r\n\t\t\t\t\t\t\t\t\t<div class=\" elementor-column elementor-col-25 elementor-inner-column elementor-element elementor-element-7a14f29 \" data-id=\"7a14f29\" data-element_type=\"column\" data-e-type=\"column\">\r\n\r\n\t\t\t\t\r\n\t\t\t\t<div class=\"elementor-widget-wrap elementor-element-populated\">\r\n\t\t\t\t\t\t\t\t\t\t\r\n\t\t\t\t\t\t<div class=\"elementor-element elementor-element-9cc1463 elementor-widget elementor-widget-image\" data-id=\"9cc1463\" data-element_type=\"widget\" data-e-type=\"widget\" data-widget_type=\"image.default\">\n\t\t\t\t\t\t\t\t\t\t\t\t\t\t\t<img decoding=\"async\" width=\"300\" height=\"150\" src=\"\/cdn-cgi\/image\/quality=80,format=auto,onerror=redirect,metadata=none\/wp-content\/uploads\/2022\/08\/References-carousel-new-2.gif\" class=\"attachment-full size-full wp-image-5479\" alt=\"Quelques unes des r\u00e9f\u00e9rences de clients d&#039;Alpis\" \/>\t\t\t\t\t\t\t\t\t\t\t\t\t\t\t<\/div>\n\t\t\t\t\t\t<\/div>\r\n\t\t\t\t<\/div>\r\n\t\t\t\t\t\t\t\t\t<div class=\" elementor-column elementor-col-25 elementor-inner-column elementor-element elementor-element-396c98b \" data-id=\"396c98b\" data-element_type=\"column\" data-e-type=\"column\">\r\n\r\n\t\t\t\t\r\n\t\t\t\t<div class=\"elementor-widget-wrap elementor-element-populated\">\r\n\t\t\t\t\t\t\t\t\t\t\r\n\t\t\t\t\t\t<div class=\"elementor-element elementor-element-5e63f00 elementor-widget elementor-widget-image\" data-id=\"5e63f00\" data-element_type=\"widget\" data-e-type=\"widget\" data-widget_type=\"image.default\">\n\t\t\t\t\t\t\t\t\t\t\t\t\t\t\t<img decoding=\"async\" width=\"300\" height=\"150\" src=\"\/cdn-cgi\/image\/quality=80,format=auto,onerror=redirect,metadata=none\/wp-content\/uploads\/2022\/08\/References-carousel-new-3.gif\" class=\"attachment-full size-full wp-image-5485\" alt=\"Quelques unes des r\u00e9f\u00e9rences de clients d&#039;Alpis\" \/>\t\t\t\t\t\t\t\t\t\t\t\t\t\t\t<\/div>\n\t\t\t\t\t\t<\/div>\r\n\t\t\t\t<\/div>\r\n\t\t\t\t\t\t\t\t<\/div>\r\n\t\t\t<\/section>\r\n\t\t\t\t\t\t\t<\/div>\r\n\t\t\t\t<\/div>\r\n\t\t\t\t\t\t\t\t<\/div>\r\n\t\t\t<\/section>\r\n\t\t\t\t\t<\/div>\n\t\t","protected":false},"excerpt":{"rendered":"<p>As nossas refer\u00eancias Desde 2014, j\u00e1 h\u00e1 uma d\u00e9cada que oferecemos servi\u00e7os de consultoria lingu\u00edstica em tradu\u00e7\u00e3o e interpreta\u00e7\u00e3o para muitos clientes, sejam particulares, institui\u00e7\u00f5es ou profissionais, desde a PME local at\u00e9 a empresa global, em v\u00e1rias l\u00ednguas europeias e internacionais. Aqui est\u00e3o algumas das refer\u00eancias dos nossos clientes que confiaram em n\u00f3s desde o nosso in\u00edcio:<\/p>\n","protected":false},"author":2,"featured_media":0,"parent":0,"menu_order":0,"comment_status":"closed","ping_status":"closed","template":"","meta":{"footnotes":""},"class_list":["post-10168","page","type-page","status-publish","hentry"],"yoast_head":"<!-- This site is optimized with the Yoast SEO Premium plugin v27.3 (Yoast SEO v27.3) - https:\/\/yoast.com\/product\/yoast-seo-premium-wordpress\/ -->\n<title>As nossas refer\u00eancias - Alpis Tradu\u00e7\u00e3o e Interpreta\u00e7\u00e3o<\/title>\n<meta name=\"description\" content=\"Desde 2014, prestamos servi\u00e7os de consultoria lingu\u00edstica em tradu\u00e7\u00e3o e interpreta\u00e7\u00e3o a diversos clientes franceses e internacionais.\" \/>\n<meta name=\"robots\" content=\"index, follow, max-snippet:-1, max-image-preview:large, max-video-preview:-1\" \/>\n<link rel=\"canonical\" href=\"https:\/\/www.alpis.fr\/pt-pt\/as-nossas-referencias\/\" \/>\n<meta property=\"og:locale\" content=\"pt_PT\" \/>\n<meta property=\"og:type\" content=\"article\" \/>\n<meta property=\"og:title\" content=\"As nossas refer\u00eancias\" \/>\n<meta property=\"og:description\" content=\"Desde 2014, prestamos servi\u00e7os de consultoria lingu\u00edstica em tradu\u00e7\u00e3o e interpreta\u00e7\u00e3o a diversos clientes franceses e internacionais.\" \/>\n<meta property=\"og:url\" content=\"https:\/\/www.alpis.fr\/pt-pt\/as-nossas-referencias\/\" \/>\n<meta property=\"og:site_name\" content=\"Alpis Tradu\u00e7\u00e3o e Interpreta\u00e7\u00e3o\" \/>\n<meta property=\"article:publisher\" content=\"https:\/\/www.facebook.com\/alpisfr\/\" \/>\n<meta property=\"article:modified_time\" content=\"2024-10-11T16:12:52+00:00\" \/>\n<meta property=\"og:image\" content=\"https:\/\/www.alpis.fr\/wp-content\/uploads\/2022\/08\/References-carousel-new-1.gif\" \/>\n<meta name=\"twitter:card\" content=\"summary_large_image\" \/>\n<meta name=\"twitter:site\" content=\"@AlpisParis\" \/>\n<script type=\"application\/ld+json\" class=\"yoast-schema-graph\">{\"@context\":\"https:\\\/\\\/schema.org\",\"@graph\":[{\"@type\":\"WebPage\",\"@id\":\"https:\\\/\\\/www.alpis.fr\\\/pt-pt\\\/as-nossas-referencias\\\/\",\"url\":\"https:\\\/\\\/www.alpis.fr\\\/pt-pt\\\/as-nossas-referencias\\\/\",\"name\":\"As nossas refer\u00eancias - Alpis Tradu\u00e7\u00e3o e Interpreta\u00e7\u00e3o\",\"isPartOf\":{\"@id\":\"https:\\\/\\\/www.alpis.fr\\\/pt-pt\\\/#website\"},\"primaryImageOfPage\":{\"@id\":\"https:\\\/\\\/www.alpis.fr\\\/pt-pt\\\/as-nossas-referencias\\\/#primaryimage\"},\"image\":{\"@id\":\"https:\\\/\\\/www.alpis.fr\\\/pt-pt\\\/as-nossas-referencias\\\/#primaryimage\"},\"thumbnailUrl\":\"https:\\\/\\\/www.alpis.fr\\\/wp-content\\\/uploads\\\/2022\\\/08\\\/References-carousel-new-1.gif\",\"datePublished\":\"2022-01-26T10:26:06+00:00\",\"dateModified\":\"2024-10-11T16:12:52+00:00\",\"description\":\"Desde 2014, prestamos servi\u00e7os de consultoria lingu\u00edstica em tradu\u00e7\u00e3o e interpreta\u00e7\u00e3o a diversos clientes franceses e internacionais.\",\"inLanguage\":\"pt-PT\",\"potentialAction\":[{\"@type\":\"ReadAction\",\"target\":[\"https:\\\/\\\/www.alpis.fr\\\/pt-pt\\\/as-nossas-referencias\\\/\"]}]},{\"@type\":\"ImageObject\",\"inLanguage\":\"pt-PT\",\"@id\":\"https:\\\/\\\/www.alpis.fr\\\/pt-pt\\\/as-nossas-referencias\\\/#primaryimage\",\"url\":\"https:\\\/\\\/www.alpis.fr\\\/wp-content\\\/uploads\\\/2022\\\/08\\\/References-carousel-new-1.gif\",\"contentUrl\":\"https:\\\/\\\/www.alpis.fr\\\/wp-content\\\/uploads\\\/2022\\\/08\\\/References-carousel-new-1.gif\"},{\"@type\":\"WebSite\",\"@id\":\"https:\\\/\\\/www.alpis.fr\\\/pt-pt\\\/#website\",\"url\":\"https:\\\/\\\/www.alpis.fr\\\/pt-pt\\\/\",\"name\":\"Alpis Traduction et Interpr\u00e9tation\",\"description\":\"A ag\u00eancia de tradu\u00e7\u00e3o ao servi\u00e7o da sua ascens\u00e3o internacional\",\"publisher\":{\"@id\":\"https:\\\/\\\/www.alpis.fr\\\/pt-pt\\\/#organization\"},\"potentialAction\":[{\"@type\":\"SearchAction\",\"target\":{\"@type\":\"EntryPoint\",\"urlTemplate\":\"https:\\\/\\\/www.alpis.fr\\\/pt-pt\\\/?s={search_term_string}\"},\"query-input\":{\"@type\":\"PropertyValueSpecification\",\"valueRequired\":true,\"valueName\":\"search_term_string\"}}],\"inLanguage\":\"pt-PT\"},{\"@type\":\"Organization\",\"@id\":\"https:\\\/\\\/www.alpis.fr\\\/pt-pt\\\/#organization\",\"name\":\"Alpis Traduction et Interpr\u00e9tation\",\"alternateName\":\"Alpis\",\"url\":\"https:\\\/\\\/www.alpis.fr\\\/pt-pt\\\/\",\"logo\":{\"@type\":\"ImageObject\",\"inLanguage\":\"pt-PT\",\"@id\":\"https:\\\/\\\/www.alpis.fr\\\/pt-pt\\\/#\\\/schema\\\/logo\\\/image\\\/\",\"url\":\"https:\\\/\\\/www.alpis.fr\\\/wp-content\\\/uploads\\\/2022\\\/06\\\/LogoPreviewFB1200x630.jpg\",\"contentUrl\":\"https:\\\/\\\/www.alpis.fr\\\/wp-content\\\/uploads\\\/2022\\\/06\\\/LogoPreviewFB1200x630.jpg\",\"width\":1200,\"height\":630,\"caption\":\"Alpis Traduction et Interpr\u00e9tation\"},\"image\":{\"@id\":\"https:\\\/\\\/www.alpis.fr\\\/pt-pt\\\/#\\\/schema\\\/logo\\\/image\\\/\"},\"sameAs\":[\"https:\\\/\\\/www.facebook.com\\\/alpisfr\\\/\",\"https:\\\/\\\/x.com\\\/AlpisParis\",\"https:\\\/\\\/www.linkedin.com\\\/company\\\/alpis\",\"https:\\\/\\\/twitter.com\\\/AlpisParis\"],\"email\":\"contact@alpis.fr\",\"telephone\":\"+33973037000\",\"legalName\":\"Alpis Traduction et Interpr\u00e9tation SAS\",\"foundingDate\":\"2014-03-06\",\"vatID\":\"FR52801253543\",\"taxID\":\"80125354300012\",\"numberOfEmployees\":{\"@type\":\"QuantitativeValue\",\"minValue\":\"1\",\"maxValue\":\"10\"},\"actionableFeedbackPolicy\":\"https:\\\/\\\/www.alpis.fr\\\/mentions-legales\\\/\",\"correctionsPolicy\":\"https:\\\/\\\/www.alpis.fr\\\/mentions-legales\\\/\"}]}<\/script>\n<!-- \/ Yoast SEO Premium plugin. -->","yoast_head_json":{"title":"As nossas refer\u00eancias - Alpis Tradu\u00e7\u00e3o e Interpreta\u00e7\u00e3o","description":"Desde 2014, prestamos servi\u00e7os de consultoria lingu\u00edstica em tradu\u00e7\u00e3o e interpreta\u00e7\u00e3o a diversos clientes franceses e internacionais.","robots":{"index":"index","follow":"follow","max-snippet":"max-snippet:-1","max-image-preview":"max-image-preview:large","max-video-preview":"max-video-preview:-1"},"canonical":"https:\/\/www.alpis.fr\/pt-pt\/as-nossas-referencias\/","og_locale":"pt_PT","og_type":"article","og_title":"As nossas refer\u00eancias","og_description":"Desde 2014, prestamos servi\u00e7os de consultoria lingu\u00edstica em tradu\u00e7\u00e3o e interpreta\u00e7\u00e3o a diversos clientes franceses e internacionais.","og_url":"https:\/\/www.alpis.fr\/pt-pt\/as-nossas-referencias\/","og_site_name":"Alpis Tradu\u00e7\u00e3o e Interpreta\u00e7\u00e3o","article_publisher":"https:\/\/www.facebook.com\/alpisfr\/","article_modified_time":"2024-10-11T16:12:52+00:00","og_image":[{"url":"https:\/\/www.alpis.fr\/wp-content\/uploads\/2022\/08\/References-carousel-new-1.gif","type":"","width":"","height":""}],"twitter_card":"summary_large_image","twitter_site":"@AlpisParis","schema":{"@context":"https:\/\/schema.org","@graph":[{"@type":"WebPage","@id":"https:\/\/www.alpis.fr\/pt-pt\/as-nossas-referencias\/","url":"https:\/\/www.alpis.fr\/pt-pt\/as-nossas-referencias\/","name":"As nossas refer\u00eancias - Alpis Tradu\u00e7\u00e3o e Interpreta\u00e7\u00e3o","isPartOf":{"@id":"https:\/\/www.alpis.fr\/pt-pt\/#website"},"primaryImageOfPage":{"@id":"https:\/\/www.alpis.fr\/pt-pt\/as-nossas-referencias\/#primaryimage"},"image":{"@id":"https:\/\/www.alpis.fr\/pt-pt\/as-nossas-referencias\/#primaryimage"},"thumbnailUrl":"https:\/\/www.alpis.fr\/wp-content\/uploads\/2022\/08\/References-carousel-new-1.gif","datePublished":"2022-01-26T10:26:06+00:00","dateModified":"2024-10-11T16:12:52+00:00","description":"Desde 2014, prestamos servi\u00e7os de consultoria lingu\u00edstica em tradu\u00e7\u00e3o e interpreta\u00e7\u00e3o a diversos clientes franceses e internacionais.","inLanguage":"pt-PT","potentialAction":[{"@type":"ReadAction","target":["https:\/\/www.alpis.fr\/pt-pt\/as-nossas-referencias\/"]}]},{"@type":"ImageObject","inLanguage":"pt-PT","@id":"https:\/\/www.alpis.fr\/pt-pt\/as-nossas-referencias\/#primaryimage","url":"https:\/\/www.alpis.fr\/wp-content\/uploads\/2022\/08\/References-carousel-new-1.gif","contentUrl":"https:\/\/www.alpis.fr\/wp-content\/uploads\/2022\/08\/References-carousel-new-1.gif"},{"@type":"WebSite","@id":"https:\/\/www.alpis.fr\/pt-pt\/#website","url":"https:\/\/www.alpis.fr\/pt-pt\/","name":"Alpis Traduction et Interpr\u00e9tation","description":"A ag\u00eancia de tradu\u00e7\u00e3o ao servi\u00e7o da sua ascens\u00e3o internacional","publisher":{"@id":"https:\/\/www.alpis.fr\/pt-pt\/#organization"},"potentialAction":[{"@type":"SearchAction","target":{"@type":"EntryPoint","urlTemplate":"https:\/\/www.alpis.fr\/pt-pt\/?s={search_term_string}"},"query-input":{"@type":"PropertyValueSpecification","valueRequired":true,"valueName":"search_term_string"}}],"inLanguage":"pt-PT"},{"@type":"Organization","@id":"https:\/\/www.alpis.fr\/pt-pt\/#organization","name":"Alpis Traduction et Interpr\u00e9tation","alternateName":"Alpis","url":"https:\/\/www.alpis.fr\/pt-pt\/","logo":{"@type":"ImageObject","inLanguage":"pt-PT","@id":"https:\/\/www.alpis.fr\/pt-pt\/#\/schema\/logo\/image\/","url":"https:\/\/www.alpis.fr\/wp-content\/uploads\/2022\/06\/LogoPreviewFB1200x630.jpg","contentUrl":"https:\/\/www.alpis.fr\/wp-content\/uploads\/2022\/06\/LogoPreviewFB1200x630.jpg","width":1200,"height":630,"caption":"Alpis Traduction et Interpr\u00e9tation"},"image":{"@id":"https:\/\/www.alpis.fr\/pt-pt\/#\/schema\/logo\/image\/"},"sameAs":["https:\/\/www.facebook.com\/alpisfr\/","https:\/\/x.com\/AlpisParis","https:\/\/www.linkedin.com\/company\/alpis","https:\/\/twitter.com\/AlpisParis"],"email":"contact@alpis.fr","telephone":"+33973037000","legalName":"Alpis Traduction et Interpr\u00e9tation SAS","foundingDate":"2014-03-06","vatID":"FR52801253543","taxID":"80125354300012","numberOfEmployees":{"@type":"QuantitativeValue","minValue":"1","maxValue":"10"},"actionableFeedbackPolicy":"https:\/\/www.alpis.fr\/mentions-legales\/","correctionsPolicy":"https:\/\/www.alpis.fr\/mentions-legales\/"}]}},"_links":{"self":[{"href":"https:\/\/www.alpis.fr\/pt-pt\/wp-json\/wp\/v2\/pages\/10168","targetHints":{"allow":["GET"]}}],"collection":[{"href":"https:\/\/www.alpis.fr\/pt-pt\/wp-json\/wp\/v2\/pages"}],"about":[{"href":"https:\/\/www.alpis.fr\/pt-pt\/wp-json\/wp\/v2\/types\/page"}],"author":[{"embeddable":true,"href":"https:\/\/www.alpis.fr\/pt-pt\/wp-json\/wp\/v2\/users\/2"}],"replies":[{"embeddable":true,"href":"https:\/\/www.alpis.fr\/pt-pt\/wp-json\/wp\/v2\/comments?post=10168"}],"version-history":[{"count":0,"href":"https:\/\/www.alpis.fr\/pt-pt\/wp-json\/wp\/v2\/pages\/10168\/revisions"}],"wp:attachment":[{"href":"https:\/\/www.alpis.fr\/pt-pt\/wp-json\/wp\/v2\/media?parent=10168"}],"curies":[{"name":"wp","href":"https:\/\/api.w.org\/{rel}","templated":true}]}}