{"id":7512,"date":"2022-01-24T11:59:46","date_gmt":"2022-01-24T10:59:46","guid":{"rendered":"https:\/\/www.alpis.fr\/politica-de-confidencialidad\/"},"modified":"2024-10-16T11:14:40","modified_gmt":"2024-10-16T09:14:40","slug":"politica-de-confidencialidad","status":"publish","type":"page","link":"https:\/\/www.alpis.fr\/es\/politica-de-confidencialidad\/","title":{"rendered":"Pol\u00edtica de Confidencialidad"},"content":{"rendered":"\t\t<div data-elementor-type=\"wp-page\" data-elementor-id=\"7512\" class=\"elementor elementor-7512 elementor-3\" data-elementor-post-type=\"page\">\n\t\t\t\t\t\t<section class=\" elementor-section elementor-top-section elementor-element elementor-element-1620d481 alpha-section-stretched elementor-section-boxed elementor-section-height-default elementor-section-height-default wpr-jarallax-no wpr-sticky-section-no\" data-id=\"1620d481\" data-element_type=\"section\" data-e-type=\"section\">\r\n\t\t\t\t\t\t\t\t<div class=\"elementor-container elementor-column-gap-default\">\r\n\t\t\t\t\r\n\t\t\t\t\t\t\t\t<div class=\" elementor-column elementor-col-100 elementor-top-column elementor-element elementor-element-5bbc6c91 \" data-id=\"5bbc6c91\" data-element_type=\"column\" data-e-type=\"column\">\r\n\r\n\t\t\t\t\r\n\t\t\t\t<div class=\"elementor-widget-wrap elementor-element-populated\">\r\n\t\t\t\t\t\t\t\t\t\t\r\n\t\t\t\t\t\t<div class=\"elementor-element elementor-element-2c43022 eael-dual-header-content-align-center elementor-widget elementor-widget-eael-dual-color-header\" data-id=\"2c43022\" data-element_type=\"widget\" data-e-type=\"widget\" data-widget_type=\"eael-dual-color-header.default\">\n\t\t\t\t\t\t\t\t<div class=\"eael-dual-header\">\n\t\t\t\t<h1 class=\"title eael-dch-title\"><span class=\"eael-dch-title-text eael-dch-title-lead lead solid-color\">Pol\u00edtica de Confidencialidad<\/span> <span class=\"eael-dch-title-text\"><\/span><\/h1><div class=\"eael-dch-separator-wrap\"><span class=\"separator-one\"><\/span>\n\t\t\t<span class=\"separator-two\"><\/span><\/div>\t\t\t<\/div>\n\n\t\t\t\t\t\t<\/div>\n\t\t\t\t<div class=\"elementor-element elementor-element-4266b7e elementor-widget elementor-widget-spacer\" data-id=\"4266b7e\" data-element_type=\"widget\" data-e-type=\"widget\" data-widget_type=\"spacer.default\">\n\t\t\t\t\t\t\t<div class=\"elementor-spacer\">\n\t\t\t<div class=\"elementor-spacer-inner\"><\/div>\n\t\t<\/div>\n\t\t\t\t\t\t<\/div>\n\t\t\t\t<div class=\"elementor-element elementor-element-390695e elementor-widget elementor-widget-image\" data-id=\"390695e\" data-element_type=\"widget\" data-e-type=\"widget\" data-widget_type=\"image.default\">\n\t\t\t\t\t\t\t\t\t\t\t\t\t\t\t<img width=\"1200\" height=\"200\" decoding=\"async\" src=\"\/cdn-cgi\/image\/quality=80,format=auto,onerror=redirect,metadata=none\/wp-content\/uploads\/elementor\/thumbs\/confidential-pqcv6yw0f4cgxlcw66hhns7fi5j6sg6jtd430hgfkg.jpg\" title=\"confidencial\" alt=\"Logo Alpis Traducci\u00f3n e interpretaci\u00f3n blanco\" loading=\"lazy\" \/>\t\t\t\t\t\t\t\t\t\t\t\t\t\t\t<\/div>\n\t\t\t\t<div class=\"elementor-element elementor-element-17cd8a2 elementor-widget elementor-widget-spacer\" data-id=\"17cd8a2\" data-element_type=\"widget\" data-e-type=\"widget\" data-widget_type=\"spacer.default\">\n\t\t\t\t\t\t\t<div class=\"elementor-spacer\">\n\t\t\t<div class=\"elementor-spacer-inner\"><\/div>\n\t\t<\/div>\n\t\t\t\t\t\t<\/div>\n\t\t\t\t<div class=\"elementor-element elementor-element-314da640 elementor-widget elementor-widget-text-editor\" data-id=\"314da640\" data-element_type=\"widget\" data-e-type=\"widget\" data-widget_type=\"text-editor.default\">\n\t\t\t\t\t\t\t\t\t<h4>Quienes somos ?<\/h4>\n<p>Alpis es una agencia de traducci\u00f3n e interpretaci\u00f3n que se base en Par\u00eds, y cuenta varias agencias que cubren el territorio franc\u00e9s. Bienvenido en nuestra p\u00e1gina web: <a href=\"https:\/\/www.alpis.fr\/es\/\">https:\/\/www.alpis.fr\/es\/<\/a>.<\/p>\n<h4>Comentarios y rese\u00f1as<\/h4>\n<p>Cuando los visitantes dejan comentarios y rese\u00f1as sobre el sitio, recogemos los datos del formulario, as\u00ed como los de la direcci\u00f3n IP y del navegador utilizado. El objetivo solo es mejorar nuestras herramientas de detecci\u00f3n de los spams. Se puede proporcionar una cadena creada a partir de su direcci\u00f3n electr\u00f3nica (un hash) al servicio Gravatar para generar un avatar en el sitio o utilizar el suyo propio avatar si ya utiliza Gravatar. Se puede ver la pol\u00edtica de confidencialidad de Gravatar aqu\u00ed : https:\/\/automattic.com\/privacy\/. Cuando se valide su comentario, su avatar (foto de perfil) ser\u00e1 visible por el p\u00fablico, como parte de su comentario.<\/p>\n<h4>Media<\/h4>\n<p>Si se pone im\u00e1genes a nuestra p\u00e1gina web, debe evitar que se incluyan datos de geolocalizaci\u00f3n en los detalles (EXIF GPS). Los visitantes podr\u00edan descargar la imagen y extraer los datos.<\/p>\n<h4>Cookies<\/h4>\n<p>Si deja un comentario en nuestro sitio, es mejor guardar su nombre, correo electr\u00f3nico, y sitio en las cookies. Existen por su comodidad, para que no tenga que volver a rellenar sus informaciones cada vez que comenta. Cookies se conservan un a\u00f1o.<\/p>\n<p>Si visita nuestra p\u00e1gina de inicio de sesi\u00f3n, estableceremos una cookie temporal para determinar si su navegador acepta cookies. Esta cookie no contiene datos personales y se descarta cuando usted cierra su navegador.<\/p>\n<p>Cuando inicie la sesi\u00f3n, tambi\u00e9n estableceremos varias cookies para guardar su informaci\u00f3n de inicio de sesi\u00f3n y sus opciones de visualizaci\u00f3n en pantalla. Las cookies de inicio de sesi\u00f3n duran dos d\u00edas, y las de opciones de pantalla duran un a\u00f1o. Si selecciona \u00abRecu\u00e9rdame\u00bb, su inicio de sesi\u00f3n persistir\u00e1 durante dos semanas. Si sale de su cuenta, las cookies de inicio de sesi\u00f3n se eliminar\u00e1n.<\/p>\n<p><p>Si edita o publica un art\u00edculo, se guardar\u00e1 una cookie adicional en su navegador. Esta cookie no incluye datos personales y simplemente indica el ID del art\u00edculo que acaba de editar. Caduca al cabo de 1 d\u00eda.<\/p>\n<h4>Contenido incrustado de otros sitios web<\/h4>\n<p>Los art\u00edculos de este sitio pueden incluir contenido incrustado (por ejemplo, v\u00eddeos, im\u00e1genes, art\u00edculos, etc.). El contenido incrustado de otros sitios web se comporta exactamente igual que si el visitante hubiera visitado el otro sitio web.<\/p>\n<p>Estos sitios web pueden recopilar datos sobre usted, utilizar cookies, incrustar un seguimiento adicional de terceros y controlar su interacci\u00f3n con ese contenido incrustado, incluido el seguimiento de su interacci\u00f3n con el contenido incrustado si tiene una cuenta y ha iniciado sesi\u00f3n en ese sitio web.<\/p>\n<h4>Con qui\u00e9n compartimos sus datos<\/h4>\n<p>Si solicita un restablecimiento de la contrase\u00f1a, su direcci\u00f3n IP se incluir\u00e1 en el correo electr\u00f3nico de restablecimiento.<\/p>\n<h4>Cu\u00e1nto tiempo conservamos sus datos<\/h4>\n<p>Si deja un comentario, el comentario y sus metadatos se conservan indefinidamente. Esto es para que podamos reconocer y aprobar cualquier comentario posterior de forma autom\u00e1tica en lugar de mantenerlos en una cola de moderaci\u00f3n.<\/p>\n<p>En el caso de los usuarios que se registran en nuestro sitio web (si los hay), tambi\u00e9n almacenamos la informaci\u00f3n personal que proporcionan en su perfil de usuario. Todos los usuarios pueden ver, editar o eliminar su informaci\u00f3n personal en cualquier momento (excepto que no pueden cambiar su nombre de usuario). Los administradores del sitio web tambi\u00e9n pueden ver y editar esa informaci\u00f3n.<\/p>\n<h4>Qu\u00e9 derechos tiene usted sobre sus datos<\/h4>\n<p>Si tiene una cuenta en este sitio, o ha dejado comentarios, puede solicitar que le enviemos un archivo exportado de los datos personales que tenemos sobre usted, incluidos los que nos haya proporcionado. Tambi\u00e9n puede solicitar que borremos cualquier dato personal que tengamos sobre usted. Esto no incluye los datos que estamos obligados a conservar por motivos administrativos, legales o de seguridad.<\/p>\n<h4>D\u00f3nde enviamos sus datos<\/h4>\n<p>Los comentarios de los visitantes pueden ser revisados a trav\u00e9s de un servicio automatizado de detecci\u00f3n de spam.<\/p>\n\t\t\t\t\t\t\t\t<\/div>\n\t\t\t\t\t\t<\/div>\r\n\t\t\t\t<\/div>\r\n\t\t\t\t\t\t\t\t<\/div>\r\n\t\t\t<\/section>\r\n\t\t\t\t\t<\/div>\n\t\t","protected":false},"excerpt":{"rendered":"<p>Pol\u00edtica de Confidencialidad Quienes somos ? Alpis es una agencia de traducci\u00f3n e interpretaci\u00f3n que se base en Par\u00eds, y cuenta varias agencias que cubren el territorio franc\u00e9s. Bienvenido en nuestra p\u00e1gina web: https:\/\/www.alpis.fr\/es\/. Comentarios y rese\u00f1as Cuando los visitantes dejan comentarios y rese\u00f1as sobre el sitio, recogemos los datos del formulario, as\u00ed como los de la direcci\u00f3n IP y del navegador utilizado. El objetivo solo es mejorar nuestras herramientas de detecci\u00f3n de los spams. Se puede proporcionar una cadena creada a partir de su direcci\u00f3n electr\u00f3nica (un hash) al servicio Gravatar para generar un avatar en el sitio o utilizar el suyo propio avatar si ya utiliza Gravatar. Se puede ver la pol\u00edtica de confidencialidad de Gravatar aqu\u00ed : https:\/\/automattic.com\/privacy\/. Cuando se valide su comentario, su avatar (foto de perfil) ser\u00e1 visible por el p\u00fablico, como parte de su comentario. Media Si se pone im\u00e1genes a nuestra p\u00e1gina web, debe evitar que se incluyan datos de geolocalizaci\u00f3n en los detalles (EXIF GPS). Los visitantes podr\u00edan descargar la imagen y extraer los datos. Cookies Si deja un comentario en nuestro sitio, es mejor guardar su nombre, correo electr\u00f3nico, y sitio en las cookies. Existen por su comodidad, para que no tenga que volver a rellenar sus informaciones cada vez que comenta. Cookies se conservan un a\u00f1o. Si visita nuestra p\u00e1gina de inicio de sesi\u00f3n, estableceremos una cookie temporal para determinar si su navegador acepta cookies. Esta cookie no contiene datos personales y se descarta cuando usted cierra su navegador. Cuando inicie la sesi\u00f3n, tambi\u00e9n estableceremos varias cookies para guardar su informaci\u00f3n de inicio de sesi\u00f3n y sus opciones de visualizaci\u00f3n en pantalla. Las cookies de inicio de sesi\u00f3n duran dos d\u00edas, y las de opciones de pantalla duran un a\u00f1o. Si selecciona \u00abRecu\u00e9rdame\u00bb, su inicio de sesi\u00f3n persistir\u00e1 durante dos semanas. Si sale de su cuenta, las cookies de inicio de sesi\u00f3n se eliminar\u00e1n. Si edita o publica un art\u00edculo, se guardar\u00e1 una cookie adicional en su navegador. Esta cookie no incluye datos personales y simplemente indica el ID del art\u00edculo que acaba de editar. Caduca al cabo de 1 d\u00eda. Contenido incrustado de otros sitios web Los art\u00edculos de este sitio pueden incluir contenido incrustado (por ejemplo, v\u00eddeos, im\u00e1genes, art\u00edculos, etc.). El contenido incrustado de otros sitios web se comporta exactamente igual que si el visitante hubiera visitado el otro sitio web. Estos sitios web pueden recopilar datos sobre usted, utilizar cookies, incrustar un seguimiento adicional de terceros y controlar su interacci\u00f3n con ese contenido incrustado, incluido el seguimiento de su interacci\u00f3n con el contenido incrustado si tiene una cuenta y ha iniciado sesi\u00f3n en ese sitio web. Con qui\u00e9n compartimos sus datos Si solicita un restablecimiento de la contrase\u00f1a, su direcci\u00f3n IP se incluir\u00e1 en el correo electr\u00f3nico de restablecimiento. Cu\u00e1nto tiempo conservamos sus datos Si deja un comentario, el comentario y sus metadatos se conservan indefinidamente. Esto es para que podamos reconocer y aprobar cualquier comentario posterior de forma autom\u00e1tica en lugar de mantenerlos en una cola de moderaci\u00f3n. En el caso de los usuarios que se registran en nuestro sitio web (si los hay), tambi\u00e9n almacenamos la informaci\u00f3n personal que proporcionan en su perfil de usuario. Todos los usuarios pueden ver, editar o eliminar su informaci\u00f3n personal en cualquier momento (excepto que no pueden cambiar su nombre de usuario). Los administradores del sitio web tambi\u00e9n pueden ver y editar esa informaci\u00f3n. Qu\u00e9 derechos tiene usted sobre sus datos Si tiene una cuenta en este sitio, o ha dejado comentarios, puede solicitar que le enviemos un archivo exportado de los datos personales que tenemos sobre usted, incluidos los que nos haya proporcionado. Tambi\u00e9n puede solicitar que borremos cualquier dato personal que tengamos sobre usted. Esto no incluye los datos que estamos obligados a conservar por motivos administrativos, legales o de seguridad. D\u00f3nde enviamos sus datos Los comentarios de los visitantes pueden ser revisados a trav\u00e9s de un servicio automatizado de detecci\u00f3n de spam.<\/p>\n","protected":false},"author":25,"featured_media":0,"parent":0,"menu_order":0,"comment_status":"closed","ping_status":"closed","template":"","meta":{"footnotes":""},"class_list":["post-7512","page","type-page","status-publish","hentry"],"yoast_head":"<!-- This site is optimized with the Yoast SEO Premium plugin v27.3 (Yoast SEO v27.3) - https:\/\/yoast.com\/product\/yoast-seo-premium-wordpress\/ -->\n<title>Pol\u00edtica de confidencialidad - Alpis Traducci\u00f3n e Interpretaci\u00f3n<\/title>\n<meta name=\"description\" content=\"Alpis Traducci\u00f3n e Interpretaci\u00f3n garantiza la completa protecci\u00f3n y confidencialidad de sus datos personales durante nuestros intercambios.\" \/>\n<meta name=\"robots\" content=\"index, follow, max-snippet:-1, max-image-preview:large, max-video-preview:-1\" \/>\n<link rel=\"canonical\" href=\"https:\/\/www.alpis.fr\/es\/politica-de-confidencialidad\/\" \/>\n<meta property=\"og:locale\" content=\"es_ES\" \/>\n<meta property=\"og:type\" content=\"article\" \/>\n<meta property=\"og:title\" content=\"Pol\u00edtica de Confidencialidad\" \/>\n<meta property=\"og:description\" content=\"Alpis Traducci\u00f3n e Interpretaci\u00f3n garantiza la completa protecci\u00f3n y confidencialidad de sus datos personales durante nuestros intercambios.\" \/>\n<meta property=\"og:url\" content=\"https:\/\/www.alpis.fr\/es\/politica-de-confidencialidad\/\" \/>\n<meta property=\"og:site_name\" content=\"Alpis Traducci\u00f3n y Interpretaci\u00f3n\" \/>\n<meta property=\"article:publisher\" content=\"https:\/\/www.facebook.com\/alpisfr\/\" \/>\n<meta property=\"article:modified_time\" content=\"2024-10-16T09:14:40+00:00\" \/>\n<meta property=\"og:image\" content=\"https:\/\/www.alpis.fr\/wp-content\/uploads\/elementor\/thumbs\/confidential-pqcv6yw0f4cgxlcw66hhns7fi5j6sg6jtd430hgfkg.jpg\" \/>\n<meta name=\"twitter:card\" content=\"summary_large_image\" \/>\n<meta name=\"twitter:site\" content=\"@AlpisParis\" \/>\n<meta name=\"twitter:label1\" content=\"Tiempo de lectura\" \/>\n\t<meta name=\"twitter:data1\" content=\"4 minutos\" \/>\n<script type=\"application\/ld+json\" class=\"yoast-schema-graph\">{\"@context\":\"https:\\\/\\\/schema.org\",\"@graph\":[{\"@type\":\"WebPage\",\"@id\":\"https:\\\/\\\/www.alpis.fr\\\/es\\\/politica-de-confidencialidad\\\/\",\"url\":\"https:\\\/\\\/www.alpis.fr\\\/es\\\/politica-de-confidencialidad\\\/\",\"name\":\"Pol\u00edtica de confidencialidad - Alpis Traducci\u00f3n e Interpretaci\u00f3n\",\"isPartOf\":{\"@id\":\"https:\\\/\\\/www.alpis.fr\\\/es\\\/#website\"},\"primaryImageOfPage\":{\"@id\":\"https:\\\/\\\/www.alpis.fr\\\/es\\\/politica-de-confidencialidad\\\/#primaryimage\"},\"image\":{\"@id\":\"https:\\\/\\\/www.alpis.fr\\\/es\\\/politica-de-confidencialidad\\\/#primaryimage\"},\"thumbnailUrl\":\"https:\\\/\\\/www.alpis.fr\\\/wp-content\\\/uploads\\\/elementor\\\/thumbs\\\/confidential-pqcv6yw0f4cgxlcw66hhns7fi5j6sg6jtd430hgfkg.jpg\",\"datePublished\":\"2022-01-24T10:59:46+00:00\",\"dateModified\":\"2024-10-16T09:14:40+00:00\",\"description\":\"Alpis Traducci\u00f3n e Interpretaci\u00f3n garantiza la completa protecci\u00f3n y confidencialidad de sus datos personales durante nuestros intercambios.\",\"inLanguage\":\"es\",\"potentialAction\":[{\"@type\":\"ReadAction\",\"target\":[\"https:\\\/\\\/www.alpis.fr\\\/es\\\/politica-de-confidencialidad\\\/\"]}]},{\"@type\":\"ImageObject\",\"inLanguage\":\"es\",\"@id\":\"https:\\\/\\\/www.alpis.fr\\\/es\\\/politica-de-confidencialidad\\\/#primaryimage\",\"url\":\"https:\\\/\\\/www.alpis.fr\\\/wp-content\\\/uploads\\\/elementor\\\/thumbs\\\/confidential-pqcv6yw0f4cgxlcw66hhns7fi5j6sg6jtd430hgfkg.jpg\",\"contentUrl\":\"https:\\\/\\\/www.alpis.fr\\\/wp-content\\\/uploads\\\/elementor\\\/thumbs\\\/confidential-pqcv6yw0f4cgxlcw66hhns7fi5j6sg6jtd430hgfkg.jpg\"},{\"@type\":\"WebSite\",\"@id\":\"https:\\\/\\\/www.alpis.fr\\\/es\\\/#website\",\"url\":\"https:\\\/\\\/www.alpis.fr\\\/es\\\/\",\"name\":\"Alpis Traduction et Interpr\u00e9tation\",\"description\":\"La agencia de traducci\u00f3n al servicio de su ascenso internacional.\",\"publisher\":{\"@id\":\"https:\\\/\\\/www.alpis.fr\\\/es\\\/#organization\"},\"potentialAction\":[{\"@type\":\"SearchAction\",\"target\":{\"@type\":\"EntryPoint\",\"urlTemplate\":\"https:\\\/\\\/www.alpis.fr\\\/es\\\/?s={search_term_string}\"},\"query-input\":{\"@type\":\"PropertyValueSpecification\",\"valueRequired\":true,\"valueName\":\"search_term_string\"}}],\"inLanguage\":\"es\"},{\"@type\":\"Organization\",\"@id\":\"https:\\\/\\\/www.alpis.fr\\\/es\\\/#organization\",\"name\":\"Alpis Traduction et Interpr\u00e9tation\",\"alternateName\":\"Alpis\",\"url\":\"https:\\\/\\\/www.alpis.fr\\\/es\\\/\",\"logo\":{\"@type\":\"ImageObject\",\"inLanguage\":\"es\",\"@id\":\"https:\\\/\\\/www.alpis.fr\\\/es\\\/#\\\/schema\\\/logo\\\/image\\\/\",\"url\":\"https:\\\/\\\/www.alpis.fr\\\/wp-content\\\/uploads\\\/2022\\\/06\\\/LogoPreviewFB1200x630.jpg\",\"contentUrl\":\"https:\\\/\\\/www.alpis.fr\\\/wp-content\\\/uploads\\\/2022\\\/06\\\/LogoPreviewFB1200x630.jpg\",\"width\":1200,\"height\":630,\"caption\":\"Alpis Traduction et Interpr\u00e9tation\"},\"image\":{\"@id\":\"https:\\\/\\\/www.alpis.fr\\\/es\\\/#\\\/schema\\\/logo\\\/image\\\/\"},\"sameAs\":[\"https:\\\/\\\/www.facebook.com\\\/alpisfr\\\/\",\"https:\\\/\\\/x.com\\\/AlpisParis\",\"https:\\\/\\\/www.linkedin.com\\\/company\\\/alpis\",\"https:\\\/\\\/twitter.com\\\/AlpisParis\"],\"email\":\"contact@alpis.fr\",\"telephone\":\"+33973037000\",\"legalName\":\"Alpis Traduction et Interpr\u00e9tation SAS\",\"foundingDate\":\"2014-03-06\",\"vatID\":\"FR52801253543\",\"taxID\":\"80125354300012\",\"numberOfEmployees\":{\"@type\":\"QuantitativeValue\",\"minValue\":\"1\",\"maxValue\":\"10\"},\"actionableFeedbackPolicy\":\"https:\\\/\\\/www.alpis.fr\\\/mentions-legales\\\/\",\"correctionsPolicy\":\"https:\\\/\\\/www.alpis.fr\\\/mentions-legales\\\/\"}]}<\/script>\n<!-- \/ Yoast SEO Premium plugin. -->","yoast_head_json":{"title":"Pol\u00edtica de confidencialidad - Alpis Traducci\u00f3n e Interpretaci\u00f3n","description":"Alpis Traducci\u00f3n e Interpretaci\u00f3n garantiza la completa protecci\u00f3n y confidencialidad de sus datos personales durante nuestros intercambios.","robots":{"index":"index","follow":"follow","max-snippet":"max-snippet:-1","max-image-preview":"max-image-preview:large","max-video-preview":"max-video-preview:-1"},"canonical":"https:\/\/www.alpis.fr\/es\/politica-de-confidencialidad\/","og_locale":"es_ES","og_type":"article","og_title":"Pol\u00edtica de Confidencialidad","og_description":"Alpis Traducci\u00f3n e Interpretaci\u00f3n garantiza la completa protecci\u00f3n y confidencialidad de sus datos personales durante nuestros intercambios.","og_url":"https:\/\/www.alpis.fr\/es\/politica-de-confidencialidad\/","og_site_name":"Alpis Traducci\u00f3n y Interpretaci\u00f3n","article_publisher":"https:\/\/www.facebook.com\/alpisfr\/","article_modified_time":"2024-10-16T09:14:40+00:00","og_image":[{"url":"https:\/\/www.alpis.fr\/wp-content\/uploads\/elementor\/thumbs\/confidential-pqcv6yw0f4cgxlcw66hhns7fi5j6sg6jtd430hgfkg.jpg","type":"","width":"","height":""}],"twitter_card":"summary_large_image","twitter_site":"@AlpisParis","twitter_misc":{"Tiempo de lectura":"4 minutos"},"schema":{"@context":"https:\/\/schema.org","@graph":[{"@type":"WebPage","@id":"https:\/\/www.alpis.fr\/es\/politica-de-confidencialidad\/","url":"https:\/\/www.alpis.fr\/es\/politica-de-confidencialidad\/","name":"Pol\u00edtica de confidencialidad - Alpis Traducci\u00f3n e Interpretaci\u00f3n","isPartOf":{"@id":"https:\/\/www.alpis.fr\/es\/#website"},"primaryImageOfPage":{"@id":"https:\/\/www.alpis.fr\/es\/politica-de-confidencialidad\/#primaryimage"},"image":{"@id":"https:\/\/www.alpis.fr\/es\/politica-de-confidencialidad\/#primaryimage"},"thumbnailUrl":"https:\/\/www.alpis.fr\/wp-content\/uploads\/elementor\/thumbs\/confidential-pqcv6yw0f4cgxlcw66hhns7fi5j6sg6jtd430hgfkg.jpg","datePublished":"2022-01-24T10:59:46+00:00","dateModified":"2024-10-16T09:14:40+00:00","description":"Alpis Traducci\u00f3n e Interpretaci\u00f3n garantiza la completa protecci\u00f3n y confidencialidad de sus datos personales durante nuestros intercambios.","inLanguage":"es","potentialAction":[{"@type":"ReadAction","target":["https:\/\/www.alpis.fr\/es\/politica-de-confidencialidad\/"]}]},{"@type":"ImageObject","inLanguage":"es","@id":"https:\/\/www.alpis.fr\/es\/politica-de-confidencialidad\/#primaryimage","url":"https:\/\/www.alpis.fr\/wp-content\/uploads\/elementor\/thumbs\/confidential-pqcv6yw0f4cgxlcw66hhns7fi5j6sg6jtd430hgfkg.jpg","contentUrl":"https:\/\/www.alpis.fr\/wp-content\/uploads\/elementor\/thumbs\/confidential-pqcv6yw0f4cgxlcw66hhns7fi5j6sg6jtd430hgfkg.jpg"},{"@type":"WebSite","@id":"https:\/\/www.alpis.fr\/es\/#website","url":"https:\/\/www.alpis.fr\/es\/","name":"Alpis Traduction et Interpr\u00e9tation","description":"La agencia de traducci\u00f3n al servicio de su ascenso internacional.","publisher":{"@id":"https:\/\/www.alpis.fr\/es\/#organization"},"potentialAction":[{"@type":"SearchAction","target":{"@type":"EntryPoint","urlTemplate":"https:\/\/www.alpis.fr\/es\/?s={search_term_string}"},"query-input":{"@type":"PropertyValueSpecification","valueRequired":true,"valueName":"search_term_string"}}],"inLanguage":"es"},{"@type":"Organization","@id":"https:\/\/www.alpis.fr\/es\/#organization","name":"Alpis Traduction et Interpr\u00e9tation","alternateName":"Alpis","url":"https:\/\/www.alpis.fr\/es\/","logo":{"@type":"ImageObject","inLanguage":"es","@id":"https:\/\/www.alpis.fr\/es\/#\/schema\/logo\/image\/","url":"https:\/\/www.alpis.fr\/wp-content\/uploads\/2022\/06\/LogoPreviewFB1200x630.jpg","contentUrl":"https:\/\/www.alpis.fr\/wp-content\/uploads\/2022\/06\/LogoPreviewFB1200x630.jpg","width":1200,"height":630,"caption":"Alpis Traduction et Interpr\u00e9tation"},"image":{"@id":"https:\/\/www.alpis.fr\/es\/#\/schema\/logo\/image\/"},"sameAs":["https:\/\/www.facebook.com\/alpisfr\/","https:\/\/x.com\/AlpisParis","https:\/\/www.linkedin.com\/company\/alpis","https:\/\/twitter.com\/AlpisParis"],"email":"contact@alpis.fr","telephone":"+33973037000","legalName":"Alpis Traduction et Interpr\u00e9tation SAS","foundingDate":"2014-03-06","vatID":"FR52801253543","taxID":"80125354300012","numberOfEmployees":{"@type":"QuantitativeValue","minValue":"1","maxValue":"10"},"actionableFeedbackPolicy":"https:\/\/www.alpis.fr\/mentions-legales\/","correctionsPolicy":"https:\/\/www.alpis.fr\/mentions-legales\/"}]}},"_links":{"self":[{"href":"https:\/\/www.alpis.fr\/es\/wp-json\/wp\/v2\/pages\/7512","targetHints":{"allow":["GET"]}}],"collection":[{"href":"https:\/\/www.alpis.fr\/es\/wp-json\/wp\/v2\/pages"}],"about":[{"href":"https:\/\/www.alpis.fr\/es\/wp-json\/wp\/v2\/types\/page"}],"author":[{"embeddable":true,"href":"https:\/\/www.alpis.fr\/es\/wp-json\/wp\/v2\/users\/25"}],"replies":[{"embeddable":true,"href":"https:\/\/www.alpis.fr\/es\/wp-json\/wp\/v2\/comments?post=7512"}],"version-history":[{"count":0,"href":"https:\/\/www.alpis.fr\/es\/wp-json\/wp\/v2\/pages\/7512\/revisions"}],"wp:attachment":[{"href":"https:\/\/www.alpis.fr\/es\/wp-json\/wp\/v2\/media?parent=7512"}],"curies":[{"name":"wp","href":"https:\/\/api.w.org\/{rel}","templated":true}]}}