{"id":7439,"date":"2022-06-22T09:20:31","date_gmt":"2022-06-22T07:20:31","guid":{"rendered":"https:\/\/www.alpis.fr\/pago\/"},"modified":"2024-10-16T11:51:34","modified_gmt":"2024-10-16T09:51:34","slug":"pago","status":"publish","type":"page","link":"https:\/\/www.alpis.fr\/es\/pago\/","title":{"rendered":"Pago"},"content":{"rendered":"\t\t<div data-elementor-type=\"wp-page\" data-elementor-id=\"7439\" class=\"elementor elementor-7439 elementor-3999\" data-elementor-post-type=\"page\">\n\t\t\t\t\t\t<section class=\" elementor-section elementor-top-section elementor-element elementor-element-c50dc3b elementor-section-boxed elementor-section-height-default elementor-section-height-default wpr-jarallax-no wpr-sticky-section-no\" data-id=\"c50dc3b\" data-element_type=\"section\" data-e-type=\"section\">\r\n\t\t\t\t\t\t\t\t<div class=\"elementor-container elementor-column-gap-default\">\r\n\t\t\t\t\r\n\t\t\t\t\t\t\t\t<div class=\" elementor-column elementor-col-100 elementor-top-column elementor-element elementor-element-b655094 \" data-id=\"b655094\" data-element_type=\"column\" data-e-type=\"column\">\r\n\r\n\t\t\t\t\r\n\t\t\t\t<div class=\"elementor-widget-wrap\">\r\n\t\t\t\t\t\t\t\t\t\t\r\n\t\t\t\t\t\t\t\t<\/div>\r\n\t\t\t\t<\/div>\r\n\t\t\t\t\t\t\t\t<\/div>\r\n\t\t\t<\/section>\r\n\t\t\t\t\t<section class=\" elementor-section elementor-top-section elementor-element elementor-element-29ae6b3 elementor-section-boxed elementor-section-height-default elementor-section-height-default wpr-jarallax-no wpr-sticky-section-no\" data-id=\"29ae6b3\" data-element_type=\"section\" data-e-type=\"section\">\r\n\t\t\t\t\t\t\t\t<div class=\"elementor-container elementor-column-gap-default\">\r\n\t\t\t\t\r\n\t\t\t\t\t\t\t\t<div class=\" elementor-column elementor-col-100 elementor-top-column elementor-element elementor-element-f8eb83a \" data-id=\"f8eb83a\" data-element_type=\"column\" data-e-type=\"column\">\r\n\r\n\t\t\t\t\r\n\t\t\t\t<div class=\"elementor-widget-wrap elementor-element-populated\">\r\n\t\t\t\t\t\t\t\t\t\t\r\n\t\t\t\t\t\t<div class=\"elementor-element elementor-element-f9ab2ad eael-dual-header-content-align-center elementor-widget elementor-widget-eael-dual-color-header\" data-id=\"f9ab2ad\" data-element_type=\"widget\" data-e-type=\"widget\" data-widget_type=\"eael-dual-color-header.default\">\n\t\t\t\t\t\t\t\t<div class=\"eael-dual-header\">\n\t\t\t\t<h1 class=\"title eael-dch-title\"><span class=\"eael-dch-title-text eael-dch-title-lead lead solid-color\">Pago por tarjeta bancaria<\/span> <span class=\"eael-dch-title-text\"><\/span><\/h1><div class=\"eael-dch-separator-wrap\"><span class=\"separator-one\"><\/span>\n\t\t\t<span class=\"separator-two\"><\/span><\/div>\t\t\t<\/div>\n\n\t\t\t\t\t\t<\/div>\n\t\t\t\t<div class=\"elementor-element elementor-element-c049552 elementor-widget elementor-widget-spacer\" data-id=\"c049552\" data-element_type=\"widget\" data-e-type=\"widget\" data-widget_type=\"spacer.default\">\n\t\t\t\t\t\t\t<div class=\"elementor-spacer\">\n\t\t\t<div class=\"elementor-spacer-inner\"><\/div>\n\t\t<\/div>\n\t\t\t\t\t\t<\/div>\n\t\t\t\t<div class=\"elementor-element elementor-element-37f159c elementor-widget elementor-widget-text-editor\" data-id=\"37f159c\" data-element_type=\"widget\" data-e-type=\"widget\" data-widget_type=\"text-editor.default\">\n\t\t\t\t\t\t\t\t\t<p>Estimado cliente de Alpis,<\/p>\n<p>acaba de realizar un pago con tarjeta bancaria o PayPal.<\/p>\n<p>Si el pago se ha realizado correctamente, recibir\u00e1 un correo electr\u00f3nico de confirmaci\u00f3n de la plataforma de pago.<\/p>\n<p><span style=\"text-decoration: underline;\"><strong>Por favor, compruebe que el pago se ha realizado correctamente en el correo electr\u00f3nico.<\/strong><\/span><\/p>\n<ul>\n<li>Si es as\u00ed, nuestro personal procesar\u00e1 su solicitud en los pr\u00f3ximos minutos.<br \/>\nA continuaci\u00f3n, se verificar\u00e1 su pedido y se le enviar\u00e1 una confirmaci\u00f3n del mismo por correo electr\u00f3nico.<br \/>\nEl servicio solicitado (traducci\u00f3n, interpretaci\u00f3n, legalizaci\u00f3n) se realiza en el plazo acordado.<br \/>\nSi se trata de una traducci\u00f3n o legalizaci\u00f3n, se env\u00eda directamente a la direcci\u00f3n que usted elija o a un punto de relevo cercano por correo certificado, expreso, mensajero, etc.<\/li>\n<li>Si no es as\u00ed, renueve su pago.<br \/>\nEn cualquier caso, en caso de error, s\u00f3lo se le cargar\u00e1 una vez en caso de doble pago.<\/li>\n<\/ul>\n<p>Para cualquier informaci\u00f3n adicional puede ponerse en contacto con nosotros directamente por tel\u00e9fono o por correo electr\u00f3nico respondiendo a los correos electr\u00f3nicos recibidos.<\/p>\n<p>No es necesario devolver el recibo de pago que tambi\u00e9n recibimos.<\/p>\n<p>Si no recibe una confirmaci\u00f3n del pedido en un plazo de dos horas laborables,<br \/>\nll\u00e1menos para comprobar que su pago ha sido procesado.<\/p>\n<p>Si tiene m\u00e1s preguntas, consulte nuestras <a href=\"https:\/\/www.alpis.fr\/es\/preguntas-frecuentes\/\" target=\"_blank\">preguntas frecuentes<\/a>.<\/p>\n\t\t\t\t\t\t\t\t<\/div>\n\t\t\t\t<div class=\"elementor-element elementor-element-5f956d0 elementor-widget elementor-widget-spacer\" data-id=\"5f956d0\" data-element_type=\"widget\" data-e-type=\"widget\" data-widget_type=\"spacer.default\">\n\t\t\t\t\t\t\t<div class=\"elementor-spacer\">\n\t\t\t<div class=\"elementor-spacer-inner\"><\/div>\n\t\t<\/div>\n\t\t\t\t\t\t<\/div>\n\t\t\t\t<div class=\"elementor-element elementor-element-ae14d23 elementor-widget elementor-widget-image\" data-id=\"ae14d23\" data-element_type=\"widget\" data-e-type=\"widget\" data-widget_type=\"image.default\">\n\t\t\t\t\t\t\t\t\t\t\t\t\t\t\t<img decoding=\"async\" width=\"730\" height=\"50\" src=\"\/cdn-cgi\/image\/quality=80,format=auto,onerror=redirect,metadata=none\/wp-content\/uploads\/2023\/07\/payment-methods.jpg\" class=\"attachment-large size-large wp-image-12302\" alt=\"m\u00e9thodes de paiement\" \/>\t\t\t\t\t\t\t\t\t\t\t\t\t\t\t<\/div>\n\t\t\t\t<div class=\"elementor-element elementor-element-d52c6ce elementor-widget elementor-widget-spacer\" data-id=\"d52c6ce\" data-element_type=\"widget\" data-e-type=\"widget\" data-widget_type=\"spacer.default\">\n\t\t\t\t\t\t\t<div class=\"elementor-spacer\">\n\t\t\t<div class=\"elementor-spacer-inner\"><\/div>\n\t\t<\/div>\n\t\t\t\t\t\t<\/div>\n\t\t\t\t<div class=\"elementor-element elementor-element-b8afd83 elementor-align-center elementor-invisible elementor-widget elementor-widget-button\" data-id=\"b8afd83\" data-element_type=\"widget\" data-e-type=\"widget\" data-settings=\"{&quot;_animation&quot;:&quot;zoomInUp&quot;}\" data-widget_type=\"button.default\">\n\t\t\t\t\t\t\t\t\t\t<a class=\"elementor-button elementor-button-link elementor-size-lg elementor-animation-push\" href=\"tel:%20+33973037000\">\n\t\t\t\t\t\t<span class=\"elementor-button-content-wrapper\">\n\t\t\t\t\t\t<span class=\"elementor-button-icon\">\n\t\t\t\t<svg aria-hidden=\"true\" class=\"e-font-icon-svg e-fas-phone\" viewBox=\"0 0 512 512\" xmlns=\"http:\/\/www.w3.org\/2000\/svg\"><path d=\"M493.4 24.6l-104-24c-11.3-2.6-22.9 3.3-27.5 13.9l-48 112c-4.2 9.8-1.4 21.3 6.9 28l60.6 49.6c-36 76.7-98.9 140.5-177.2 177.2l-49.6-60.6c-6.8-8.3-18.2-11.1-28-6.9l-112 48C3.9 366.5-2 378.1.6 389.4l24 104C27.1 504.2 36.7 512 48 512c256.1 0 464-207.5 464-464 0-11.2-7.7-20.9-18.6-23.4z\"><\/path><\/svg>\t\t\t<\/span>\n\t\t\t\t\t\t\t\t\t<span class=\"elementor-button-text\">\u00bfUn problema? \u00a1ll\u00e1menos!<\/span>\n\t\t\t\t\t<\/span>\n\t\t\t\t\t<\/a>\n\t\t\t\t\t\t\t\t<\/div>\n\t\t\t\t\t\t<\/div>\r\n\t\t\t\t<\/div>\r\n\t\t\t\t\t\t\t\t<\/div>\r\n\t\t\t<\/section>\r\n\t\t\t\t\t<\/div>\n\t\t","protected":false},"excerpt":{"rendered":"<p>Pago por tarjeta bancaria Estimado cliente de Alpis, acaba de realizar un pago con tarjeta bancaria o PayPal. Si el pago se ha realizado correctamente, recibir\u00e1 un correo electr\u00f3nico de confirmaci\u00f3n de la plataforma de pago. Por favor, compruebe que el pago se ha realizado correctamente en el correo electr\u00f3nico. Si es as\u00ed, nuestro personal procesar\u00e1 su solicitud en los pr\u00f3ximos minutos. A continuaci\u00f3n, se verificar\u00e1 su pedido y se le enviar\u00e1 una confirmaci\u00f3n del mismo por correo electr\u00f3nico. El servicio solicitado (traducci\u00f3n, interpretaci\u00f3n, legalizaci\u00f3n) se realiza en el plazo acordado. Si se trata de una traducci\u00f3n o legalizaci\u00f3n, se env\u00eda directamente a la direcci\u00f3n que usted elija o a un punto de relevo cercano por correo certificado, expreso, mensajero, etc. Si no es as\u00ed, renueve su pago. En cualquier caso, en caso de error, s\u00f3lo se le cargar\u00e1 una vez en caso de doble pago. Para cualquier informaci\u00f3n adicional puede ponerse en contacto con nosotros directamente por tel\u00e9fono o por correo electr\u00f3nico respondiendo a los correos electr\u00f3nicos recibidos. No es necesario devolver el recibo de pago que tambi\u00e9n recibimos. Si no recibe una confirmaci\u00f3n del pedido en un plazo de dos horas laborables, ll\u00e1menos para comprobar que su pago ha sido procesado. Si tiene m\u00e1s preguntas, consulte nuestras preguntas frecuentes. \u00bfUn problema? \u00a1ll\u00e1menos!<\/p>\n","protected":false},"author":25,"featured_media":0,"parent":0,"menu_order":0,"comment_status":"closed","ping_status":"closed","template":"","meta":{"footnotes":""},"class_list":["post-7439","page","type-page","status-publish","hentry"],"yoast_head":"<!-- This site is optimized with the Yoast SEO Premium plugin v27.3 (Yoast SEO v27.3) - https:\/\/yoast.com\/product\/yoast-seo-premium-wordpress\/ -->\n<title>Pago - Alpis Traducci\u00f3n y Interpretaci\u00f3n<\/title>\n<meta name=\"description\" content=\"P\u00e1gina Alpis Traducci\u00f3n e Interpretaci\u00f3n de confirmaci\u00f3n de pago\" \/>\n<meta name=\"robots\" content=\"noindex, nofollow\" \/>\n<meta property=\"og:locale\" content=\"es_ES\" \/>\n<meta property=\"og:type\" content=\"article\" \/>\n<meta property=\"og:title\" content=\"Pago\" \/>\n<meta property=\"og:description\" content=\"P\u00e1gina Alpis Traducci\u00f3n e Interpretaci\u00f3n de confirmaci\u00f3n de pago\" \/>\n<meta property=\"og:url\" content=\"https:\/\/www.alpis.fr\/es\/pago\/\" \/>\n<meta property=\"og:site_name\" content=\"Alpis Traducci\u00f3n y Interpretaci\u00f3n\" \/>\n<meta property=\"article:publisher\" content=\"https:\/\/www.facebook.com\/alpisfr\/\" \/>\n<meta property=\"article:modified_time\" content=\"2024-10-16T09:51:34+00:00\" \/>\n<meta property=\"og:image\" content=\"https:\/\/www.alpis.fr\/cdn-cgi\/image\/quality=80,format=auto,onerror=redirect,metadata=none\/wp-content\/uploads\/2023\/07\/payment-methods.jpg\" \/>\n\t<meta property=\"og:image:width\" content=\"730\" \/>\n\t<meta property=\"og:image:height\" content=\"50\" \/>\n\t<meta property=\"og:image:type\" content=\"image\/jpeg\" \/>\n<meta name=\"twitter:card\" content=\"summary_large_image\" \/>\n<meta name=\"twitter:site\" content=\"@AlpisParis\" \/>\n<meta name=\"twitter:label1\" content=\"Tiempo de lectura\" \/>\n\t<meta name=\"twitter:data1\" content=\"1 minuto\" \/>\n<script type=\"application\/ld+json\" class=\"yoast-schema-graph\">{\"@context\":\"https:\\\/\\\/schema.org\",\"@graph\":[{\"@type\":\"WebPage\",\"@id\":\"https:\\\/\\\/www.alpis.fr\\\/es\\\/pago\\\/\",\"url\":\"https:\\\/\\\/www.alpis.fr\\\/es\\\/pago\\\/\",\"name\":\"Pago - Alpis Traducci\u00f3n y Interpretaci\u00f3n\",\"isPartOf\":{\"@id\":\"https:\\\/\\\/www.alpis.fr\\\/es\\\/#website\"},\"primaryImageOfPage\":{\"@id\":\"https:\\\/\\\/www.alpis.fr\\\/es\\\/pago\\\/#primaryimage\"},\"image\":{\"@id\":\"https:\\\/\\\/www.alpis.fr\\\/es\\\/pago\\\/#primaryimage\"},\"thumbnailUrl\":\"https:\\\/\\\/www.alpis.fr\\\/wp-content\\\/uploads\\\/2023\\\/07\\\/payment-methods.jpg\",\"datePublished\":\"2022-06-22T07:20:31+00:00\",\"dateModified\":\"2024-10-16T09:51:34+00:00\",\"description\":\"P\u00e1gina Alpis Traducci\u00f3n e Interpretaci\u00f3n de confirmaci\u00f3n de pago\",\"inLanguage\":\"es\",\"potentialAction\":[{\"@type\":\"ReadAction\",\"target\":[\"https:\\\/\\\/www.alpis.fr\\\/es\\\/pago\\\/\"]}]},{\"@type\":\"ImageObject\",\"inLanguage\":\"es\",\"@id\":\"https:\\\/\\\/www.alpis.fr\\\/es\\\/pago\\\/#primaryimage\",\"url\":\"https:\\\/\\\/www.alpis.fr\\\/wp-content\\\/uploads\\\/2023\\\/07\\\/payment-methods.jpg\",\"contentUrl\":\"https:\\\/\\\/www.alpis.fr\\\/wp-content\\\/uploads\\\/2023\\\/07\\\/payment-methods.jpg\"},{\"@type\":\"WebSite\",\"@id\":\"https:\\\/\\\/www.alpis.fr\\\/es\\\/#website\",\"url\":\"https:\\\/\\\/www.alpis.fr\\\/es\\\/\",\"name\":\"Alpis Traduction et Interpr\u00e9tation\",\"description\":\"La agencia de traducci\u00f3n al servicio de su ascenso internacional.\",\"publisher\":{\"@id\":\"https:\\\/\\\/www.alpis.fr\\\/es\\\/#organization\"},\"potentialAction\":[{\"@type\":\"SearchAction\",\"target\":{\"@type\":\"EntryPoint\",\"urlTemplate\":\"https:\\\/\\\/www.alpis.fr\\\/es\\\/?s={search_term_string}\"},\"query-input\":{\"@type\":\"PropertyValueSpecification\",\"valueRequired\":true,\"valueName\":\"search_term_string\"}}],\"inLanguage\":\"es\"},{\"@type\":\"Organization\",\"@id\":\"https:\\\/\\\/www.alpis.fr\\\/es\\\/#organization\",\"name\":\"Alpis Traduction et Interpr\u00e9tation\",\"alternateName\":\"Alpis\",\"url\":\"https:\\\/\\\/www.alpis.fr\\\/es\\\/\",\"logo\":{\"@type\":\"ImageObject\",\"inLanguage\":\"es\",\"@id\":\"https:\\\/\\\/www.alpis.fr\\\/es\\\/#\\\/schema\\\/logo\\\/image\\\/\",\"url\":\"https:\\\/\\\/www.alpis.fr\\\/wp-content\\\/uploads\\\/2022\\\/06\\\/LogoPreviewFB1200x630.jpg\",\"contentUrl\":\"https:\\\/\\\/www.alpis.fr\\\/wp-content\\\/uploads\\\/2022\\\/06\\\/LogoPreviewFB1200x630.jpg\",\"width\":1200,\"height\":630,\"caption\":\"Alpis Traduction et Interpr\u00e9tation\"},\"image\":{\"@id\":\"https:\\\/\\\/www.alpis.fr\\\/es\\\/#\\\/schema\\\/logo\\\/image\\\/\"},\"sameAs\":[\"https:\\\/\\\/www.facebook.com\\\/alpisfr\\\/\",\"https:\\\/\\\/x.com\\\/AlpisParis\",\"https:\\\/\\\/www.linkedin.com\\\/company\\\/alpis\",\"https:\\\/\\\/twitter.com\\\/AlpisParis\"],\"email\":\"contact@alpis.fr\",\"telephone\":\"+33973037000\",\"legalName\":\"Alpis Traduction et Interpr\u00e9tation SAS\",\"foundingDate\":\"2014-03-06\",\"vatID\":\"FR52801253543\",\"taxID\":\"80125354300012\",\"numberOfEmployees\":{\"@type\":\"QuantitativeValue\",\"minValue\":\"1\",\"maxValue\":\"10\"},\"actionableFeedbackPolicy\":\"https:\\\/\\\/www.alpis.fr\\\/mentions-legales\\\/\",\"correctionsPolicy\":\"https:\\\/\\\/www.alpis.fr\\\/mentions-legales\\\/\"}]}<\/script>\n<!-- \/ Yoast SEO Premium plugin. -->","yoast_head_json":{"title":"Pago - Alpis Traducci\u00f3n y Interpretaci\u00f3n","description":"P\u00e1gina Alpis Traducci\u00f3n e Interpretaci\u00f3n de confirmaci\u00f3n de pago","robots":{"index":"noindex","follow":"nofollow"},"og_locale":"es_ES","og_type":"article","og_title":"Pago","og_description":"P\u00e1gina Alpis Traducci\u00f3n e Interpretaci\u00f3n de confirmaci\u00f3n de pago","og_url":"https:\/\/www.alpis.fr\/es\/pago\/","og_site_name":"Alpis Traducci\u00f3n y Interpretaci\u00f3n","article_publisher":"https:\/\/www.facebook.com\/alpisfr\/","article_modified_time":"2024-10-16T09:51:34+00:00","og_image":[{"width":730,"height":50,"url":"https:\/\/www.alpis.fr\/cdn-cgi\/image\/quality=80,format=auto,onerror=redirect,metadata=none\/wp-content\/uploads\/2023\/07\/payment-methods.jpg","type":"image\/jpeg"}],"twitter_card":"summary_large_image","twitter_site":"@AlpisParis","twitter_misc":{"Tiempo de lectura":"1 minuto"},"schema":{"@context":"https:\/\/schema.org","@graph":[{"@type":"WebPage","@id":"https:\/\/www.alpis.fr\/es\/pago\/","url":"https:\/\/www.alpis.fr\/es\/pago\/","name":"Pago - Alpis Traducci\u00f3n y Interpretaci\u00f3n","isPartOf":{"@id":"https:\/\/www.alpis.fr\/es\/#website"},"primaryImageOfPage":{"@id":"https:\/\/www.alpis.fr\/es\/pago\/#primaryimage"},"image":{"@id":"https:\/\/www.alpis.fr\/es\/pago\/#primaryimage"},"thumbnailUrl":"https:\/\/www.alpis.fr\/wp-content\/uploads\/2023\/07\/payment-methods.jpg","datePublished":"2022-06-22T07:20:31+00:00","dateModified":"2024-10-16T09:51:34+00:00","description":"P\u00e1gina Alpis Traducci\u00f3n e Interpretaci\u00f3n de confirmaci\u00f3n de pago","inLanguage":"es","potentialAction":[{"@type":"ReadAction","target":["https:\/\/www.alpis.fr\/es\/pago\/"]}]},{"@type":"ImageObject","inLanguage":"es","@id":"https:\/\/www.alpis.fr\/es\/pago\/#primaryimage","url":"https:\/\/www.alpis.fr\/wp-content\/uploads\/2023\/07\/payment-methods.jpg","contentUrl":"https:\/\/www.alpis.fr\/wp-content\/uploads\/2023\/07\/payment-methods.jpg"},{"@type":"WebSite","@id":"https:\/\/www.alpis.fr\/es\/#website","url":"https:\/\/www.alpis.fr\/es\/","name":"Alpis Traduction et Interpr\u00e9tation","description":"La agencia de traducci\u00f3n al servicio de su ascenso internacional.","publisher":{"@id":"https:\/\/www.alpis.fr\/es\/#organization"},"potentialAction":[{"@type":"SearchAction","target":{"@type":"EntryPoint","urlTemplate":"https:\/\/www.alpis.fr\/es\/?s={search_term_string}"},"query-input":{"@type":"PropertyValueSpecification","valueRequired":true,"valueName":"search_term_string"}}],"inLanguage":"es"},{"@type":"Organization","@id":"https:\/\/www.alpis.fr\/es\/#organization","name":"Alpis Traduction et Interpr\u00e9tation","alternateName":"Alpis","url":"https:\/\/www.alpis.fr\/es\/","logo":{"@type":"ImageObject","inLanguage":"es","@id":"https:\/\/www.alpis.fr\/es\/#\/schema\/logo\/image\/","url":"https:\/\/www.alpis.fr\/wp-content\/uploads\/2022\/06\/LogoPreviewFB1200x630.jpg","contentUrl":"https:\/\/www.alpis.fr\/wp-content\/uploads\/2022\/06\/LogoPreviewFB1200x630.jpg","width":1200,"height":630,"caption":"Alpis Traduction et Interpr\u00e9tation"},"image":{"@id":"https:\/\/www.alpis.fr\/es\/#\/schema\/logo\/image\/"},"sameAs":["https:\/\/www.facebook.com\/alpisfr\/","https:\/\/x.com\/AlpisParis","https:\/\/www.linkedin.com\/company\/alpis","https:\/\/twitter.com\/AlpisParis"],"email":"contact@alpis.fr","telephone":"+33973037000","legalName":"Alpis Traduction et Interpr\u00e9tation SAS","foundingDate":"2014-03-06","vatID":"FR52801253543","taxID":"80125354300012","numberOfEmployees":{"@type":"QuantitativeValue","minValue":"1","maxValue":"10"},"actionableFeedbackPolicy":"https:\/\/www.alpis.fr\/mentions-legales\/","correctionsPolicy":"https:\/\/www.alpis.fr\/mentions-legales\/"}]}},"_links":{"self":[{"href":"https:\/\/www.alpis.fr\/es\/wp-json\/wp\/v2\/pages\/7439","targetHints":{"allow":["GET"]}}],"collection":[{"href":"https:\/\/www.alpis.fr\/es\/wp-json\/wp\/v2\/pages"}],"about":[{"href":"https:\/\/www.alpis.fr\/es\/wp-json\/wp\/v2\/types\/page"}],"author":[{"embeddable":true,"href":"https:\/\/www.alpis.fr\/es\/wp-json\/wp\/v2\/users\/25"}],"replies":[{"embeddable":true,"href":"https:\/\/www.alpis.fr\/es\/wp-json\/wp\/v2\/comments?post=7439"}],"version-history":[{"count":0,"href":"https:\/\/www.alpis.fr\/es\/wp-json\/wp\/v2\/pages\/7439\/revisions"}],"wp:attachment":[{"href":"https:\/\/www.alpis.fr\/es\/wp-json\/wp\/v2\/media?parent=7439"}],"curies":[{"name":"wp","href":"https:\/\/api.w.org\/{rel}","templated":true}]}}