{"id":6998,"date":"2022-01-27T09:25:06","date_gmt":"2022-01-27T08:25:06","guid":{"rendered":"https:\/\/www.alpis.fr\/rechtliche-hinweise\/"},"modified":"2024-10-17T12:02:36","modified_gmt":"2024-10-17T10:02:36","slug":"rechtliche-hinweise","status":"publish","type":"page","link":"https:\/\/www.alpis.fr\/de\/rechtliche-hinweise\/","title":{"rendered":"Rechtliche Hinweise"},"content":{"rendered":"\t\t<div data-elementor-type=\"wp-page\" data-elementor-id=\"6998\" class=\"elementor elementor-6998 elementor-612\" data-elementor-post-type=\"page\">\n\t\t\t\t\t\t<section class=\" elementor-section elementor-top-section elementor-element elementor-element-3bfbeeaa alpha-section-stretched elementor-section-boxed elementor-section-height-default elementor-section-height-default wpr-jarallax-no wpr-sticky-section-no wpr-equal-height-no\" data-id=\"3bfbeeaa\" data-element_type=\"section\" data-e-type=\"section\">\r\n\t\t\t\t\t\t\t\t<div class=\"elementor-container elementor-column-gap-default\">\r\n\t\t\t\t\r\n\t\t\t\t\t\t\t\t<div class=\" elementor-column elementor-col-100 elementor-top-column elementor-element elementor-element-1abf2ad0 \" data-id=\"1abf2ad0\" data-element_type=\"column\" data-e-type=\"column\">\r\n\r\n\t\t\t\t\r\n\t\t\t\t<div class=\"elementor-widget-wrap elementor-element-populated\">\r\n\t\t\t\t\t\t\t\t\t\t\r\n\t\t\t\t\t\t<div class=\"elementor-element elementor-element-8600c09 eael-dual-header-content-align-center elementor-widget elementor-widget-eael-dual-color-header\" data-id=\"8600c09\" data-element_type=\"widget\" data-e-type=\"widget\" data-widget_type=\"eael-dual-color-header.default\">\n\t\t\t\t\t\t\t\t<div class=\"eael-dual-header\">\n\t\t\t\t<h1 class=\"title eael-dch-title\"><span class=\"eael-dch-title-text eael-dch-title-lead lead solid-color\">Rechtliche Hinweise<\/span> <span class=\"eael-dch-title-text\"><\/span><\/h1><div class=\"eael-dch-separator-wrap\"><span class=\"separator-one\"><\/span>\n\t\t\t<span class=\"separator-two\"><\/span><\/div>\t\t\t<\/div>\n\n\t\t\t\t\t\t<\/div>\n\t\t\t\t<div class=\"elementor-element elementor-element-20a4a366 elementor-widget elementor-widget-spacer\" data-id=\"20a4a366\" data-element_type=\"widget\" data-e-type=\"widget\" data-widget_type=\"spacer.default\">\n\t\t\t\t\t\t\t<div class=\"elementor-spacer\">\n\t\t\t<div class=\"elementor-spacer-inner\"><\/div>\n\t\t<\/div>\n\t\t\t\t\t\t<\/div>\n\t\t\t\t<div class=\"elementor-element elementor-element-13a73a5 elementor-widget elementor-widget-image\" data-id=\"13a73a5\" data-element_type=\"widget\" data-e-type=\"widget\" data-widget_type=\"image.default\">\n\t\t\t\t\t\t\t\t\t\t\t\t\t\t\t<img width=\"1200\" height=\"200\" decoding=\"async\" src=\"\/cdn-cgi\/image\/quality=80%2Cformat=auto%2Conerror=redirect%2Cmetadata=none\/wp-content\/uploads\/elementor\/thumbs\/Mentions_legales_7-pqcoc970lkm3m5q1t1bopjgygbjxgfqu88t3cx9eq8.jpg\" title=\"Rechtliche Hinweise\" alt=\"Rechtliche Hinweise\" loading=\"lazy\" \/>\t\t\t\t\t\t\t\t\t\t\t\t\t\t\t<\/div>\n\t\t\t\t<div class=\"elementor-element elementor-element-9a620ac elementor-widget elementor-widget-spacer\" data-id=\"9a620ac\" data-element_type=\"widget\" data-e-type=\"widget\" data-widget_type=\"spacer.default\">\n\t\t\t\t\t\t\t<div class=\"elementor-spacer\">\n\t\t\t<div class=\"elementor-spacer-inner\"><\/div>\n\t\t<\/div>\n\t\t\t\t\t\t<\/div>\n\t\t\t\t<div class=\"elementor-element elementor-element-57e614f1 elementor-widget elementor-widget-text-editor\" data-id=\"57e614f1\" data-element_type=\"widget\" data-e-type=\"widget\" data-widget_type=\"text-editor.default\">\n\t\t\t\t\t\t\t\t\t<div class=\"entry-content\">\n<h3>Allgemeine Nutzungsbedingungen<\/h3>\n<p>Durch die Nutzung der Website von <a title=\"Accueil\" href=\"https:\/\/www.alpis.fr\/de\/\">Alpis \u00dcbersetzung und Dolmetschen<\/a> akzeptieren Sie voll und ganz die in diesem Impressum angegebenen allgemeinen Nutzungsbedingungen.<\/p>\n<h3>Angebotene Produkte und Dienstleistungen<\/h3>\n<p>In \u00dcbereinstimmung mit ihrer Kommunikationspolitik soll diese Website die Nutzer \u00fcber die von Alpis angebotenen Dienstleistungen informieren, die sich in der Folge bem\u00fcht, genaue Informationen \u00fcber ihre T\u00e4tigkeit zu liefern. Dennoch kann es zu Ungenauigkeiten oder Auslassungen kommen.\u00a0Es wird keine ausdr\u00fcckliche oder stillschweigende Garantie gegeben f\u00fcr die Marktf\u00e4higkeit der bereitgestellten Informationen, ihre Eignung f\u00fcr einen bestimmten Zweck sowie f\u00fcr die Produkte, auf die in diesen Informationen Bezug genommen wird.<\/p>\n<h3>Pers\u00f6nliche Daten<\/h3>\n<p>Die pers\u00f6nlichen Daten, die wir m\u00f6glicherweise sammeln, sind ausschlie\u00dflich f\u00fcr Alpis bestimmt, damit Sie die auf der Website angebotenen Dienste nutzen k\u00f6nnen.\u00a0Jeder Nutzer, der zur Dienstleistung direkt oder indirekt namentliche Informationen hinterlegt hat, kann gem\u00e4\u00df dem franz\u00f6sischen Gesetz Nr. 78-17 vom 6. Januar 1978 \u00fcber Informatik, Dateien und Freiheiten die Mitteilung der ihn betreffenden namentlichen Informationen beim Administrator der Dienstleistung anfordern und sie gegebenenfalls berichtigen lassen.<\/p>\n<h3>Hypertext-Links<\/h3>\n<p><em>Alpis \u00dcbersetzung und Dolmetschen<\/em>\u00a0lehnt ausdr\u00fccklich jede Verantwortung f\u00fcr den Inhalt von Websites ab, zu denen sie Links anbieten. Diese Links werden den Nutzern der Alpis-Website als Service angeboten. Die Entscheidung, die Links zu aktivieren, liegt ausschlie\u00dflich bei den Webnutzern. Die Risiken, die mit der Nutzung dieser Websites verbunden sind, liegen vollst\u00e4ndig bei diesen Nutzern.<\/p>\n<h3>Urheberrechte<\/h3>\n<p>Alle Texte und Illustrationen auf dieser Website unterliegen dem Urheberrecht. Ihre Vervielf\u00e4ltigung f\u00fcr pers\u00f6nliche Zwecke ist zul\u00e4ssig, ihre nicht genehmigte \u00c4nderung oder Verbreitung ist jedoch untersagt.<\/p>\n<h3>Bildnachweis und Design\/Entwicklung<\/h3>\n<p>Fotothek Alpis, Canstockphoto, Shutterstock, Fotolia<br \/>Seite erstellt von ZD Conception.<\/p>\n<h3>Anwendbares Recht und betroffene Gesetze<\/h3>\n<p>Die vorliegende Website unterliegt franz\u00f6sischem Recht und wird durch das Gesetz Nr. 2004-2005 vom 21. Juni 2004 \u00fcber das Vertrauen in die digitale Wirtschaft, Artikel L.335-2 des Gesetzes \u00fcber geistiges Eigentum und das Gesetz &quot;Informatik und Freiheiten&quot; vom 6. Januar 1978 in der 2004 ge\u00e4nderten Fassung geregelt.<\/p>\n<h3>Herausgeber der Website<\/h3>\n<p><strong>Alpis SAS<\/strong><br \/><a href=\"https:\/\/www.infogreffe.fr\/entreprise-societe\/801253543-alpis-750114B065080000.html\" target=\"_blank\" rel=\"noopener\">801 253 543\u00a0RCS Paris<\/a><br \/>Nr. TVA FR 52 801253543<br \/><a href=\"https:\/\/www.dnb.com\/de-de\/upik-profile\/265992641\/alpis\">DUNS N\u00b0 26 599 2641<\/a><\/p>\n<p><strong>Hauptsitz:<\/strong><br \/>13 Bis avenue de la Motte-Picquet<br \/>75 007 Paris<br \/>Frankreich<\/p>\n<\/div>\n\t\t\t\t\t\t\t\t<\/div>\n\t\t\t\t\t\t<\/div>\r\n\t\t\t\t<\/div>\r\n\t\t\t\t\t\t\t\t<\/div>\r\n\t\t\t<\/section>\r\n\t\t\t\t\t<\/div>\n\t\t","protected":false},"excerpt":{"rendered":"<p>Rechtliche Hinweise Allgemeine Nutzungsbedingungen Durch die Nutzung der Website von Alpis \u00dcbersetzung und Dolmetschen akzeptieren Sie voll und ganz die in diesem Impressum angegebenen allgemeinen Nutzungsbedingungen. Angebotene Produkte und Dienstleistungen In \u00dcbereinstimmung mit ihrer Kommunikationspolitik soll diese Website die Nutzer \u00fcber die von Alpis angebotenen Dienstleistungen informieren, die sich in der Folge bem\u00fcht, genaue Informationen \u00fcber ihre T\u00e4tigkeit zu liefern. Dennoch kann es zu Ungenauigkeiten oder Auslassungen kommen.\u00a0Es wird keine ausdr\u00fcckliche oder stillschweigende Garantie gegeben f\u00fcr die Marktf\u00e4higkeit der bereitgestellten Informationen, ihre Eignung f\u00fcr einen bestimmten Zweck sowie f\u00fcr die Produkte, auf die in diesen Informationen Bezug genommen wird. Pers\u00f6nliche Daten Die pers\u00f6nlichen Daten, die wir m\u00f6glicherweise sammeln, sind ausschlie\u00dflich f\u00fcr Alpis bestimmt, damit Sie die auf der Website angebotenen Dienste nutzen k\u00f6nnen.\u00a0Jeder Nutzer, der zur Dienstleistung direkt oder indirekt namentliche Informationen hinterlegt hat, kann gem\u00e4\u00df dem franz\u00f6sischen Gesetz Nr. 78-17 vom 6. Januar 1978 \u00fcber Informatik, Dateien und Freiheiten die Mitteilung der ihn betreffenden namentlichen Informationen beim Administrator der Dienstleistung anfordern und sie gegebenenfalls berichtigen lassen. Hypertext-Links Alpis \u00dcbersetzung und Dolmetschen\u00a0lehnt ausdr\u00fccklich jede Verantwortung f\u00fcr den Inhalt von Websites ab, zu denen sie Links anbieten. Diese Links werden den Nutzern der Alpis-Website als Service angeboten. Die Entscheidung, die Links zu aktivieren, liegt ausschlie\u00dflich bei den Webnutzern. Die Risiken, die mit der Nutzung dieser Websites verbunden sind, liegen vollst\u00e4ndig bei diesen Nutzern. Urheberrechte Alle Texte und Illustrationen auf dieser Website unterliegen dem Urheberrecht. Ihre Vervielf\u00e4ltigung f\u00fcr pers\u00f6nliche Zwecke ist zul\u00e4ssig, ihre nicht genehmigte \u00c4nderung oder Verbreitung ist jedoch untersagt. Bildnachweis und Design\/Entwicklung Fotothek Alpis, Canstockphoto, Shutterstock, FotoliaSeite erstellt von ZD Conception. Anwendbares Recht und betroffene Gesetze Die vorliegende Website unterliegt franz\u00f6sischem Recht und wird durch das Gesetz Nr. 2004-2005 vom 21. Juni 2004 \u00fcber das Vertrauen in die digitale Wirtschaft, Artikel L.335-2 des Gesetzes \u00fcber geistiges Eigentum und das Gesetz &quot;Informatik und Freiheiten&quot; vom 6. Januar 1978 in der 2004 ge\u00e4nderten Fassung geregelt. Herausgeber der Website Alpis SAS801 253 543\u00a0RCS ParisNr. TVA FR 52 801253543DUNS N\u00b0 26 599 2641 Hauptsitz:13 Bis avenue de la Motte-Picquet75 007 ParisFrankreich<\/p>\n","protected":false},"author":25,"featured_media":0,"parent":0,"menu_order":0,"comment_status":"closed","ping_status":"closed","template":"","meta":{"footnotes":""},"class_list":["post-6998","page","type-page","status-publish","hentry"],"yoast_head":"<!-- This site is optimized with the Yoast SEO Premium plugin v27.5 (Yoast SEO v27.5) - https:\/\/yoast.com\/product\/yoast-seo-premium-wordpress\/ -->\n<title>Rechtliche Hinweise - Alpis \u00dcbersetzung und Dolmetschen<\/title>\n<meta name=\"description\" content=\"Bei Alpis \u00dcbersetzung und Dolmetschen sch\u00fctzen wir Ihre Daten bestm\u00f6glich. Erfahren Sie mehr in unseren rechtlichen Hinweisen.\" \/>\n<meta name=\"robots\" content=\"index, follow, max-snippet:-1, max-image-preview:large, max-video-preview:-1\" \/>\n<link rel=\"canonical\" href=\"https:\/\/www.alpis.fr\/de\/rechtliche-hinweise\/\" \/>\n<meta property=\"og:locale\" content=\"de_DE\" \/>\n<meta property=\"og:type\" content=\"article\" \/>\n<meta property=\"og:title\" content=\"Rechtliche Hinweise - Alpis \u00dcbersetzung und Dolmetschen\" \/>\n<meta property=\"og:description\" content=\"Bei Alpis \u00dcbersetzung und Dolmetschen sch\u00fctzen wir Ihre Daten bestm\u00f6glich. Erfahren Sie mehr in unseren rechtlichen Hinweisen.\" \/>\n<meta property=\"og:url\" content=\"https:\/\/www.alpis.fr\/de\/rechtliche-hinweise\/\" \/>\n<meta property=\"og:site_name\" content=\"Alpis \u00dcbersetzung und Dolmetschen\" \/>\n<meta property=\"article:publisher\" content=\"https:\/\/www.facebook.com\/alpisfr\/\" \/>\n<meta property=\"article:modified_time\" content=\"2024-10-17T10:02:36+00:00\" \/>\n<meta property=\"og:image\" content=\"https:\/\/www.alpis.fr\/wp-content\/uploads\/elementor\/thumbs\/Mentions_legales_7-pqcoc970lkm3m5q1t1bopjgygbjxgfqu88t3cx9eq8.jpg\" \/>\n<meta name=\"twitter:card\" content=\"summary_large_image\" \/>\n<meta name=\"twitter:title\" content=\"Rechtliche Hinweise - Alpis \u00dcbersetzung und Dolmetschen\" \/>\n<meta name=\"twitter:site\" content=\"@AlpisParis\" \/>\n<meta name=\"twitter:label1\" content=\"Gesch\u00e4tzte Lesezeit\" \/>\n\t<meta name=\"twitter:data1\" content=\"2\u00a0Minuten\" \/>\n<script type=\"application\/ld+json\" class=\"yoast-schema-graph\">{\"@context\":\"https:\\\/\\\/schema.org\",\"@graph\":[{\"@type\":\"WebPage\",\"@id\":\"https:\\\/\\\/www.alpis.fr\\\/de\\\/rechtliche-hinweise\\\/\",\"url\":\"https:\\\/\\\/www.alpis.fr\\\/de\\\/rechtliche-hinweise\\\/\",\"name\":\"Rechtliche Hinweise - Alpis \u00dcbersetzung und Dolmetschen\",\"isPartOf\":{\"@id\":\"https:\\\/\\\/www.alpis.fr\\\/de\\\/#website\"},\"primaryImageOfPage\":{\"@id\":\"https:\\\/\\\/www.alpis.fr\\\/de\\\/rechtliche-hinweise\\\/#primaryimage\"},\"image\":{\"@id\":\"https:\\\/\\\/www.alpis.fr\\\/de\\\/rechtliche-hinweise\\\/#primaryimage\"},\"thumbnailUrl\":\"https:\\\/\\\/www.alpis.fr\\\/wp-content\\\/uploads\\\/elementor\\\/thumbs\\\/Mentions_legales_7-pqcoc970lkm3m5q1t1bopjgygbjxgfqu88t3cx9eq8.jpg\",\"datePublished\":\"2022-01-27T08:25:06+00:00\",\"dateModified\":\"2024-10-17T10:02:36+00:00\",\"description\":\"Bei Alpis \u00dcbersetzung und Dolmetschen sch\u00fctzen wir Ihre Daten bestm\u00f6glich. Erfahren Sie mehr in unseren rechtlichen Hinweisen.\",\"inLanguage\":\"de\",\"potentialAction\":[{\"@type\":\"ReadAction\",\"target\":[\"https:\\\/\\\/www.alpis.fr\\\/de\\\/rechtliche-hinweise\\\/\"]}]},{\"@type\":\"ImageObject\",\"inLanguage\":\"de\",\"@id\":\"https:\\\/\\\/www.alpis.fr\\\/de\\\/rechtliche-hinweise\\\/#primaryimage\",\"url\":\"https:\\\/\\\/www.alpis.fr\\\/wp-content\\\/uploads\\\/elementor\\\/thumbs\\\/Mentions_legales_7-pqcoc970lkm3m5q1t1bopjgygbjxgfqu88t3cx9eq8.jpg\",\"contentUrl\":\"https:\\\/\\\/www.alpis.fr\\\/wp-content\\\/uploads\\\/elementor\\\/thumbs\\\/Mentions_legales_7-pqcoc970lkm3m5q1t1bopjgygbjxgfqu88t3cx9eq8.jpg\"},{\"@type\":\"WebSite\",\"@id\":\"https:\\\/\\\/www.alpis.fr\\\/de\\\/#website\",\"url\":\"https:\\\/\\\/www.alpis.fr\\\/de\\\/\",\"name\":\"Alpis Traduction et Interpr\u00e9tation\",\"description\":\"Das \u00dcbersetzungsb\u00fcro im Dienste Ihres internationalen Aufstiegs\",\"publisher\":{\"@id\":\"https:\\\/\\\/www.alpis.fr\\\/de\\\/#organization\"},\"potentialAction\":[{\"@type\":\"SearchAction\",\"target\":{\"@type\":\"EntryPoint\",\"urlTemplate\":\"https:\\\/\\\/www.alpis.fr\\\/de\\\/?s={search_term_string}\"},\"query-input\":{\"@type\":\"PropertyValueSpecification\",\"valueRequired\":true,\"valueName\":\"search_term_string\"}}],\"inLanguage\":\"de\"},{\"@type\":\"Organization\",\"@id\":\"https:\\\/\\\/www.alpis.fr\\\/de\\\/#organization\",\"name\":\"Alpis Traduction et Interpr\u00e9tation\",\"alternateName\":\"Alpis\",\"url\":\"https:\\\/\\\/www.alpis.fr\\\/de\\\/\",\"logo\":{\"@type\":\"ImageObject\",\"inLanguage\":\"de\",\"@id\":\"https:\\\/\\\/www.alpis.fr\\\/de\\\/#\\\/schema\\\/logo\\\/image\\\/\",\"url\":\"\\\/cdn-cgi\\\/image\\\/width=1200%2Cheight=630%2Cfit=crop%2Cquality=80%2Cformat=auto%2Conerror=redirect%2Cmetadata=none\\\/wp-content\\\/uploads\\\/2022\\\/06\\\/LogoPreviewFB1200x630.jpg\",\"contentUrl\":\"\\\/cdn-cgi\\\/image\\\/width=1200%2Cheight=630%2Cfit=crop%2Cquality=80%2Cformat=auto%2Conerror=redirect%2Cmetadata=none\\\/wp-content\\\/uploads\\\/2022\\\/06\\\/LogoPreviewFB1200x630.jpg\",\"width\":1200,\"height\":630,\"caption\":\"Alpis Traduction et Interpr\u00e9tation\"},\"image\":{\"@id\":\"https:\\\/\\\/www.alpis.fr\\\/de\\\/#\\\/schema\\\/logo\\\/image\\\/\"},\"sameAs\":[\"https:\\\/\\\/www.facebook.com\\\/alpisfr\\\/\",\"https:\\\/\\\/x.com\\\/AlpisParis\",\"https:\\\/\\\/www.linkedin.com\\\/company\\\/alpis\",\"https:\\\/\\\/twitter.com\\\/AlpisParis\"],\"email\":\"contact@alpis.fr\",\"telephone\":\"+33973037000\",\"legalName\":\"Alpis Traduction et Interpr\u00e9tation SAS\",\"foundingDate\":\"2014-03-06\",\"vatID\":\"FR52801253543\",\"taxID\":\"80125354300012\",\"numberOfEmployees\":{\"@type\":\"QuantitativeValue\",\"minValue\":\"1\",\"maxValue\":\"10\"},\"actionableFeedbackPolicy\":\"https:\\\/\\\/www.alpis.fr\\\/mentions-legales\\\/\",\"correctionsPolicy\":\"https:\\\/\\\/www.alpis.fr\\\/mentions-legales\\\/\"}]}<\/script>\n<!-- \/ Yoast SEO Premium plugin. -->","yoast_head_json":{"title":"Rechtliche Hinweise - Alpis \u00dcbersetzung und Dolmetschen","description":"Bei Alpis \u00dcbersetzung und Dolmetschen sch\u00fctzen wir Ihre Daten bestm\u00f6glich. Erfahren Sie mehr in unseren rechtlichen Hinweisen.","robots":{"index":"index","follow":"follow","max-snippet":"max-snippet:-1","max-image-preview":"max-image-preview:large","max-video-preview":"max-video-preview:-1"},"canonical":"https:\/\/www.alpis.fr\/de\/rechtliche-hinweise\/","og_locale":"de_DE","og_type":"article","og_title":"Rechtliche Hinweise - Alpis \u00dcbersetzung und Dolmetschen","og_description":"Bei Alpis \u00dcbersetzung und Dolmetschen sch\u00fctzen wir Ihre Daten bestm\u00f6glich. Erfahren Sie mehr in unseren rechtlichen Hinweisen.","og_url":"https:\/\/www.alpis.fr\/de\/rechtliche-hinweise\/","og_site_name":"Alpis \u00dcbersetzung und Dolmetschen","article_publisher":"https:\/\/www.facebook.com\/alpisfr\/","article_modified_time":"2024-10-17T10:02:36+00:00","og_image":[{"url":"https:\/\/www.alpis.fr\/wp-content\/uploads\/elementor\/thumbs\/Mentions_legales_7-pqcoc970lkm3m5q1t1bopjgygbjxgfqu88t3cx9eq8.jpg","type":"","width":"","height":""}],"twitter_card":"summary_large_image","twitter_title":"Rechtliche Hinweise - Alpis \u00dcbersetzung und Dolmetschen","twitter_site":"@AlpisParis","twitter_misc":{"Gesch\u00e4tzte Lesezeit":"2\u00a0Minuten"},"schema":{"@context":"https:\/\/schema.org","@graph":[{"@type":"WebPage","@id":"https:\/\/www.alpis.fr\/de\/rechtliche-hinweise\/","url":"https:\/\/www.alpis.fr\/de\/rechtliche-hinweise\/","name":"Rechtliche Hinweise - Alpis \u00dcbersetzung und Dolmetschen","isPartOf":{"@id":"https:\/\/www.alpis.fr\/de\/#website"},"primaryImageOfPage":{"@id":"https:\/\/www.alpis.fr\/de\/rechtliche-hinweise\/#primaryimage"},"image":{"@id":"https:\/\/www.alpis.fr\/de\/rechtliche-hinweise\/#primaryimage"},"thumbnailUrl":"https:\/\/www.alpis.fr\/wp-content\/uploads\/elementor\/thumbs\/Mentions_legales_7-pqcoc970lkm3m5q1t1bopjgygbjxgfqu88t3cx9eq8.jpg","datePublished":"2022-01-27T08:25:06+00:00","dateModified":"2024-10-17T10:02:36+00:00","description":"Bei Alpis \u00dcbersetzung und Dolmetschen sch\u00fctzen wir Ihre Daten bestm\u00f6glich. Erfahren Sie mehr in unseren rechtlichen Hinweisen.","inLanguage":"de","potentialAction":[{"@type":"ReadAction","target":["https:\/\/www.alpis.fr\/de\/rechtliche-hinweise\/"]}]},{"@type":"ImageObject","inLanguage":"de","@id":"https:\/\/www.alpis.fr\/de\/rechtliche-hinweise\/#primaryimage","url":"https:\/\/www.alpis.fr\/wp-content\/uploads\/elementor\/thumbs\/Mentions_legales_7-pqcoc970lkm3m5q1t1bopjgygbjxgfqu88t3cx9eq8.jpg","contentUrl":"https:\/\/www.alpis.fr\/wp-content\/uploads\/elementor\/thumbs\/Mentions_legales_7-pqcoc970lkm3m5q1t1bopjgygbjxgfqu88t3cx9eq8.jpg"},{"@type":"WebSite","@id":"https:\/\/www.alpis.fr\/de\/#website","url":"https:\/\/www.alpis.fr\/de\/","name":"Alpis Traduction et Interpr\u00e9tation","description":"Das \u00dcbersetzungsb\u00fcro im Dienste Ihres internationalen Aufstiegs","publisher":{"@id":"https:\/\/www.alpis.fr\/de\/#organization"},"potentialAction":[{"@type":"SearchAction","target":{"@type":"EntryPoint","urlTemplate":"https:\/\/www.alpis.fr\/de\/?s={search_term_string}"},"query-input":{"@type":"PropertyValueSpecification","valueRequired":true,"valueName":"search_term_string"}}],"inLanguage":"de"},{"@type":"Organization","@id":"https:\/\/www.alpis.fr\/de\/#organization","name":"Alpis Traduction et Interpr\u00e9tation","alternateName":"Alpis","url":"https:\/\/www.alpis.fr\/de\/","logo":{"@type":"ImageObject","inLanguage":"de","@id":"https:\/\/www.alpis.fr\/de\/#\/schema\/logo\/image\/","url":"\/cdn-cgi\/image\/width=1200%2Cheight=630%2Cfit=crop%2Cquality=80%2Cformat=auto%2Conerror=redirect%2Cmetadata=none\/wp-content\/uploads\/2022\/06\/LogoPreviewFB1200x630.jpg","contentUrl":"\/cdn-cgi\/image\/width=1200%2Cheight=630%2Cfit=crop%2Cquality=80%2Cformat=auto%2Conerror=redirect%2Cmetadata=none\/wp-content\/uploads\/2022\/06\/LogoPreviewFB1200x630.jpg","width":1200,"height":630,"caption":"Alpis Traduction et Interpr\u00e9tation"},"image":{"@id":"https:\/\/www.alpis.fr\/de\/#\/schema\/logo\/image\/"},"sameAs":["https:\/\/www.facebook.com\/alpisfr\/","https:\/\/x.com\/AlpisParis","https:\/\/www.linkedin.com\/company\/alpis","https:\/\/twitter.com\/AlpisParis"],"email":"contact@alpis.fr","telephone":"+33973037000","legalName":"Alpis Traduction et Interpr\u00e9tation SAS","foundingDate":"2014-03-06","vatID":"FR52801253543","taxID":"80125354300012","numberOfEmployees":{"@type":"QuantitativeValue","minValue":"1","maxValue":"10"},"actionableFeedbackPolicy":"https:\/\/www.alpis.fr\/mentions-legales\/","correctionsPolicy":"https:\/\/www.alpis.fr\/mentions-legales\/"}]}},"_links":{"self":[{"href":"https:\/\/www.alpis.fr\/de\/wp-json\/wp\/v2\/pages\/6998","targetHints":{"allow":["GET"]}}],"collection":[{"href":"https:\/\/www.alpis.fr\/de\/wp-json\/wp\/v2\/pages"}],"about":[{"href":"https:\/\/www.alpis.fr\/de\/wp-json\/wp\/v2\/types\/page"}],"author":[{"embeddable":true,"href":"https:\/\/www.alpis.fr\/de\/wp-json\/wp\/v2\/users\/25"}],"replies":[{"embeddable":true,"href":"https:\/\/www.alpis.fr\/de\/wp-json\/wp\/v2\/comments?post=6998"}],"version-history":[{"count":0,"href":"https:\/\/www.alpis.fr\/de\/wp-json\/wp\/v2\/pages\/6998\/revisions"}],"wp:attachment":[{"href":"https:\/\/www.alpis.fr\/de\/wp-json\/wp\/v2\/media?parent=6998"}],"curies":[{"name":"wp","href":"https:\/\/api.w.org\/{rel}","templated":true}]}}