{"id":11033,"date":"2022-01-26T11:26:06","date_gmt":"2022-01-26T10:26:06","guid":{"rendered":"https:\/\/www.alpis.fr\/unsere-referenzen\/"},"modified":"2024-10-11T18:12:55","modified_gmt":"2024-10-11T16:12:55","slug":"unsere-referenzen","status":"publish","type":"page","link":"https:\/\/www.alpis.fr\/de\/unsere-referenzen\/","title":{"rendered":"Unsere Referenzen"},"content":{"rendered":"\t\t<div data-elementor-type=\"wp-page\" data-elementor-id=\"11033\" class=\"elementor elementor-11033 elementor-498\" data-elementor-post-type=\"page\">\n\t\t\t\t\t\t<section class=\" elementor-section elementor-top-section elementor-element elementor-element-194ab6a7 alpha-section-stretched elementor-section-boxed elementor-section-height-default elementor-section-height-default wpr-jarallax-no wpr-sticky-section-no\" data-id=\"194ab6a7\" data-element_type=\"section\" data-e-type=\"section\">\r\n\t\t\t\t\t\t\t\t<div class=\"elementor-container elementor-column-gap-default\">\r\n\t\t\t\t\r\n\t\t\t\t\t\t\t\t<div class=\" elementor-column elementor-col-100 elementor-top-column elementor-element elementor-element-1be27531 \" data-id=\"1be27531\" data-element_type=\"column\" data-e-type=\"column\">\r\n\r\n\t\t\t\t\r\n\t\t\t\t<div class=\"elementor-widget-wrap elementor-element-populated\">\r\n\t\t\t\t\t\t\t\t\t\t\r\n\t\t\t\t\t\t<div class=\"elementor-element elementor-element-12bee7b eael-dual-header-content-align-center elementor-widget elementor-widget-eael-dual-color-header\" data-id=\"12bee7b\" data-element_type=\"widget\" data-e-type=\"widget\" data-widget_type=\"eael-dual-color-header.default\">\n\t\t\t\t\t\t\t\t<div class=\"eael-dual-header\">\n\t\t\t\t<h1 class=\"title eael-dch-title\"><span class=\"eael-dch-title-text eael-dch-title-lead lead solid-color\">Unsere Referenzen<\/span> <span class=\"eael-dch-title-text\"><\/span><\/h1><div class=\"eael-dch-separator-wrap\"><span class=\"separator-one\"><\/span>\n\t\t\t<span class=\"separator-two\"><\/span><\/div>\t\t\t<\/div>\n\n\t\t\t\t\t\t<\/div>\n\t\t\t\t<div class=\"elementor-element elementor-element-60209032 elementor-widget elementor-widget-spacer\" data-id=\"60209032\" data-element_type=\"widget\" data-e-type=\"widget\" data-widget_type=\"spacer.default\">\n\t\t\t\t\t\t\t<div class=\"elementor-spacer\">\n\t\t\t<div class=\"elementor-spacer-inner\"><\/div>\n\t\t<\/div>\n\t\t\t\t\t\t<\/div>\n\t\t\t\t<div class=\"elementor-element elementor-element-1f08878e elementor-widget elementor-widget-text-editor\" data-id=\"1f08878e\" data-element_type=\"widget\" data-e-type=\"widget\" data-widget_type=\"text-editor.default\">\n\t\t\t\t\t\t\t\t\t<p><strong>Seit 2014<\/strong>, bieten wir nun seit einem Jahrzehnt linguistische Beratungsdienste in den Bereichen <strong>\u00dcbersetzung und Dolmetschen<\/strong> f\u00fcr zahlreiche Kunden an, seien Sie <strong>Privatpersonen, Institutionen oder Unternehmen von der lokalen KMU bis hin zu globalen Konzernen<\/strong>, in <a href=\"https:\/\/www.alpis.fr\/de\/liste-der-uebersetzten-sprachen\/\" target=\"_blank\" rel=\"noopener\">zahlreichen europ\u00e4ischen und internationalen Sprachen<\/a>.<\/p>\n\t\t\t\t\t\t\t\t<\/div>\n\t\t\t\t<div class=\"elementor-element elementor-element-7723591f elementor-widget elementor-widget-spacer\" data-id=\"7723591f\" data-element_type=\"widget\" data-e-type=\"widget\" data-widget_type=\"spacer.default\">\n\t\t\t\t\t\t\t<div class=\"elementor-spacer\">\n\t\t\t<div class=\"elementor-spacer-inner\"><\/div>\n\t\t<\/div>\n\t\t\t\t\t\t<\/div>\n\t\t\t\t<section class=\" elementor-section elementor-inner-section elementor-element elementor-element-54968f9 elementor-section-boxed elementor-section-height-default elementor-section-height-default wpr-jarallax-no wpr-sticky-section-no\" data-id=\"54968f9\" data-element_type=\"section\" data-e-type=\"section\">\r\n\t\t\t\t\t\t\t\t<div class=\"elementor-container elementor-column-gap-normal\">\r\n\t\t\t\t\r\n\t\t\t\t\t\t\t\t<div class=\" elementor-column elementor-col-25 elementor-inner-column elementor-element elementor-element-86ac214 \" data-id=\"86ac214\" data-element_type=\"column\" data-e-type=\"column\">\r\n\r\n\t\t\t\t\r\n\t\t\t\t<div class=\"elementor-widget-wrap elementor-element-populated\">\r\n\t\t\t\t\t\t\t\t\t\t\r\n\t\t\t\t\t\t<div class=\"elementor-element elementor-element-d3fce4a elementor-widget elementor-widget-text-editor\" data-id=\"d3fce4a\" data-element_type=\"widget\" data-e-type=\"widget\" data-widget_type=\"text-editor.default\">\n\t\t\t\t\t\t\t\t\t<p>Einige unserer Kundenreferenzen, die uns seit unserem Bestehen vertrauen:<\/p>\n\t\t\t\t\t\t\t\t<\/div>\n\t\t\t\t\t\t<\/div>\r\n\t\t\t\t<\/div>\r\n\t\t\t\t\t\t\t\t\t<div class=\" elementor-column elementor-col-25 elementor-inner-column elementor-element elementor-element-dd4c264 \" data-id=\"dd4c264\" data-element_type=\"column\" data-e-type=\"column\">\r\n\r\n\t\t\t\t\r\n\t\t\t\t<div class=\"elementor-widget-wrap elementor-element-populated\">\r\n\t\t\t\t\t\t\t\t\t\t\r\n\t\t\t\t\t\t<div class=\"elementor-element elementor-element-517bc5d elementor-widget elementor-widget-image\" data-id=\"517bc5d\" data-element_type=\"widget\" data-e-type=\"widget\" data-widget_type=\"image.default\">\n\t\t\t\t\t\t\t\t\t\t\t\t\t\t\t<img decoding=\"async\" width=\"300\" height=\"150\" src=\"\/cdn-cgi\/image\/quality=80,format=auto,onerror=redirect,metadata=none\/wp-content\/uploads\/2022\/08\/References-carousel-new-1.gif\" class=\"attachment-full size-full wp-image-5471\" alt=\"Quelques unes des r\u00e9f\u00e9rences de clients d&#039;Alpis\" \/>\t\t\t\t\t\t\t\t\t\t\t\t\t\t\t<\/div>\n\t\t\t\t\t\t<\/div>\r\n\t\t\t\t<\/div>\r\n\t\t\t\t\t\t\t\t\t<div class=\" elementor-column elementor-col-25 elementor-inner-column elementor-element elementor-element-7a14f29 \" data-id=\"7a14f29\" data-element_type=\"column\" data-e-type=\"column\">\r\n\r\n\t\t\t\t\r\n\t\t\t\t<div class=\"elementor-widget-wrap elementor-element-populated\">\r\n\t\t\t\t\t\t\t\t\t\t\r\n\t\t\t\t\t\t<div class=\"elementor-element elementor-element-9cc1463 elementor-widget elementor-widget-image\" data-id=\"9cc1463\" data-element_type=\"widget\" data-e-type=\"widget\" data-widget_type=\"image.default\">\n\t\t\t\t\t\t\t\t\t\t\t\t\t\t\t<img decoding=\"async\" width=\"300\" height=\"150\" src=\"\/cdn-cgi\/image\/quality=80,format=auto,onerror=redirect,metadata=none\/wp-content\/uploads\/2022\/08\/References-carousel-new-2.gif\" class=\"attachment-full size-full wp-image-5477\" alt=\"Quelques unes des r\u00e9f\u00e9rences de clients d&#039;Alpis\" \/>\t\t\t\t\t\t\t\t\t\t\t\t\t\t\t<\/div>\n\t\t\t\t\t\t<\/div>\r\n\t\t\t\t<\/div>\r\n\t\t\t\t\t\t\t\t\t<div class=\" elementor-column elementor-col-25 elementor-inner-column elementor-element elementor-element-396c98b \" data-id=\"396c98b\" data-element_type=\"column\" data-e-type=\"column\">\r\n\r\n\t\t\t\t\r\n\t\t\t\t<div class=\"elementor-widget-wrap elementor-element-populated\">\r\n\t\t\t\t\t\t\t\t\t\t\r\n\t\t\t\t\t\t<div class=\"elementor-element elementor-element-5e63f00 elementor-widget elementor-widget-image\" data-id=\"5e63f00\" data-element_type=\"widget\" data-e-type=\"widget\" data-widget_type=\"image.default\">\n\t\t\t\t\t\t\t\t\t\t\t\t\t\t\t<img decoding=\"async\" width=\"300\" height=\"150\" src=\"\/cdn-cgi\/image\/quality=80,format=auto,onerror=redirect,metadata=none\/wp-content\/uploads\/2022\/08\/References-carousel-new-3.gif\" class=\"attachment-full size-full wp-image-5483\" alt=\"Quelques unes des r\u00e9f\u00e9rences de clients d&#039;Alpis\" \/>\t\t\t\t\t\t\t\t\t\t\t\t\t\t\t<\/div>\n\t\t\t\t\t\t<\/div>\r\n\t\t\t\t<\/div>\r\n\t\t\t\t\t\t\t\t<\/div>\r\n\t\t\t<\/section>\r\n\t\t\t\t\t\t\t<\/div>\r\n\t\t\t\t<\/div>\r\n\t\t\t\t\t\t\t\t<\/div>\r\n\t\t\t<\/section>\r\n\t\t\t\t\t<\/div>\n\t\t","protected":false},"excerpt":{"rendered":"<p>Unsere Referenzen Seit 2014, bieten wir nun seit einem Jahrzehnt linguistische Beratungsdienste in den Bereichen \u00dcbersetzung und Dolmetschen f\u00fcr zahlreiche Kunden an, seien Sie Privatpersonen, Institutionen oder Unternehmen von der lokalen KMU bis hin zu globalen Konzernen, in zahlreichen europ\u00e4ischen und internationalen Sprachen. Einige unserer Kundenreferenzen, die uns seit unserem Bestehen vertrauen:<\/p>\n","protected":false},"author":2,"featured_media":0,"parent":0,"menu_order":0,"comment_status":"closed","ping_status":"closed","template":"","meta":{"footnotes":""},"class_list":["post-11033","page","type-page","status-publish","hentry"],"yoast_head":"<!-- This site is optimized with the Yoast SEO Premium plugin v27.3 (Yoast SEO v27.3) - https:\/\/yoast.com\/product\/yoast-seo-premium-wordpress\/ -->\n<title>Unsere Referenzen - Alpis \u00dcbersetzung und Dolmetschen<\/title>\n<meta name=\"description\" content=\"Seit 2014 bieten wir linguistische Beratungsdienste in \u00dcbersetzung und Dolmetschen f\u00fcr zahlreiche franz\u00f6sische und internationale Kunden an.\" \/>\n<meta name=\"robots\" content=\"index, follow, max-snippet:-1, max-image-preview:large, max-video-preview:-1\" \/>\n<link rel=\"canonical\" href=\"https:\/\/www.alpis.fr\/de\/unsere-referenzen\/\" \/>\n<meta property=\"og:locale\" content=\"de_DE\" \/>\n<meta property=\"og:type\" content=\"article\" \/>\n<meta property=\"og:title\" content=\"Unsere Referenzen\" \/>\n<meta property=\"og:description\" content=\"Seit 2014 bieten wir linguistische Beratungsdienste in \u00dcbersetzung und Dolmetschen f\u00fcr zahlreiche franz\u00f6sische und internationale Kunden an.\" \/>\n<meta property=\"og:url\" content=\"https:\/\/www.alpis.fr\/de\/unsere-referenzen\/\" \/>\n<meta property=\"og:site_name\" content=\"Alpis \u00dcbersetzung und Dolmetschen\" \/>\n<meta property=\"article:publisher\" content=\"https:\/\/www.facebook.com\/alpisfr\/\" \/>\n<meta property=\"article:modified_time\" content=\"2024-10-11T16:12:55+00:00\" \/>\n<meta property=\"og:image\" content=\"https:\/\/www.alpis.fr\/wp-content\/uploads\/2022\/08\/References-carousel-new-1.gif\" \/>\n<meta name=\"twitter:card\" content=\"summary_large_image\" \/>\n<meta name=\"twitter:site\" content=\"@AlpisParis\" \/>\n<script type=\"application\/ld+json\" class=\"yoast-schema-graph\">{\"@context\":\"https:\\\/\\\/schema.org\",\"@graph\":[{\"@type\":\"WebPage\",\"@id\":\"https:\\\/\\\/www.alpis.fr\\\/de\\\/unsere-referenzen\\\/\",\"url\":\"https:\\\/\\\/www.alpis.fr\\\/de\\\/unsere-referenzen\\\/\",\"name\":\"Unsere Referenzen - Alpis \u00dcbersetzung und Dolmetschen\",\"isPartOf\":{\"@id\":\"https:\\\/\\\/www.alpis.fr\\\/de\\\/#website\"},\"primaryImageOfPage\":{\"@id\":\"https:\\\/\\\/www.alpis.fr\\\/de\\\/unsere-referenzen\\\/#primaryimage\"},\"image\":{\"@id\":\"https:\\\/\\\/www.alpis.fr\\\/de\\\/unsere-referenzen\\\/#primaryimage\"},\"thumbnailUrl\":\"https:\\\/\\\/www.alpis.fr\\\/wp-content\\\/uploads\\\/2022\\\/08\\\/References-carousel-new-1.gif\",\"datePublished\":\"2022-01-26T10:26:06+00:00\",\"dateModified\":\"2024-10-11T16:12:55+00:00\",\"description\":\"Seit 2014 bieten wir linguistische Beratungsdienste in \u00dcbersetzung und Dolmetschen f\u00fcr zahlreiche franz\u00f6sische und internationale Kunden an.\",\"inLanguage\":\"de\",\"potentialAction\":[{\"@type\":\"ReadAction\",\"target\":[\"https:\\\/\\\/www.alpis.fr\\\/de\\\/unsere-referenzen\\\/\"]}]},{\"@type\":\"ImageObject\",\"inLanguage\":\"de\",\"@id\":\"https:\\\/\\\/www.alpis.fr\\\/de\\\/unsere-referenzen\\\/#primaryimage\",\"url\":\"https:\\\/\\\/www.alpis.fr\\\/wp-content\\\/uploads\\\/2022\\\/08\\\/References-carousel-new-1.gif\",\"contentUrl\":\"https:\\\/\\\/www.alpis.fr\\\/wp-content\\\/uploads\\\/2022\\\/08\\\/References-carousel-new-1.gif\"},{\"@type\":\"WebSite\",\"@id\":\"https:\\\/\\\/www.alpis.fr\\\/de\\\/#website\",\"url\":\"https:\\\/\\\/www.alpis.fr\\\/de\\\/\",\"name\":\"Alpis Traduction et Interpr\u00e9tation\",\"description\":\"Das \u00dcbersetzungsb\u00fcro im Dienste Ihres internationalen Aufstiegs\",\"publisher\":{\"@id\":\"https:\\\/\\\/www.alpis.fr\\\/de\\\/#organization\"},\"potentialAction\":[{\"@type\":\"SearchAction\",\"target\":{\"@type\":\"EntryPoint\",\"urlTemplate\":\"https:\\\/\\\/www.alpis.fr\\\/de\\\/?s={search_term_string}\"},\"query-input\":{\"@type\":\"PropertyValueSpecification\",\"valueRequired\":true,\"valueName\":\"search_term_string\"}}],\"inLanguage\":\"de\"},{\"@type\":\"Organization\",\"@id\":\"https:\\\/\\\/www.alpis.fr\\\/de\\\/#organization\",\"name\":\"Alpis Traduction et Interpr\u00e9tation\",\"alternateName\":\"Alpis\",\"url\":\"https:\\\/\\\/www.alpis.fr\\\/de\\\/\",\"logo\":{\"@type\":\"ImageObject\",\"inLanguage\":\"de\",\"@id\":\"https:\\\/\\\/www.alpis.fr\\\/de\\\/#\\\/schema\\\/logo\\\/image\\\/\",\"url\":\"https:\\\/\\\/www.alpis.fr\\\/wp-content\\\/uploads\\\/2022\\\/06\\\/LogoPreviewFB1200x630.jpg\",\"contentUrl\":\"https:\\\/\\\/www.alpis.fr\\\/wp-content\\\/uploads\\\/2022\\\/06\\\/LogoPreviewFB1200x630.jpg\",\"width\":1200,\"height\":630,\"caption\":\"Alpis Traduction et Interpr\u00e9tation\"},\"image\":{\"@id\":\"https:\\\/\\\/www.alpis.fr\\\/de\\\/#\\\/schema\\\/logo\\\/image\\\/\"},\"sameAs\":[\"https:\\\/\\\/www.facebook.com\\\/alpisfr\\\/\",\"https:\\\/\\\/x.com\\\/AlpisParis\",\"https:\\\/\\\/www.linkedin.com\\\/company\\\/alpis\",\"https:\\\/\\\/twitter.com\\\/AlpisParis\"],\"email\":\"contact@alpis.fr\",\"telephone\":\"+33973037000\",\"legalName\":\"Alpis Traduction et Interpr\u00e9tation SAS\",\"foundingDate\":\"2014-03-06\",\"vatID\":\"FR52801253543\",\"taxID\":\"80125354300012\",\"numberOfEmployees\":{\"@type\":\"QuantitativeValue\",\"minValue\":\"1\",\"maxValue\":\"10\"},\"actionableFeedbackPolicy\":\"https:\\\/\\\/www.alpis.fr\\\/mentions-legales\\\/\",\"correctionsPolicy\":\"https:\\\/\\\/www.alpis.fr\\\/mentions-legales\\\/\"}]}<\/script>\n<!-- \/ Yoast SEO Premium plugin. -->","yoast_head_json":{"title":"Unsere Referenzen - Alpis \u00dcbersetzung und Dolmetschen","description":"Seit 2014 bieten wir linguistische Beratungsdienste in \u00dcbersetzung und Dolmetschen f\u00fcr zahlreiche franz\u00f6sische und internationale Kunden an.","robots":{"index":"index","follow":"follow","max-snippet":"max-snippet:-1","max-image-preview":"max-image-preview:large","max-video-preview":"max-video-preview:-1"},"canonical":"https:\/\/www.alpis.fr\/de\/unsere-referenzen\/","og_locale":"de_DE","og_type":"article","og_title":"Unsere Referenzen","og_description":"Seit 2014 bieten wir linguistische Beratungsdienste in \u00dcbersetzung und Dolmetschen f\u00fcr zahlreiche franz\u00f6sische und internationale Kunden an.","og_url":"https:\/\/www.alpis.fr\/de\/unsere-referenzen\/","og_site_name":"Alpis \u00dcbersetzung und Dolmetschen","article_publisher":"https:\/\/www.facebook.com\/alpisfr\/","article_modified_time":"2024-10-11T16:12:55+00:00","og_image":[{"url":"https:\/\/www.alpis.fr\/wp-content\/uploads\/2022\/08\/References-carousel-new-1.gif","type":"","width":"","height":""}],"twitter_card":"summary_large_image","twitter_site":"@AlpisParis","schema":{"@context":"https:\/\/schema.org","@graph":[{"@type":"WebPage","@id":"https:\/\/www.alpis.fr\/de\/unsere-referenzen\/","url":"https:\/\/www.alpis.fr\/de\/unsere-referenzen\/","name":"Unsere Referenzen - Alpis \u00dcbersetzung und Dolmetschen","isPartOf":{"@id":"https:\/\/www.alpis.fr\/de\/#website"},"primaryImageOfPage":{"@id":"https:\/\/www.alpis.fr\/de\/unsere-referenzen\/#primaryimage"},"image":{"@id":"https:\/\/www.alpis.fr\/de\/unsere-referenzen\/#primaryimage"},"thumbnailUrl":"https:\/\/www.alpis.fr\/wp-content\/uploads\/2022\/08\/References-carousel-new-1.gif","datePublished":"2022-01-26T10:26:06+00:00","dateModified":"2024-10-11T16:12:55+00:00","description":"Seit 2014 bieten wir linguistische Beratungsdienste in \u00dcbersetzung und Dolmetschen f\u00fcr zahlreiche franz\u00f6sische und internationale Kunden an.","inLanguage":"de","potentialAction":[{"@type":"ReadAction","target":["https:\/\/www.alpis.fr\/de\/unsere-referenzen\/"]}]},{"@type":"ImageObject","inLanguage":"de","@id":"https:\/\/www.alpis.fr\/de\/unsere-referenzen\/#primaryimage","url":"https:\/\/www.alpis.fr\/wp-content\/uploads\/2022\/08\/References-carousel-new-1.gif","contentUrl":"https:\/\/www.alpis.fr\/wp-content\/uploads\/2022\/08\/References-carousel-new-1.gif"},{"@type":"WebSite","@id":"https:\/\/www.alpis.fr\/de\/#website","url":"https:\/\/www.alpis.fr\/de\/","name":"Alpis Traduction et Interpr\u00e9tation","description":"Das \u00dcbersetzungsb\u00fcro im Dienste Ihres internationalen Aufstiegs","publisher":{"@id":"https:\/\/www.alpis.fr\/de\/#organization"},"potentialAction":[{"@type":"SearchAction","target":{"@type":"EntryPoint","urlTemplate":"https:\/\/www.alpis.fr\/de\/?s={search_term_string}"},"query-input":{"@type":"PropertyValueSpecification","valueRequired":true,"valueName":"search_term_string"}}],"inLanguage":"de"},{"@type":"Organization","@id":"https:\/\/www.alpis.fr\/de\/#organization","name":"Alpis Traduction et Interpr\u00e9tation","alternateName":"Alpis","url":"https:\/\/www.alpis.fr\/de\/","logo":{"@type":"ImageObject","inLanguage":"de","@id":"https:\/\/www.alpis.fr\/de\/#\/schema\/logo\/image\/","url":"https:\/\/www.alpis.fr\/wp-content\/uploads\/2022\/06\/LogoPreviewFB1200x630.jpg","contentUrl":"https:\/\/www.alpis.fr\/wp-content\/uploads\/2022\/06\/LogoPreviewFB1200x630.jpg","width":1200,"height":630,"caption":"Alpis Traduction et Interpr\u00e9tation"},"image":{"@id":"https:\/\/www.alpis.fr\/de\/#\/schema\/logo\/image\/"},"sameAs":["https:\/\/www.facebook.com\/alpisfr\/","https:\/\/x.com\/AlpisParis","https:\/\/www.linkedin.com\/company\/alpis","https:\/\/twitter.com\/AlpisParis"],"email":"contact@alpis.fr","telephone":"+33973037000","legalName":"Alpis Traduction et Interpr\u00e9tation SAS","foundingDate":"2014-03-06","vatID":"FR52801253543","taxID":"80125354300012","numberOfEmployees":{"@type":"QuantitativeValue","minValue":"1","maxValue":"10"},"actionableFeedbackPolicy":"https:\/\/www.alpis.fr\/mentions-legales\/","correctionsPolicy":"https:\/\/www.alpis.fr\/mentions-legales\/"}]}},"_links":{"self":[{"href":"https:\/\/www.alpis.fr\/de\/wp-json\/wp\/v2\/pages\/11033","targetHints":{"allow":["GET"]}}],"collection":[{"href":"https:\/\/www.alpis.fr\/de\/wp-json\/wp\/v2\/pages"}],"about":[{"href":"https:\/\/www.alpis.fr\/de\/wp-json\/wp\/v2\/types\/page"}],"author":[{"embeddable":true,"href":"https:\/\/www.alpis.fr\/de\/wp-json\/wp\/v2\/users\/2"}],"replies":[{"embeddable":true,"href":"https:\/\/www.alpis.fr\/de\/wp-json\/wp\/v2\/comments?post=11033"}],"version-history":[{"count":0,"href":"https:\/\/www.alpis.fr\/de\/wp-json\/wp\/v2\/pages\/11033\/revisions"}],"wp:attachment":[{"href":"https:\/\/www.alpis.fr\/de\/wp-json\/wp\/v2\/media?parent=11033"}],"curies":[{"name":"wp","href":"https:\/\/api.w.org\/{rel}","templated":true}]}}