{"id":11031,"date":"2022-01-26T11:27:50","date_gmt":"2022-01-26T10:27:50","guid":{"rendered":"https:\/\/www.alpis.fr\/unsere-nachrichten\/"},"modified":"2024-10-17T10:56:04","modified_gmt":"2024-10-17T08:56:04","slug":"unsere-nachrichten","status":"publish","type":"page","link":"https:\/\/www.alpis.fr\/de\/unsere-nachrichten\/","title":{"rendered":"Unsere Nachrichten"},"content":{"rendered":"\t\t<div data-elementor-type=\"wp-page\" data-elementor-id=\"11031\" class=\"elementor elementor-11031 elementor-500\" data-elementor-post-type=\"page\">\n\t\t\t\t\t\t<section class=\" elementor-section elementor-top-section elementor-element elementor-element-43b3c38 alpha-section-stretched elementor-section-boxed elementor-section-height-default elementor-section-height-default wpr-jarallax-no wpr-sticky-section-no\" data-id=\"43b3c38\" data-element_type=\"section\" data-e-type=\"section\">\r\n\t\t\t\t\t\t\t\t<div class=\"elementor-container elementor-column-gap-default\">\r\n\t\t\t\t\r\n\t\t\t\t\t\t\t\t<div class=\" elementor-column elementor-col-100 elementor-top-column elementor-element elementor-element-866a133 \" data-id=\"866a133\" data-element_type=\"column\" data-e-type=\"column\">\r\n\r\n\t\t\t\t\r\n\t\t\t\t<div class=\"elementor-widget-wrap elementor-element-populated\">\r\n\t\t\t\t\t\t\t\t\t\t\r\n\t\t\t\t\t\t<div class=\"elementor-element elementor-element-cf4aaa1 eael-dual-header-content-align-center elementor-widget elementor-widget-eael-dual-color-header\" data-id=\"cf4aaa1\" data-element_type=\"widget\" data-e-type=\"widget\" data-widget_type=\"eael-dual-color-header.default\">\n\t\t\t\t\t\t\t\t<div class=\"eael-dual-header\">\n\t\t\t\t<h1 class=\"title eael-dch-title\"><span class=\"eael-dch-title-text eael-dch-title-lead lead solid-color\">Unsere Nachrichten<\/span> <span class=\"eael-dch-title-text\"><\/span><\/h1><div class=\"eael-dch-separator-wrap\"><span class=\"separator-one\"><\/span>\n\t\t\t<span class=\"separator-two\"><\/span><\/div>\t\t\t<\/div>\n\n\t\t\t\t\t\t<\/div>\n\t\t\t\t<div class=\"elementor-element elementor-element-ac5fef7 elementor-widget elementor-widget-spacer\" data-id=\"ac5fef7\" data-element_type=\"widget\" data-e-type=\"widget\" data-widget_type=\"spacer.default\">\n\t\t\t\t\t\t\t<div class=\"elementor-spacer\">\n\t\t\t<div class=\"elementor-spacer-inner\"><\/div>\n\t\t<\/div>\n\t\t\t\t\t\t<\/div>\n\t\t\t\t<div class=\"elementor-element elementor-element-cd72b5f elementor-widget elementor-widget-text-editor\" data-id=\"cd72b5f\" data-element_type=\"widget\" data-e-type=\"widget\" data-widget_type=\"text-editor.default\">\n\t\t\t\t\t\t\t\t\t<p>Hier finden Sie <strong>alle Neuigkeiten<\/strong> von Alpis \u00dcbersetzung und Dolmetschen auf Deutsch: Informationen \u00fcber <strong>unsere Niederlassungen<\/strong>, unsere Dienstleistungen, unsere Produkte sowie Artikel \u00fcber das Unternehmen und die <strong>Gesch\u00e4ftsbereiche<\/strong> und <strong>Expertenbereiche<\/strong>. Verwenden Sie die Flaggen oben auf der Seite f\u00fcr Neuigkeiten in anderen Sprachen.<\/p>\n\t\t\t\t\t\t\t\t<\/div>\n\t\t\t\t<div class=\"elementor-element elementor-element-fe50928 elementor-widget elementor-widget-spacer\" data-id=\"fe50928\" data-element_type=\"widget\" data-e-type=\"widget\" data-widget_type=\"spacer.default\">\n\t\t\t\t\t\t\t<div class=\"elementor-spacer\">\n\t\t\t<div class=\"elementor-spacer-inner\"><\/div>\n\t\t<\/div>\n\t\t\t\t\t\t<\/div>\n\t\t\t\t\t\t<\/div>\r\n\t\t\t\t<\/div>\r\n\t\t\t\t\t\t\t\t<\/div>\r\n\t\t\t<\/section>\r\n\t\t\t\t\t<\/div>\n\t\t","protected":false},"excerpt":{"rendered":"<p>Unsere Nachrichten Hier finden Sie alle Neuigkeiten von Alpis \u00dcbersetzung und Dolmetschen auf Deutsch: Informationen \u00fcber unsere Niederlassungen, unsere Dienstleistungen, unsere Produkte sowie Artikel \u00fcber das Unternehmen und die Gesch\u00e4ftsbereiche und Expertenbereiche. Verwenden Sie die Flaggen oben auf der Seite f\u00fcr Neuigkeiten in anderen Sprachen. 11\/10\/2024 Actualit\u00e9s g\u00e9n\u00e9rales Journ\u00e9e mondiale de la traduction Qu\u2019est-ce que c\u2019est la \u00ab Journ\u00e9e mondiale de la traduction \u00bb ? La Journ\u00e9e mondiale\u2026 par Alpis Traduction et Interpr\u00e9tation 0 11\/10\/2024 Actualit\u00e9s g\u00e9n\u00e9rales IA vs Traduction humaine : avantages et limites L&#8217;intelligence artificielle dans le monde de la traduction Dans l\u2019introduction de notre s\u00e9rie d\u2019articles li\u00e9s\u2026 par Alpis Traduction et Interpr\u00e9tation 0 20\/09\/2024 Actualit\u00e9s g\u00e9n\u00e9rales Introduction \u00e0 l&#8217;intelligence artificielle (IA) dans la traduction Nous abordons une s\u00e9rie d&#8217;articles d\u00e9di\u00e9s \u00e0 l&#8217;intelligence artificielle dans la traduction par Alpis Traduction et Interpr\u00e9tation 1 17\/09\/2024 Actualit\u00e9s g\u00e9n\u00e9rales C&#8217;est la rentr\u00e9e de l&#8217;agence de traduction Alpis ! La rentr\u00e9e chez Alpis, c&#8217;est des nouveaux collaborateurs et comp\u00e9tences, une \u00e9quipe \u00e9largie toujours \u00e0\u2026 par Alpis Traduction et Interpr\u00e9tation 1 12\/09\/2024 Actualit\u00e9s g\u00e9n\u00e9rales Rentr\u00e9e 2024\/25 Bien rentr\u00e9s\u00a0! Comment se sont pass\u00e9es vos vacances ? Septembre, place aux retours, aux nouveaux\u2026 par Alpis Traduction et Interpr\u00e9tation 0 29\/08\/2023 Actualit\u00e9s g\u00e9n\u00e9rales Service de traduction Comment choisir son agence de traduction Pour mieux choisir et \u00e9viter toute situation limitant votre d\u00e9veloppement, nous vous offrons des conseils\u2026 par Alpis Traduction et Interpr\u00e9tation 12 03\/07\/2023 Actualit\u00e9s g\u00e9n\u00e9rales Le Festival d&#8217;Avignon met l&#8217;anglais \u00e0 l&#8217;honneur et la diversit\u00e9 linguistique Le Festival d&#8217;Avignon, l&#8217;un des \u00e9v\u00e9nements culturels les plus prestigieux au monde, rev\u00eat cette ann\u00e9e\u2026 par Alpis Traduction et Interpr\u00e9tation 11 20\/08\/2022 Service de traduction La traduction technique : rendre la complexit\u00e9 accessible La traduction technique est une comp\u00e9tence essentielle dans le monde moderne de la traduction, et\u2026 par Alpis Traduction et Interpr\u00e9tation 11 15\/08\/2022 Ouverture d&#8217;agence Votre agence de traduction passe la fronti\u00e8re et ouvre \u00e0 Milan son 1er bureau italien Benvenuto in Italia ! Ca y est, Alpis passe le pas de l&#8217;international en ouvrant\u2026 par Alpis Traduction et Interpr\u00e9tation 11<\/p>\n","protected":false},"author":25,"featured_media":12809,"parent":0,"menu_order":0,"comment_status":"closed","ping_status":"closed","template":"elementor_theme","meta":{"footnotes":""},"class_list":["post-11031","page","type-page","status-publish","has-post-thumbnail","hentry"],"yoast_head":"<!-- This site is optimized with the Yoast SEO Premium plugin v27.3 (Yoast SEO v27.3) - https:\/\/yoast.com\/product\/yoast-seo-premium-wordpress\/ -->\n<title>Unsere Nachrichten - Alpis \u00dcbersetzung und Dolmetschen<\/title>\n<meta name=\"description\" content=\"alle Neuigkeiten von Alpis \u00dcbersetzung und Dolmetschen auf Deutsch: Informationen \u00fcber unsere Niederlassungen, unsere Dienstleistungen, Produkte, Expertenbereiche...\" \/>\n<meta name=\"robots\" content=\"index, follow, max-snippet:-1, max-image-preview:large, max-video-preview:-1\" \/>\n<link rel=\"canonical\" href=\"https:\/\/www.alpis.fr\/de\/unsere-nachrichten\/\" \/>\n<meta property=\"og:locale\" content=\"de_DE\" \/>\n<meta property=\"og:type\" content=\"article\" \/>\n<meta property=\"og:title\" content=\"Unsere Nachrichten\" \/>\n<meta property=\"og:description\" content=\"alle Neuigkeiten von Alpis \u00dcbersetzung und Dolmetschen auf Deutsch: Informationen \u00fcber unsere Niederlassungen, unsere Dienstleistungen, Produkte, Expertenbereiche...\" \/>\n<meta property=\"og:url\" content=\"https:\/\/www.alpis.fr\/de\/unsere-nachrichten\/\" \/>\n<meta property=\"og:site_name\" content=\"Alpis \u00dcbersetzung und Dolmetschen\" \/>\n<meta property=\"article:publisher\" content=\"https:\/\/www.facebook.com\/alpisfr\/\" \/>\n<meta property=\"article:modified_time\" content=\"2024-10-17T08:56:04+00:00\" \/>\n<meta property=\"og:image\" content=\"https:\/\/www.alpis.fr\/wp-content\/uploads\/2023\/07\/nos-actualites-journal-cafe-ordinateur.jpg\" \/>\n\t<meta property=\"og:image:width\" content=\"400\" \/>\n\t<meta property=\"og:image:height\" content=\"267\" \/>\n\t<meta property=\"og:image:type\" content=\"image\/jpeg\" \/>\n<meta name=\"twitter:card\" content=\"summary_large_image\" \/>\n<meta name=\"twitter:site\" content=\"@AlpisParis\" \/>\n<meta name=\"twitter:label1\" content=\"Gesch\u00e4tzte Lesezeit\" \/>\n\t<meta name=\"twitter:data1\" content=\"1\u00a0Minute\" \/>\n<script type=\"application\/ld+json\" class=\"yoast-schema-graph\">{\"@context\":\"https:\\\/\\\/schema.org\",\"@graph\":[{\"@type\":\"WebPage\",\"@id\":\"https:\\\/\\\/www.alpis.fr\\\/de\\\/unsere-nachrichten\\\/\",\"url\":\"https:\\\/\\\/www.alpis.fr\\\/de\\\/unsere-nachrichten\\\/\",\"name\":\"Unsere Nachrichten - Alpis \u00dcbersetzung und Dolmetschen\",\"isPartOf\":{\"@id\":\"https:\\\/\\\/www.alpis.fr\\\/de\\\/#website\"},\"primaryImageOfPage\":{\"@id\":\"https:\\\/\\\/www.alpis.fr\\\/de\\\/unsere-nachrichten\\\/#primaryimage\"},\"image\":{\"@id\":\"https:\\\/\\\/www.alpis.fr\\\/de\\\/unsere-nachrichten\\\/#primaryimage\"},\"thumbnailUrl\":\"\\\/cdn-cgi\\\/image\\\/quality=80,format=auto,onerror=redirect,metadata=none\\\/wp-content\\\/uploads\\\/2023\\\/07\\\/nos-actualites-journal-cafe-ordinateur.jpg\",\"datePublished\":\"2022-01-26T10:27:50+00:00\",\"dateModified\":\"2024-10-17T08:56:04+00:00\",\"description\":\"alle Neuigkeiten von Alpis \u00dcbersetzung und Dolmetschen auf Deutsch: Informationen \u00fcber unsere Niederlassungen, unsere Dienstleistungen, Produkte, Expertenbereiche...\",\"inLanguage\":\"de\",\"potentialAction\":[{\"@type\":\"ReadAction\",\"target\":[\"https:\\\/\\\/www.alpis.fr\\\/de\\\/unsere-nachrichten\\\/\"]}]},{\"@type\":\"ImageObject\",\"inLanguage\":\"de\",\"@id\":\"https:\\\/\\\/www.alpis.fr\\\/de\\\/unsere-nachrichten\\\/#primaryimage\",\"url\":\"\\\/cdn-cgi\\\/image\\\/quality=80,format=auto,onerror=redirect,metadata=none\\\/wp-content\\\/uploads\\\/2023\\\/07\\\/nos-actualites-journal-cafe-ordinateur.jpg\",\"contentUrl\":\"\\\/cdn-cgi\\\/image\\\/quality=80,format=auto,onerror=redirect,metadata=none\\\/wp-content\\\/uploads\\\/2023\\\/07\\\/nos-actualites-journal-cafe-ordinateur.jpg\",\"width\":400,\"height\":267,\"caption\":\"Prenons un caf\u00e9 pour discuter des actualit\u00e9s d'Alpis\"},{\"@type\":\"WebSite\",\"@id\":\"https:\\\/\\\/www.alpis.fr\\\/de\\\/#website\",\"url\":\"https:\\\/\\\/www.alpis.fr\\\/de\\\/\",\"name\":\"Alpis Traduction et Interpr\u00e9tation\",\"description\":\"Das \u00dcbersetzungsb\u00fcro im Dienste Ihres internationalen Aufstiegs\",\"publisher\":{\"@id\":\"https:\\\/\\\/www.alpis.fr\\\/de\\\/#organization\"},\"potentialAction\":[{\"@type\":\"SearchAction\",\"target\":{\"@type\":\"EntryPoint\",\"urlTemplate\":\"https:\\\/\\\/www.alpis.fr\\\/de\\\/?s={search_term_string}\"},\"query-input\":{\"@type\":\"PropertyValueSpecification\",\"valueRequired\":true,\"valueName\":\"search_term_string\"}}],\"inLanguage\":\"de\"},{\"@type\":\"Organization\",\"@id\":\"https:\\\/\\\/www.alpis.fr\\\/de\\\/#organization\",\"name\":\"Alpis Traduction et Interpr\u00e9tation\",\"alternateName\":\"Alpis\",\"url\":\"https:\\\/\\\/www.alpis.fr\\\/de\\\/\",\"logo\":{\"@type\":\"ImageObject\",\"inLanguage\":\"de\",\"@id\":\"https:\\\/\\\/www.alpis.fr\\\/de\\\/#\\\/schema\\\/logo\\\/image\\\/\",\"url\":\"https:\\\/\\\/www.alpis.fr\\\/wp-content\\\/uploads\\\/2022\\\/06\\\/LogoPreviewFB1200x630.jpg\",\"contentUrl\":\"https:\\\/\\\/www.alpis.fr\\\/wp-content\\\/uploads\\\/2022\\\/06\\\/LogoPreviewFB1200x630.jpg\",\"width\":1200,\"height\":630,\"caption\":\"Alpis Traduction et Interpr\u00e9tation\"},\"image\":{\"@id\":\"https:\\\/\\\/www.alpis.fr\\\/de\\\/#\\\/schema\\\/logo\\\/image\\\/\"},\"sameAs\":[\"https:\\\/\\\/www.facebook.com\\\/alpisfr\\\/\",\"https:\\\/\\\/x.com\\\/AlpisParis\",\"https:\\\/\\\/www.linkedin.com\\\/company\\\/alpis\",\"https:\\\/\\\/twitter.com\\\/AlpisParis\"],\"email\":\"contact@alpis.fr\",\"telephone\":\"+33973037000\",\"legalName\":\"Alpis Traduction et Interpr\u00e9tation SAS\",\"foundingDate\":\"2014-03-06\",\"vatID\":\"FR52801253543\",\"taxID\":\"80125354300012\",\"numberOfEmployees\":{\"@type\":\"QuantitativeValue\",\"minValue\":\"1\",\"maxValue\":\"10\"},\"actionableFeedbackPolicy\":\"https:\\\/\\\/www.alpis.fr\\\/mentions-legales\\\/\",\"correctionsPolicy\":\"https:\\\/\\\/www.alpis.fr\\\/mentions-legales\\\/\"}]}<\/script>\n<!-- \/ Yoast SEO Premium plugin. -->","yoast_head_json":{"title":"Unsere Nachrichten - Alpis \u00dcbersetzung und Dolmetschen","description":"alle Neuigkeiten von Alpis \u00dcbersetzung und Dolmetschen auf Deutsch: Informationen \u00fcber unsere Niederlassungen, unsere Dienstleistungen, Produkte, Expertenbereiche...","robots":{"index":"index","follow":"follow","max-snippet":"max-snippet:-1","max-image-preview":"max-image-preview:large","max-video-preview":"max-video-preview:-1"},"canonical":"https:\/\/www.alpis.fr\/de\/unsere-nachrichten\/","og_locale":"de_DE","og_type":"article","og_title":"Unsere Nachrichten","og_description":"alle Neuigkeiten von Alpis \u00dcbersetzung und Dolmetschen auf Deutsch: Informationen \u00fcber unsere Niederlassungen, unsere Dienstleistungen, Produkte, Expertenbereiche...","og_url":"https:\/\/www.alpis.fr\/de\/unsere-nachrichten\/","og_site_name":"Alpis \u00dcbersetzung und Dolmetschen","article_publisher":"https:\/\/www.facebook.com\/alpisfr\/","article_modified_time":"2024-10-17T08:56:04+00:00","og_image":[{"width":400,"height":267,"url":"https:\/\/www.alpis.fr\/wp-content\/uploads\/2023\/07\/nos-actualites-journal-cafe-ordinateur.jpg","type":"image\/jpeg"}],"twitter_card":"summary_large_image","twitter_site":"@AlpisParis","twitter_misc":{"Gesch\u00e4tzte Lesezeit":"1\u00a0Minute"},"schema":{"@context":"https:\/\/schema.org","@graph":[{"@type":"WebPage","@id":"https:\/\/www.alpis.fr\/de\/unsere-nachrichten\/","url":"https:\/\/www.alpis.fr\/de\/unsere-nachrichten\/","name":"Unsere Nachrichten - Alpis \u00dcbersetzung und Dolmetschen","isPartOf":{"@id":"https:\/\/www.alpis.fr\/de\/#website"},"primaryImageOfPage":{"@id":"https:\/\/www.alpis.fr\/de\/unsere-nachrichten\/#primaryimage"},"image":{"@id":"https:\/\/www.alpis.fr\/de\/unsere-nachrichten\/#primaryimage"},"thumbnailUrl":"\/cdn-cgi\/image\/quality=80,format=auto,onerror=redirect,metadata=none\/wp-content\/uploads\/2023\/07\/nos-actualites-journal-cafe-ordinateur.jpg","datePublished":"2022-01-26T10:27:50+00:00","dateModified":"2024-10-17T08:56:04+00:00","description":"alle Neuigkeiten von Alpis \u00dcbersetzung und Dolmetschen auf Deutsch: Informationen \u00fcber unsere Niederlassungen, unsere Dienstleistungen, Produkte, Expertenbereiche...","inLanguage":"de","potentialAction":[{"@type":"ReadAction","target":["https:\/\/www.alpis.fr\/de\/unsere-nachrichten\/"]}]},{"@type":"ImageObject","inLanguage":"de","@id":"https:\/\/www.alpis.fr\/de\/unsere-nachrichten\/#primaryimage","url":"\/cdn-cgi\/image\/quality=80,format=auto,onerror=redirect,metadata=none\/wp-content\/uploads\/2023\/07\/nos-actualites-journal-cafe-ordinateur.jpg","contentUrl":"\/cdn-cgi\/image\/quality=80,format=auto,onerror=redirect,metadata=none\/wp-content\/uploads\/2023\/07\/nos-actualites-journal-cafe-ordinateur.jpg","width":400,"height":267,"caption":"Prenons un caf\u00e9 pour discuter des actualit\u00e9s d'Alpis"},{"@type":"WebSite","@id":"https:\/\/www.alpis.fr\/de\/#website","url":"https:\/\/www.alpis.fr\/de\/","name":"Alpis Traduction et Interpr\u00e9tation","description":"Das \u00dcbersetzungsb\u00fcro im Dienste Ihres internationalen Aufstiegs","publisher":{"@id":"https:\/\/www.alpis.fr\/de\/#organization"},"potentialAction":[{"@type":"SearchAction","target":{"@type":"EntryPoint","urlTemplate":"https:\/\/www.alpis.fr\/de\/?s={search_term_string}"},"query-input":{"@type":"PropertyValueSpecification","valueRequired":true,"valueName":"search_term_string"}}],"inLanguage":"de"},{"@type":"Organization","@id":"https:\/\/www.alpis.fr\/de\/#organization","name":"Alpis Traduction et Interpr\u00e9tation","alternateName":"Alpis","url":"https:\/\/www.alpis.fr\/de\/","logo":{"@type":"ImageObject","inLanguage":"de","@id":"https:\/\/www.alpis.fr\/de\/#\/schema\/logo\/image\/","url":"https:\/\/www.alpis.fr\/wp-content\/uploads\/2022\/06\/LogoPreviewFB1200x630.jpg","contentUrl":"https:\/\/www.alpis.fr\/wp-content\/uploads\/2022\/06\/LogoPreviewFB1200x630.jpg","width":1200,"height":630,"caption":"Alpis Traduction et Interpr\u00e9tation"},"image":{"@id":"https:\/\/www.alpis.fr\/de\/#\/schema\/logo\/image\/"},"sameAs":["https:\/\/www.facebook.com\/alpisfr\/","https:\/\/x.com\/AlpisParis","https:\/\/www.linkedin.com\/company\/alpis","https:\/\/twitter.com\/AlpisParis"],"email":"contact@alpis.fr","telephone":"+33973037000","legalName":"Alpis Traduction et Interpr\u00e9tation SAS","foundingDate":"2014-03-06","vatID":"FR52801253543","taxID":"80125354300012","numberOfEmployees":{"@type":"QuantitativeValue","minValue":"1","maxValue":"10"},"actionableFeedbackPolicy":"https:\/\/www.alpis.fr\/mentions-legales\/","correctionsPolicy":"https:\/\/www.alpis.fr\/mentions-legales\/"}]}},"_links":{"self":[{"href":"https:\/\/www.alpis.fr\/de\/wp-json\/wp\/v2\/pages\/11031","targetHints":{"allow":["GET"]}}],"collection":[{"href":"https:\/\/www.alpis.fr\/de\/wp-json\/wp\/v2\/pages"}],"about":[{"href":"https:\/\/www.alpis.fr\/de\/wp-json\/wp\/v2\/types\/page"}],"author":[{"embeddable":true,"href":"https:\/\/www.alpis.fr\/de\/wp-json\/wp\/v2\/users\/25"}],"replies":[{"embeddable":true,"href":"https:\/\/www.alpis.fr\/de\/wp-json\/wp\/v2\/comments?post=11031"}],"version-history":[{"count":0,"href":"https:\/\/www.alpis.fr\/de\/wp-json\/wp\/v2\/pages\/11031\/revisions"}],"wp:featuredmedia":[{"embeddable":true,"href":"https:\/\/www.alpis.fr\/de\/wp-json\/wp\/v2\/media\/12809"}],"wp:attachment":[{"href":"https:\/\/www.alpis.fr\/de\/wp-json\/wp\/v2\/media?parent=11031"}],"curies":[{"name":"wp","href":"https:\/\/api.w.org\/{rel}","templated":true}]}}