{"id":11025,"date":"2022-06-22T09:20:31","date_gmt":"2022-06-22T07:20:31","guid":{"rendered":"https:\/\/www.alpis.fr\/zahlung\/"},"modified":"2024-10-16T11:44:45","modified_gmt":"2024-10-16T09:44:45","slug":"zahlung","status":"publish","type":"page","link":"https:\/\/www.alpis.fr\/de\/zahlung\/","title":{"rendered":"Zahlung"},"content":{"rendered":"\t\t<div data-elementor-type=\"wp-page\" data-elementor-id=\"11025\" class=\"elementor elementor-11025 elementor-3999\" data-elementor-post-type=\"page\">\n\t\t\t\t\t\t<section class=\" elementor-section elementor-top-section elementor-element elementor-element-c50dc3b elementor-section-boxed elementor-section-height-default elementor-section-height-default wpr-jarallax-no wpr-sticky-section-no\" data-id=\"c50dc3b\" data-element_type=\"section\" data-e-type=\"section\">\r\n\t\t\t\t\t\t\t\t<div class=\"elementor-container elementor-column-gap-default\">\r\n\t\t\t\t\r\n\t\t\t\t\t\t\t\t<div class=\" elementor-column elementor-col-100 elementor-top-column elementor-element elementor-element-b655094 \" data-id=\"b655094\" data-element_type=\"column\" data-e-type=\"column\">\r\n\r\n\t\t\t\t\r\n\t\t\t\t<div class=\"elementor-widget-wrap\">\r\n\t\t\t\t\t\t\t\t\t\t\r\n\t\t\t\t\t\t\t\t<\/div>\r\n\t\t\t\t<\/div>\r\n\t\t\t\t\t\t\t\t<\/div>\r\n\t\t\t<\/section>\r\n\t\t\t\t\t<section class=\" elementor-section elementor-top-section elementor-element elementor-element-29ae6b3 elementor-section-boxed elementor-section-height-default elementor-section-height-default wpr-jarallax-no wpr-sticky-section-no\" data-id=\"29ae6b3\" data-element_type=\"section\" data-e-type=\"section\">\r\n\t\t\t\t\t\t\t\t<div class=\"elementor-container elementor-column-gap-default\">\r\n\t\t\t\t\r\n\t\t\t\t\t\t\t\t<div class=\" elementor-column elementor-col-100 elementor-top-column elementor-element elementor-element-f8eb83a \" data-id=\"f8eb83a\" data-element_type=\"column\" data-e-type=\"column\">\r\n\r\n\t\t\t\t\r\n\t\t\t\t<div class=\"elementor-widget-wrap elementor-element-populated\">\r\n\t\t\t\t\t\t\t\t\t\t\r\n\t\t\t\t\t\t<div class=\"elementor-element elementor-element-f9ab2ad eael-dual-header-content-align-center elementor-widget elementor-widget-eael-dual-color-header\" data-id=\"f9ab2ad\" data-element_type=\"widget\" data-e-type=\"widget\" data-widget_type=\"eael-dual-color-header.default\">\n\t\t\t\t\t\t\t\t<div class=\"eael-dual-header\">\n\t\t\t\t<h1 class=\"title eael-dch-title\"><span class=\"eael-dch-title-text eael-dch-title-lead lead solid-color\">Zahlung per Kreditkarte<\/span> <span class=\"eael-dch-title-text\"><\/span><\/h1><div class=\"eael-dch-separator-wrap\"><span class=\"separator-one\"><\/span>\n\t\t\t<span class=\"separator-two\"><\/span><\/div>\t\t\t<\/div>\n\n\t\t\t\t\t\t<\/div>\n\t\t\t\t<div class=\"elementor-element elementor-element-c049552 elementor-widget elementor-widget-spacer\" data-id=\"c049552\" data-element_type=\"widget\" data-e-type=\"widget\" data-widget_type=\"spacer.default\">\n\t\t\t\t\t\t\t<div class=\"elementor-spacer\">\n\t\t\t<div class=\"elementor-spacer-inner\"><\/div>\n\t\t<\/div>\n\t\t\t\t\t\t<\/div>\n\t\t\t\t<div class=\"elementor-element elementor-element-37f159c elementor-widget elementor-widget-text-editor\" data-id=\"37f159c\" data-element_type=\"widget\" data-e-type=\"widget\" data-widget_type=\"text-editor.default\">\n\t\t\t\t\t\t\t\t\t<p>Sehr geehrter Alpis-Kunde,<\/p>\n<p>Sie haben gerade eine Zahlung per Kreditkarte oder PayPal get\u00e4tigt.<\/p>\n<p>Wenn Ihre Zahlung erfolgreich verlaufen ist, erhalten Sie von der Zahlungsplattform eine Zahlungsbest\u00e4tigung per E-Mail.<\/p>\n<p><span style=\"text-decoration: underline;\"><strong>Bitte \u00fcberpr\u00fcfen Sie in der E-Mail, ob die Zahlung erfolgreich war.<\/strong><\/span><\/p>\n<ul>\n<li>Sollte dies der Fall sein, werden unsere Teams Ihre Anfrage in den n\u00e4chsten Minuten bearbeiten.<br \/>Anschlie\u00dfend wird Ihre Bestellung gepr\u00fcft und Sie erhalten im Anschluss eine Bestellbest\u00e4tigung per E-Mail.<br \/>Die bestellte Dienstleistung (\u00dcbersetzung, Dolmetschen, Legalisierung) wird innerhalb der vereinbarten Zeit ausgef\u00fchrt.<br \/>Wenn es sich um eine \u00dcbersetzung oder Legalisierung handelt, wird sie Ihnen per Post, Express, Kurier usw. direkt an die Adresse Ihrer Wahl oder an eine nahegelegene Weiterleitungsstelle geschickt.<\/li>\n<li>Wenn nicht, erneuern Sie bitte Ihre Zahlung.<br \/>In jedem Fall erfolgt im Fehlerfall bei Doppelzahlung nur eine einmalige Belastung.<\/li>\n<\/ul>\n<p>F\u00fcr weitere Informationen k\u00f6nnen Sie uns direkt telefonisch oder per E-Mail kontaktieren, indem Sie auf die erhaltenen E-Mails antworten.<\/p>\n<p>Es ist nicht erforderlich, den ebenfalls erhaltenen Zahlungsbeleg an uns zur\u00fcckzusenden.<\/p>\n<p>Erfolgt innerhalb von zwei Arbeitsstunden keine Auftragsbest\u00e4tigung,<br \/>Bitte rufen Sie uns an, um zu \u00fcberpr\u00fcfen, ob Ihre Zahlung ber\u00fccksichtigt wurde.<\/p>\n<p>Bei weiteren Fragen k\u00f6nnen Sie gerne <a href=\"https:\/\/www.alpis.fr\/de\/faq-alpis-uebersetzung-dolmetschen\/\" target=\"_blank\" rel=\"noopener\">unsere FAQ<\/a> konsultieren.<\/p>\n\t\t\t\t\t\t\t\t<\/div>\n\t\t\t\t<div class=\"elementor-element elementor-element-5f956d0 elementor-widget elementor-widget-spacer\" data-id=\"5f956d0\" data-element_type=\"widget\" data-e-type=\"widget\" data-widget_type=\"spacer.default\">\n\t\t\t\t\t\t\t<div class=\"elementor-spacer\">\n\t\t\t<div class=\"elementor-spacer-inner\"><\/div>\n\t\t<\/div>\n\t\t\t\t\t\t<\/div>\n\t\t\t\t<div class=\"elementor-element elementor-element-ae14d23 elementor-widget elementor-widget-image\" data-id=\"ae14d23\" data-element_type=\"widget\" data-e-type=\"widget\" data-widget_type=\"image.default\">\n\t\t\t\t\t\t\t\t\t\t\t\t\t\t\t<img decoding=\"async\" width=\"730\" height=\"50\" src=\"\/cdn-cgi\/image\/quality=80,format=auto,onerror=redirect,metadata=none\/wp-content\/uploads\/2023\/07\/payment-methods.jpg\" class=\"attachment-large size-large wp-image-12299\" alt=\"m\u00e9thodes de paiement\" \/>\t\t\t\t\t\t\t\t\t\t\t\t\t\t\t<\/div>\n\t\t\t\t<div class=\"elementor-element elementor-element-d52c6ce elementor-widget elementor-widget-spacer\" data-id=\"d52c6ce\" data-element_type=\"widget\" data-e-type=\"widget\" data-widget_type=\"spacer.default\">\n\t\t\t\t\t\t\t<div class=\"elementor-spacer\">\n\t\t\t<div class=\"elementor-spacer-inner\"><\/div>\n\t\t<\/div>\n\t\t\t\t\t\t<\/div>\n\t\t\t\t<div class=\"elementor-element elementor-element-b8afd83 elementor-align-center elementor-invisible elementor-widget elementor-widget-button\" data-id=\"b8afd83\" data-element_type=\"widget\" data-e-type=\"widget\" data-settings=\"{&quot;_animation&quot;:&quot;zoomInUp&quot;}\" data-widget_type=\"button.default\">\n\t\t\t\t\t\t\t\t\t\t<a class=\"elementor-button elementor-button-link elementor-size-lg elementor-animation-push\" href=\"tel:+33973037000\">\n\t\t\t\t\t\t<span class=\"elementor-button-content-wrapper\">\n\t\t\t\t\t\t<span class=\"elementor-button-icon\">\n\t\t\t\t<svg aria-hidden=\"true\" class=\"e-font-icon-svg e-fas-phone\" viewBox=\"0 0 512 512\" xmlns=\"http:\/\/www.w3.org\/2000\/svg\"><path d=\"M493.4 24.6l-104-24c-11.3-2.6-22.9 3.3-27.5 13.9l-48 112c-4.2 9.8-1.4 21.3 6.9 28l60.6 49.6c-36 76.7-98.9 140.5-177.2 177.2l-49.6-60.6c-6.8-8.3-18.2-11.1-28-6.9l-112 48C3.9 366.5-2 378.1.6 389.4l24 104C27.1 504.2 36.7 512 48 512c256.1 0 464-207.5 464-464 0-11.2-7.7-20.9-18.6-23.4z\"><\/path><\/svg>\t\t\t<\/span>\n\t\t\t\t\t\t\t\t\t<span class=\"elementor-button-text\">Ein Problem ? Rufen Sie uns an!<\/span>\n\t\t\t\t\t<\/span>\n\t\t\t\t\t<\/a>\n\t\t\t\t\t\t\t\t<\/div>\n\t\t\t\t\t\t<\/div>\r\n\t\t\t\t<\/div>\r\n\t\t\t\t\t\t\t\t<\/div>\r\n\t\t\t<\/section>\r\n\t\t\t\t\t<\/div>\n\t\t","protected":false},"excerpt":{"rendered":"<p>Zahlung per Kreditkarte Sehr geehrter Alpis-Kunde, Sie haben gerade eine Zahlung per Kreditkarte oder PayPal get\u00e4tigt. Wenn Ihre Zahlung erfolgreich verlaufen ist, erhalten Sie von der Zahlungsplattform eine Zahlungsbest\u00e4tigung per E-Mail. Bitte \u00fcberpr\u00fcfen Sie in der E-Mail, ob die Zahlung erfolgreich war. Sollte dies der Fall sein, werden unsere Teams Ihre Anfrage in den n\u00e4chsten Minuten bearbeiten.Anschlie\u00dfend wird Ihre Bestellung gepr\u00fcft und Sie erhalten im Anschluss eine Bestellbest\u00e4tigung per E-Mail.Die bestellte Dienstleistung (\u00dcbersetzung, Dolmetschen, Legalisierung) wird innerhalb der vereinbarten Zeit ausgef\u00fchrt.Wenn es sich um eine \u00dcbersetzung oder Legalisierung handelt, wird sie Ihnen per Post, Express, Kurier usw. direkt an die Adresse Ihrer Wahl oder an eine nahegelegene Weiterleitungsstelle geschickt. Wenn nicht, erneuern Sie bitte Ihre Zahlung.In jedem Fall erfolgt im Fehlerfall bei Doppelzahlung nur eine einmalige Belastung. F\u00fcr weitere Informationen k\u00f6nnen Sie uns direkt telefonisch oder per E-Mail kontaktieren, indem Sie auf die erhaltenen E-Mails antworten. Es ist nicht erforderlich, den ebenfalls erhaltenen Zahlungsbeleg an uns zur\u00fcckzusenden. Erfolgt innerhalb von zwei Arbeitsstunden keine Auftragsbest\u00e4tigung,Bitte rufen Sie uns an, um zu \u00fcberpr\u00fcfen, ob Ihre Zahlung ber\u00fccksichtigt wurde. Bei weiteren Fragen k\u00f6nnen Sie gerne unsere FAQ konsultieren. Ein Problem ? Rufen Sie uns an!<\/p>\n","protected":false},"author":25,"featured_media":0,"parent":0,"menu_order":0,"comment_status":"closed","ping_status":"closed","template":"","meta":{"footnotes":""},"class_list":["post-11025","page","type-page","status-publish","hentry"],"yoast_head":"<!-- This site is optimized with the Yoast SEO Premium plugin v27.3 (Yoast SEO v27.3) - https:\/\/yoast.com\/product\/yoast-seo-premium-wordpress\/ -->\n<title>Zahlung - Alpis \u00dcbersetzung und Dolmetschen<\/title>\n<meta name=\"description\" content=\"Zahlungsbest\u00e4tigungsseite f\u00fcr Alpis \u00dcbersetzung und Dolmetschen\" \/>\n<meta name=\"robots\" content=\"noindex, nofollow\" \/>\n<meta property=\"og:locale\" content=\"de_DE\" \/>\n<meta property=\"og:type\" content=\"article\" \/>\n<meta property=\"og:title\" content=\"Zahlung\" \/>\n<meta property=\"og:description\" content=\"Zahlungsbest\u00e4tigungsseite f\u00fcr Alpis \u00dcbersetzung und Dolmetschen\" \/>\n<meta property=\"og:url\" content=\"https:\/\/www.alpis.fr\/de\/zahlung\/\" \/>\n<meta property=\"og:site_name\" content=\"Alpis \u00dcbersetzung und Dolmetschen\" \/>\n<meta property=\"article:publisher\" content=\"https:\/\/www.facebook.com\/alpisfr\/\" \/>\n<meta property=\"article:modified_time\" content=\"2024-10-16T09:44:45+00:00\" \/>\n<meta property=\"og:image\" content=\"https:\/\/www.alpis.fr\/cdn-cgi\/image\/quality=80,format=auto,onerror=redirect,metadata=none\/wp-content\/uploads\/2023\/07\/payment-methods.jpg\" \/>\n\t<meta property=\"og:image:width\" content=\"730\" \/>\n\t<meta property=\"og:image:height\" content=\"50\" \/>\n\t<meta property=\"og:image:type\" content=\"image\/jpeg\" \/>\n<meta name=\"twitter:card\" content=\"summary_large_image\" \/>\n<meta name=\"twitter:site\" content=\"@AlpisParis\" \/>\n<meta name=\"twitter:label1\" content=\"Gesch\u00e4tzte Lesezeit\" \/>\n\t<meta name=\"twitter:data1\" content=\"1\u00a0Minute\" \/>\n<script type=\"application\/ld+json\" class=\"yoast-schema-graph\">{\"@context\":\"https:\\\/\\\/schema.org\",\"@graph\":[{\"@type\":\"WebPage\",\"@id\":\"https:\\\/\\\/www.alpis.fr\\\/de\\\/zahlung\\\/\",\"url\":\"https:\\\/\\\/www.alpis.fr\\\/de\\\/zahlung\\\/\",\"name\":\"Zahlung - Alpis \u00dcbersetzung und Dolmetschen\",\"isPartOf\":{\"@id\":\"https:\\\/\\\/www.alpis.fr\\\/de\\\/#website\"},\"primaryImageOfPage\":{\"@id\":\"https:\\\/\\\/www.alpis.fr\\\/de\\\/zahlung\\\/#primaryimage\"},\"image\":{\"@id\":\"https:\\\/\\\/www.alpis.fr\\\/de\\\/zahlung\\\/#primaryimage\"},\"thumbnailUrl\":\"https:\\\/\\\/www.alpis.fr\\\/wp-content\\\/uploads\\\/2023\\\/07\\\/payment-methods.jpg\",\"datePublished\":\"2022-06-22T07:20:31+00:00\",\"dateModified\":\"2024-10-16T09:44:45+00:00\",\"description\":\"Zahlungsbest\u00e4tigungsseite f\u00fcr Alpis \u00dcbersetzung und Dolmetschen\",\"inLanguage\":\"de\",\"potentialAction\":[{\"@type\":\"ReadAction\",\"target\":[\"https:\\\/\\\/www.alpis.fr\\\/de\\\/zahlung\\\/\"]}]},{\"@type\":\"ImageObject\",\"inLanguage\":\"de\",\"@id\":\"https:\\\/\\\/www.alpis.fr\\\/de\\\/zahlung\\\/#primaryimage\",\"url\":\"https:\\\/\\\/www.alpis.fr\\\/wp-content\\\/uploads\\\/2023\\\/07\\\/payment-methods.jpg\",\"contentUrl\":\"https:\\\/\\\/www.alpis.fr\\\/wp-content\\\/uploads\\\/2023\\\/07\\\/payment-methods.jpg\"},{\"@type\":\"WebSite\",\"@id\":\"https:\\\/\\\/www.alpis.fr\\\/de\\\/#website\",\"url\":\"https:\\\/\\\/www.alpis.fr\\\/de\\\/\",\"name\":\"Alpis Traduction et Interpr\u00e9tation\",\"description\":\"Das \u00dcbersetzungsb\u00fcro im Dienste Ihres internationalen Aufstiegs\",\"publisher\":{\"@id\":\"https:\\\/\\\/www.alpis.fr\\\/de\\\/#organization\"},\"potentialAction\":[{\"@type\":\"SearchAction\",\"target\":{\"@type\":\"EntryPoint\",\"urlTemplate\":\"https:\\\/\\\/www.alpis.fr\\\/de\\\/?s={search_term_string}\"},\"query-input\":{\"@type\":\"PropertyValueSpecification\",\"valueRequired\":true,\"valueName\":\"search_term_string\"}}],\"inLanguage\":\"de\"},{\"@type\":\"Organization\",\"@id\":\"https:\\\/\\\/www.alpis.fr\\\/de\\\/#organization\",\"name\":\"Alpis Traduction et Interpr\u00e9tation\",\"alternateName\":\"Alpis\",\"url\":\"https:\\\/\\\/www.alpis.fr\\\/de\\\/\",\"logo\":{\"@type\":\"ImageObject\",\"inLanguage\":\"de\",\"@id\":\"https:\\\/\\\/www.alpis.fr\\\/de\\\/#\\\/schema\\\/logo\\\/image\\\/\",\"url\":\"https:\\\/\\\/www.alpis.fr\\\/wp-content\\\/uploads\\\/2022\\\/06\\\/LogoPreviewFB1200x630.jpg\",\"contentUrl\":\"https:\\\/\\\/www.alpis.fr\\\/wp-content\\\/uploads\\\/2022\\\/06\\\/LogoPreviewFB1200x630.jpg\",\"width\":1200,\"height\":630,\"caption\":\"Alpis Traduction et Interpr\u00e9tation\"},\"image\":{\"@id\":\"https:\\\/\\\/www.alpis.fr\\\/de\\\/#\\\/schema\\\/logo\\\/image\\\/\"},\"sameAs\":[\"https:\\\/\\\/www.facebook.com\\\/alpisfr\\\/\",\"https:\\\/\\\/x.com\\\/AlpisParis\",\"https:\\\/\\\/www.linkedin.com\\\/company\\\/alpis\",\"https:\\\/\\\/twitter.com\\\/AlpisParis\"],\"email\":\"contact@alpis.fr\",\"telephone\":\"+33973037000\",\"legalName\":\"Alpis Traduction et Interpr\u00e9tation SAS\",\"foundingDate\":\"2014-03-06\",\"vatID\":\"FR52801253543\",\"taxID\":\"80125354300012\",\"numberOfEmployees\":{\"@type\":\"QuantitativeValue\",\"minValue\":\"1\",\"maxValue\":\"10\"},\"actionableFeedbackPolicy\":\"https:\\\/\\\/www.alpis.fr\\\/mentions-legales\\\/\",\"correctionsPolicy\":\"https:\\\/\\\/www.alpis.fr\\\/mentions-legales\\\/\"}]}<\/script>\n<!-- \/ Yoast SEO Premium plugin. -->","yoast_head_json":{"title":"Zahlung - Alpis \u00dcbersetzung und Dolmetschen","description":"Zahlungsbest\u00e4tigungsseite f\u00fcr Alpis \u00dcbersetzung und Dolmetschen","robots":{"index":"noindex","follow":"nofollow"},"og_locale":"de_DE","og_type":"article","og_title":"Zahlung","og_description":"Zahlungsbest\u00e4tigungsseite f\u00fcr Alpis \u00dcbersetzung und Dolmetschen","og_url":"https:\/\/www.alpis.fr\/de\/zahlung\/","og_site_name":"Alpis \u00dcbersetzung und Dolmetschen","article_publisher":"https:\/\/www.facebook.com\/alpisfr\/","article_modified_time":"2024-10-16T09:44:45+00:00","og_image":[{"width":730,"height":50,"url":"https:\/\/www.alpis.fr\/cdn-cgi\/image\/quality=80,format=auto,onerror=redirect,metadata=none\/wp-content\/uploads\/2023\/07\/payment-methods.jpg","type":"image\/jpeg"}],"twitter_card":"summary_large_image","twitter_site":"@AlpisParis","twitter_misc":{"Gesch\u00e4tzte Lesezeit":"1\u00a0Minute"},"schema":{"@context":"https:\/\/schema.org","@graph":[{"@type":"WebPage","@id":"https:\/\/www.alpis.fr\/de\/zahlung\/","url":"https:\/\/www.alpis.fr\/de\/zahlung\/","name":"Zahlung - Alpis \u00dcbersetzung und Dolmetschen","isPartOf":{"@id":"https:\/\/www.alpis.fr\/de\/#website"},"primaryImageOfPage":{"@id":"https:\/\/www.alpis.fr\/de\/zahlung\/#primaryimage"},"image":{"@id":"https:\/\/www.alpis.fr\/de\/zahlung\/#primaryimage"},"thumbnailUrl":"https:\/\/www.alpis.fr\/wp-content\/uploads\/2023\/07\/payment-methods.jpg","datePublished":"2022-06-22T07:20:31+00:00","dateModified":"2024-10-16T09:44:45+00:00","description":"Zahlungsbest\u00e4tigungsseite f\u00fcr Alpis \u00dcbersetzung und Dolmetschen","inLanguage":"de","potentialAction":[{"@type":"ReadAction","target":["https:\/\/www.alpis.fr\/de\/zahlung\/"]}]},{"@type":"ImageObject","inLanguage":"de","@id":"https:\/\/www.alpis.fr\/de\/zahlung\/#primaryimage","url":"https:\/\/www.alpis.fr\/wp-content\/uploads\/2023\/07\/payment-methods.jpg","contentUrl":"https:\/\/www.alpis.fr\/wp-content\/uploads\/2023\/07\/payment-methods.jpg"},{"@type":"WebSite","@id":"https:\/\/www.alpis.fr\/de\/#website","url":"https:\/\/www.alpis.fr\/de\/","name":"Alpis Traduction et Interpr\u00e9tation","description":"Das \u00dcbersetzungsb\u00fcro im Dienste Ihres internationalen Aufstiegs","publisher":{"@id":"https:\/\/www.alpis.fr\/de\/#organization"},"potentialAction":[{"@type":"SearchAction","target":{"@type":"EntryPoint","urlTemplate":"https:\/\/www.alpis.fr\/de\/?s={search_term_string}"},"query-input":{"@type":"PropertyValueSpecification","valueRequired":true,"valueName":"search_term_string"}}],"inLanguage":"de"},{"@type":"Organization","@id":"https:\/\/www.alpis.fr\/de\/#organization","name":"Alpis Traduction et Interpr\u00e9tation","alternateName":"Alpis","url":"https:\/\/www.alpis.fr\/de\/","logo":{"@type":"ImageObject","inLanguage":"de","@id":"https:\/\/www.alpis.fr\/de\/#\/schema\/logo\/image\/","url":"https:\/\/www.alpis.fr\/wp-content\/uploads\/2022\/06\/LogoPreviewFB1200x630.jpg","contentUrl":"https:\/\/www.alpis.fr\/wp-content\/uploads\/2022\/06\/LogoPreviewFB1200x630.jpg","width":1200,"height":630,"caption":"Alpis Traduction et Interpr\u00e9tation"},"image":{"@id":"https:\/\/www.alpis.fr\/de\/#\/schema\/logo\/image\/"},"sameAs":["https:\/\/www.facebook.com\/alpisfr\/","https:\/\/x.com\/AlpisParis","https:\/\/www.linkedin.com\/company\/alpis","https:\/\/twitter.com\/AlpisParis"],"email":"contact@alpis.fr","telephone":"+33973037000","legalName":"Alpis Traduction et Interpr\u00e9tation SAS","foundingDate":"2014-03-06","vatID":"FR52801253543","taxID":"80125354300012","numberOfEmployees":{"@type":"QuantitativeValue","minValue":"1","maxValue":"10"},"actionableFeedbackPolicy":"https:\/\/www.alpis.fr\/mentions-legales\/","correctionsPolicy":"https:\/\/www.alpis.fr\/mentions-legales\/"}]}},"_links":{"self":[{"href":"https:\/\/www.alpis.fr\/de\/wp-json\/wp\/v2\/pages\/11025","targetHints":{"allow":["GET"]}}],"collection":[{"href":"https:\/\/www.alpis.fr\/de\/wp-json\/wp\/v2\/pages"}],"about":[{"href":"https:\/\/www.alpis.fr\/de\/wp-json\/wp\/v2\/types\/page"}],"author":[{"embeddable":true,"href":"https:\/\/www.alpis.fr\/de\/wp-json\/wp\/v2\/users\/25"}],"replies":[{"embeddable":true,"href":"https:\/\/www.alpis.fr\/de\/wp-json\/wp\/v2\/comments?post=11025"}],"version-history":[{"count":0,"href":"https:\/\/www.alpis.fr\/de\/wp-json\/wp\/v2\/pages\/11025\/revisions"}],"wp:attachment":[{"href":"https:\/\/www.alpis.fr\/de\/wp-json\/wp\/v2\/media?parent=11025"}],"curies":[{"name":"wp","href":"https:\/\/api.w.org\/{rel}","templated":true}]}}