{"id":10988,"date":"2022-01-27T09:25:54","date_gmt":"2022-01-27T08:25:54","guid":{"rendered":"https:\/\/www.alpis.fr\/allgemeine-geschaftsbedingungen\/"},"modified":"2024-10-15T02:22:20","modified_gmt":"2024-10-15T00:22:20","slug":"allgemeine-geschaftsbedingungen","status":"publish","type":"page","link":"https:\/\/www.alpis.fr\/de\/allgemeine-geschaftsbedingungen\/","title":{"rendered":"Allgemeine Gesch\u00e4ftsbedingungen"},"content":{"rendered":"\t\t<div data-elementor-type=\"wp-page\" data-elementor-id=\"10988\" class=\"elementor elementor-10988 elementor-616\" data-elementor-post-type=\"page\">\n\t\t\t\t\t\t<section class=\" elementor-section elementor-top-section elementor-element elementor-element-6bf6a96c alpha-section-stretched elementor-section-boxed elementor-section-height-default elementor-section-height-default wpr-jarallax-no wpr-sticky-section-no\" data-id=\"6bf6a96c\" data-element_type=\"section\" data-e-type=\"section\">\r\n\t\t\t\t\t\t\t\t<div class=\"elementor-container elementor-column-gap-default\">\r\n\t\t\t\t\r\n\t\t\t\t\t\t\t\t<div class=\" elementor-column elementor-col-100 elementor-top-column elementor-element elementor-element-35f44802 \" data-id=\"35f44802\" data-element_type=\"column\" data-e-type=\"column\">\r\n\r\n\t\t\t\t\r\n\t\t\t\t<div class=\"elementor-widget-wrap elementor-element-populated\">\r\n\t\t\t\t\t\t\t\t\t\t\r\n\t\t\t\t\t\t<div class=\"elementor-element elementor-element-e6db67b eael-dual-header-content-align-center elementor-widget elementor-widget-eael-dual-color-header\" data-id=\"e6db67b\" data-element_type=\"widget\" data-e-type=\"widget\" data-widget_type=\"eael-dual-color-header.default\">\n\t\t\t\t\t\t\t\t<div class=\"eael-dual-header\">\n\t\t\t\t<h1 class=\"title eael-dch-title\"><span class=\"eael-dch-title-text eael-dch-title-lead lead solid-color\">Allgemeine Gesch\u00e4ftsbedingungen<\/span> <span class=\"eael-dch-title-text\"><\/span><\/h1><div class=\"eael-dch-separator-wrap\"><span class=\"separator-one\"><\/span>\n\t\t\t<span class=\"separator-two\"><\/span><\/div>\t\t\t<\/div>\n\n\t\t\t\t\t\t<\/div>\n\t\t\t\t<div class=\"elementor-element elementor-element-5f134cae elementor-widget elementor-widget-spacer\" data-id=\"5f134cae\" data-element_type=\"widget\" data-e-type=\"widget\" data-widget_type=\"spacer.default\">\n\t\t\t\t\t\t\t<div class=\"elementor-spacer\">\n\t\t\t<div class=\"elementor-spacer-inner\"><\/div>\n\t\t<\/div>\n\t\t\t\t\t\t<\/div>\n\t\t\t\t<section class=\" elementor-section elementor-inner-section elementor-element elementor-element-683ee4a elementor-section-boxed elementor-section-height-default elementor-section-height-default wpr-jarallax-no wpr-sticky-section-no\" data-id=\"683ee4a\" data-element_type=\"section\" data-e-type=\"section\">\r\n\t\t\t\t\t\t\t\t<div class=\"elementor-container elementor-column-gap-default\">\r\n\t\t\t\t\r\n\t\t\t\t\t\t\t\t<div class=\" elementor-column elementor-col-50 elementor-inner-column elementor-element elementor-element-77c6c7b \" data-id=\"77c6c7b\" data-element_type=\"column\" data-e-type=\"column\">\r\n\r\n\t\t\t\t\r\n\t\t\t\t<div class=\"elementor-widget-wrap elementor-element-populated\">\r\n\t\t\t\t\t\t\t\t\t\t\r\n\t\t\t\t\t\t<div class=\"elementor-element elementor-element-ab36015 elementor-widget elementor-widget-text-editor\" data-id=\"ab36015\" data-element_type=\"widget\" data-e-type=\"widget\" data-widget_type=\"text-editor.default\">\n\t\t\t\t\t\t\t\t\t<p>Allgemeine Gesch\u00e4ftsbedingungen von Alpis \u00dcbersetzung und Dolmetschen<\/p>\n\t\t\t\t\t\t\t\t<\/div>\n\t\t\t\t\t\t<\/div>\r\n\t\t\t\t<\/div>\r\n\t\t\t\t\t\t\t\t\t<div class=\" elementor-column elementor-col-50 elementor-inner-column elementor-element elementor-element-bc9ed54 \" data-id=\"bc9ed54\" data-element_type=\"column\" data-e-type=\"column\">\r\n\r\n\t\t\t\t\r\n\t\t\t\t<div class=\"elementor-widget-wrap elementor-element-populated\">\r\n\t\t\t\t\t\t\t\t\t\t\r\n\t\t\t\t\t\t<div class=\"elementor-element elementor-element-2134662 elementor-widget elementor-widget-image\" data-id=\"2134662\" data-element_type=\"widget\" data-e-type=\"widget\" data-widget_type=\"image.default\">\n\t\t\t\t\t\t\t\t\t\t\t\t\t\t\t<img fetchpriority=\"high\" decoding=\"async\" width=\"1024\" height=\"538\" src=\"\/cdn-cgi\/image\/width=1200,height=630,fit=crop,quality=80,format=auto,onerror=redirect,metadata=none\/wp-content\/uploads\/2022\/06\/LogoPreviewFB1200x630.jpg\" class=\"attachment-large size-large wp-image-3750\" alt=\"Alpis Traduction et Interpr\u00e9tation ds\" srcset=\"\/cdn-cgi\/image\/width=1200,height=630,fit=crop,quality=80,format=auto,onerror=redirect,metadata=none\/wp-content\/uploads\/2022\/06\/LogoPreviewFB1200x630.jpg 1024w, \/cdn-cgi\/image\/width=1200,height=630,fit=crop,quality=80,format=auto,onerror=redirect,metadata=none\/wp-content\/uploads\/2022\/06\/LogoPreviewFB1200x630.jpg 768w\" sizes=\"(max-width: 1024px) 100vw, 1024px\" \/>\t\t\t\t\t\t\t\t\t\t\t\t\t\t\t<\/div>\n\t\t\t\t\t\t<\/div>\r\n\t\t\t\t<\/div>\r\n\t\t\t\t\t\t\t\t<\/div>\r\n\t\t\t<\/section>\r\n\t\t\t\t\t\t\t<\/div>\r\n\t\t\t\t<\/div>\r\n\t\t\t\t\t\t\t\t<\/div>\r\n\t\t\t<\/section>\r\n\t\t\t\t\t<\/div>\n\t\t","protected":false},"excerpt":{"rendered":"<p>Allgemeine Gesch\u00e4ftsbedingungen Allgemeine Gesch\u00e4ftsbedingungen von Alpis \u00dcbersetzung und Dolmetschen<\/p>\n","protected":false},"author":25,"featured_media":0,"parent":0,"menu_order":0,"comment_status":"closed","ping_status":"closed","template":"","meta":{"footnotes":""},"class_list":["post-10988","page","type-page","status-publish","hentry"],"yoast_head":"<!-- This site is optimized with the Yoast SEO Premium plugin v27.3 (Yoast SEO v27.3) - https:\/\/yoast.com\/product\/yoast-seo-premium-wordpress\/ -->\n<title>Allgemeine Gesch\u00e4ftsbedingungen - Alpis \u00dcbersetzung und Dolmetschen<\/title>\n<meta name=\"description\" content=\"Alpis \u00dcbersetzung und Dolmetschen SAS 13 Bis avenue de la Motte Picquet 75007 Paris Frankreich USt-IdNr: FR52801253543 SIRET: 80125354300012\" \/>\n<meta name=\"robots\" content=\"index, follow, max-snippet:-1, max-image-preview:large, max-video-preview:-1\" \/>\n<link rel=\"canonical\" href=\"https:\/\/www.alpis.fr\/de\/allgemeine-geschaftsbedingungen\/\" \/>\n<meta property=\"og:locale\" content=\"de_DE\" \/>\n<meta property=\"og:type\" content=\"article\" \/>\n<meta property=\"og:title\" content=\"Allgemeine Gesch\u00e4ftsbedingungen\" \/>\n<meta property=\"og:description\" content=\"Alpis \u00dcbersetzung und Dolmetschen SAS 13 Bis avenue de la Motte Picquet 75007 Paris Frankreich USt-IdNr: FR52801253543 SIRET: 80125354300012\" \/>\n<meta property=\"og:url\" content=\"https:\/\/www.alpis.fr\/de\/allgemeine-geschaftsbedingungen\/\" \/>\n<meta property=\"og:site_name\" content=\"Alpis \u00dcbersetzung und Dolmetschen\" \/>\n<meta property=\"article:publisher\" content=\"https:\/\/www.facebook.com\/alpisfr\/\" \/>\n<meta property=\"article:modified_time\" content=\"2024-10-15T00:22:20+00:00\" \/>\n<meta property=\"og:image\" content=\"https:\/\/www.alpis.fr\/cdn-cgi\/image\/width=1200,height=630,fit=crop,quality=80,format=auto,onerror=redirect,metadata=none\/wp-content\/uploads\/2022\/06\/LogoPreviewFB1200x630.jpg\" \/>\n\t<meta property=\"og:image:width\" content=\"1200\" \/>\n\t<meta property=\"og:image:height\" content=\"630\" \/>\n\t<meta property=\"og:image:type\" content=\"image\/jpeg\" \/>\n<meta name=\"twitter:card\" content=\"summary_large_image\" \/>\n<meta name=\"twitter:site\" content=\"@AlpisParis\" \/>\n<script type=\"application\/ld+json\" class=\"yoast-schema-graph\">{\"@context\":\"https:\\\/\\\/schema.org\",\"@graph\":[{\"@type\":\"WebPage\",\"@id\":\"https:\\\/\\\/www.alpis.fr\\\/de\\\/allgemeine-geschaftsbedingungen\\\/\",\"url\":\"https:\\\/\\\/www.alpis.fr\\\/de\\\/allgemeine-geschaftsbedingungen\\\/\",\"name\":\"Allgemeine Gesch\u00e4ftsbedingungen - Alpis \u00dcbersetzung und Dolmetschen\",\"isPartOf\":{\"@id\":\"https:\\\/\\\/www.alpis.fr\\\/de\\\/#website\"},\"primaryImageOfPage\":{\"@id\":\"https:\\\/\\\/www.alpis.fr\\\/de\\\/allgemeine-geschaftsbedingungen\\\/#primaryimage\"},\"image\":{\"@id\":\"https:\\\/\\\/www.alpis.fr\\\/de\\\/allgemeine-geschaftsbedingungen\\\/#primaryimage\"},\"thumbnailUrl\":\"https:\\\/\\\/www.alpis.fr\\\/wp-content\\\/uploads\\\/2022\\\/06\\\/LogoPreviewFB1200x630-1024x538.jpg\",\"datePublished\":\"2022-01-27T08:25:54+00:00\",\"dateModified\":\"2024-10-15T00:22:20+00:00\",\"description\":\"Alpis \u00dcbersetzung und Dolmetschen SAS 13 Bis avenue de la Motte Picquet 75007 Paris Frankreich USt-IdNr: FR52801253543 SIRET: 80125354300012\",\"inLanguage\":\"de\",\"potentialAction\":[{\"@type\":\"ReadAction\",\"target\":[\"https:\\\/\\\/www.alpis.fr\\\/de\\\/allgemeine-geschaftsbedingungen\\\/\"]}]},{\"@type\":\"ImageObject\",\"inLanguage\":\"de\",\"@id\":\"https:\\\/\\\/www.alpis.fr\\\/de\\\/allgemeine-geschaftsbedingungen\\\/#primaryimage\",\"url\":\"https:\\\/\\\/www.alpis.fr\\\/wp-content\\\/uploads\\\/2022\\\/06\\\/LogoPreviewFB1200x630-1024x538.jpg\",\"contentUrl\":\"https:\\\/\\\/www.alpis.fr\\\/wp-content\\\/uploads\\\/2022\\\/06\\\/LogoPreviewFB1200x630-1024x538.jpg\"},{\"@type\":\"WebSite\",\"@id\":\"https:\\\/\\\/www.alpis.fr\\\/de\\\/#website\",\"url\":\"https:\\\/\\\/www.alpis.fr\\\/de\\\/\",\"name\":\"Alpis Traduction et Interpr\u00e9tation\",\"description\":\"Das \u00dcbersetzungsb\u00fcro im Dienste Ihres internationalen Aufstiegs\",\"publisher\":{\"@id\":\"https:\\\/\\\/www.alpis.fr\\\/de\\\/#organization\"},\"potentialAction\":[{\"@type\":\"SearchAction\",\"target\":{\"@type\":\"EntryPoint\",\"urlTemplate\":\"https:\\\/\\\/www.alpis.fr\\\/de\\\/?s={search_term_string}\"},\"query-input\":{\"@type\":\"PropertyValueSpecification\",\"valueRequired\":true,\"valueName\":\"search_term_string\"}}],\"inLanguage\":\"de\"},{\"@type\":\"Organization\",\"@id\":\"https:\\\/\\\/www.alpis.fr\\\/de\\\/#organization\",\"name\":\"Alpis Traduction et Interpr\u00e9tation\",\"alternateName\":\"Alpis\",\"url\":\"https:\\\/\\\/www.alpis.fr\\\/de\\\/\",\"logo\":{\"@type\":\"ImageObject\",\"inLanguage\":\"de\",\"@id\":\"https:\\\/\\\/www.alpis.fr\\\/de\\\/#\\\/schema\\\/logo\\\/image\\\/\",\"url\":\"https:\\\/\\\/www.alpis.fr\\\/wp-content\\\/uploads\\\/2022\\\/06\\\/LogoPreviewFB1200x630.jpg\",\"contentUrl\":\"https:\\\/\\\/www.alpis.fr\\\/wp-content\\\/uploads\\\/2022\\\/06\\\/LogoPreviewFB1200x630.jpg\",\"width\":1200,\"height\":630,\"caption\":\"Alpis Traduction et Interpr\u00e9tation\"},\"image\":{\"@id\":\"https:\\\/\\\/www.alpis.fr\\\/de\\\/#\\\/schema\\\/logo\\\/image\\\/\"},\"sameAs\":[\"https:\\\/\\\/www.facebook.com\\\/alpisfr\\\/\",\"https:\\\/\\\/x.com\\\/AlpisParis\",\"https:\\\/\\\/www.linkedin.com\\\/company\\\/alpis\",\"https:\\\/\\\/twitter.com\\\/AlpisParis\"],\"email\":\"contact@alpis.fr\",\"telephone\":\"+33973037000\",\"legalName\":\"Alpis Traduction et Interpr\u00e9tation SAS\",\"foundingDate\":\"2014-03-06\",\"vatID\":\"FR52801253543\",\"taxID\":\"80125354300012\",\"numberOfEmployees\":{\"@type\":\"QuantitativeValue\",\"minValue\":\"1\",\"maxValue\":\"10\"},\"actionableFeedbackPolicy\":\"https:\\\/\\\/www.alpis.fr\\\/mentions-legales\\\/\",\"correctionsPolicy\":\"https:\\\/\\\/www.alpis.fr\\\/mentions-legales\\\/\"}]}<\/script>\n<!-- \/ Yoast SEO Premium plugin. -->","yoast_head_json":{"title":"Allgemeine Gesch\u00e4ftsbedingungen - Alpis \u00dcbersetzung und Dolmetschen","description":"Alpis \u00dcbersetzung und Dolmetschen SAS 13 Bis avenue de la Motte Picquet 75007 Paris Frankreich USt-IdNr: FR52801253543 SIRET: 80125354300012","robots":{"index":"index","follow":"follow","max-snippet":"max-snippet:-1","max-image-preview":"max-image-preview:large","max-video-preview":"max-video-preview:-1"},"canonical":"https:\/\/www.alpis.fr\/de\/allgemeine-geschaftsbedingungen\/","og_locale":"de_DE","og_type":"article","og_title":"Allgemeine Gesch\u00e4ftsbedingungen","og_description":"Alpis \u00dcbersetzung und Dolmetschen SAS 13 Bis avenue de la Motte Picquet 75007 Paris Frankreich USt-IdNr: FR52801253543 SIRET: 80125354300012","og_url":"https:\/\/www.alpis.fr\/de\/allgemeine-geschaftsbedingungen\/","og_site_name":"Alpis \u00dcbersetzung und Dolmetschen","article_publisher":"https:\/\/www.facebook.com\/alpisfr\/","article_modified_time":"2024-10-15T00:22:20+00:00","og_image":[{"width":1200,"height":630,"url":"https:\/\/www.alpis.fr\/cdn-cgi\/image\/width=1200,height=630,fit=crop,quality=80,format=auto,onerror=redirect,metadata=none\/wp-content\/uploads\/2022\/06\/LogoPreviewFB1200x630.jpg","type":"image\/jpeg"}],"twitter_card":"summary_large_image","twitter_site":"@AlpisParis","schema":{"@context":"https:\/\/schema.org","@graph":[{"@type":"WebPage","@id":"https:\/\/www.alpis.fr\/de\/allgemeine-geschaftsbedingungen\/","url":"https:\/\/www.alpis.fr\/de\/allgemeine-geschaftsbedingungen\/","name":"Allgemeine Gesch\u00e4ftsbedingungen - Alpis \u00dcbersetzung und Dolmetschen","isPartOf":{"@id":"https:\/\/www.alpis.fr\/de\/#website"},"primaryImageOfPage":{"@id":"https:\/\/www.alpis.fr\/de\/allgemeine-geschaftsbedingungen\/#primaryimage"},"image":{"@id":"https:\/\/www.alpis.fr\/de\/allgemeine-geschaftsbedingungen\/#primaryimage"},"thumbnailUrl":"https:\/\/www.alpis.fr\/wp-content\/uploads\/2022\/06\/LogoPreviewFB1200x630-1024x538.jpg","datePublished":"2022-01-27T08:25:54+00:00","dateModified":"2024-10-15T00:22:20+00:00","description":"Alpis \u00dcbersetzung und Dolmetschen SAS 13 Bis avenue de la Motte Picquet 75007 Paris Frankreich USt-IdNr: FR52801253543 SIRET: 80125354300012","inLanguage":"de","potentialAction":[{"@type":"ReadAction","target":["https:\/\/www.alpis.fr\/de\/allgemeine-geschaftsbedingungen\/"]}]},{"@type":"ImageObject","inLanguage":"de","@id":"https:\/\/www.alpis.fr\/de\/allgemeine-geschaftsbedingungen\/#primaryimage","url":"https:\/\/www.alpis.fr\/wp-content\/uploads\/2022\/06\/LogoPreviewFB1200x630-1024x538.jpg","contentUrl":"https:\/\/www.alpis.fr\/wp-content\/uploads\/2022\/06\/LogoPreviewFB1200x630-1024x538.jpg"},{"@type":"WebSite","@id":"https:\/\/www.alpis.fr\/de\/#website","url":"https:\/\/www.alpis.fr\/de\/","name":"Alpis Traduction et Interpr\u00e9tation","description":"Das \u00dcbersetzungsb\u00fcro im Dienste Ihres internationalen Aufstiegs","publisher":{"@id":"https:\/\/www.alpis.fr\/de\/#organization"},"potentialAction":[{"@type":"SearchAction","target":{"@type":"EntryPoint","urlTemplate":"https:\/\/www.alpis.fr\/de\/?s={search_term_string}"},"query-input":{"@type":"PropertyValueSpecification","valueRequired":true,"valueName":"search_term_string"}}],"inLanguage":"de"},{"@type":"Organization","@id":"https:\/\/www.alpis.fr\/de\/#organization","name":"Alpis Traduction et Interpr\u00e9tation","alternateName":"Alpis","url":"https:\/\/www.alpis.fr\/de\/","logo":{"@type":"ImageObject","inLanguage":"de","@id":"https:\/\/www.alpis.fr\/de\/#\/schema\/logo\/image\/","url":"https:\/\/www.alpis.fr\/wp-content\/uploads\/2022\/06\/LogoPreviewFB1200x630.jpg","contentUrl":"https:\/\/www.alpis.fr\/wp-content\/uploads\/2022\/06\/LogoPreviewFB1200x630.jpg","width":1200,"height":630,"caption":"Alpis Traduction et Interpr\u00e9tation"},"image":{"@id":"https:\/\/www.alpis.fr\/de\/#\/schema\/logo\/image\/"},"sameAs":["https:\/\/www.facebook.com\/alpisfr\/","https:\/\/x.com\/AlpisParis","https:\/\/www.linkedin.com\/company\/alpis","https:\/\/twitter.com\/AlpisParis"],"email":"contact@alpis.fr","telephone":"+33973037000","legalName":"Alpis Traduction et Interpr\u00e9tation SAS","foundingDate":"2014-03-06","vatID":"FR52801253543","taxID":"80125354300012","numberOfEmployees":{"@type":"QuantitativeValue","minValue":"1","maxValue":"10"},"actionableFeedbackPolicy":"https:\/\/www.alpis.fr\/mentions-legales\/","correctionsPolicy":"https:\/\/www.alpis.fr\/mentions-legales\/"}]}},"_links":{"self":[{"href":"https:\/\/www.alpis.fr\/de\/wp-json\/wp\/v2\/pages\/10988","targetHints":{"allow":["GET"]}}],"collection":[{"href":"https:\/\/www.alpis.fr\/de\/wp-json\/wp\/v2\/pages"}],"about":[{"href":"https:\/\/www.alpis.fr\/de\/wp-json\/wp\/v2\/types\/page"}],"author":[{"embeddable":true,"href":"https:\/\/www.alpis.fr\/de\/wp-json\/wp\/v2\/users\/25"}],"replies":[{"embeddable":true,"href":"https:\/\/www.alpis.fr\/de\/wp-json\/wp\/v2\/comments?post=10988"}],"version-history":[{"count":0,"href":"https:\/\/www.alpis.fr\/de\/wp-json\/wp\/v2\/pages\/10988\/revisions"}],"wp:attachment":[{"href":"https:\/\/www.alpis.fr\/de\/wp-json\/wp\/v2\/media?parent=10988"}],"curies":[{"name":"wp","href":"https:\/\/api.w.org\/{rel}","templated":true}]}}