{"id":10914,"date":"2022-01-24T11:59:46","date_gmt":"2022-01-24T10:59:46","guid":{"rendered":"https:\/\/www.alpis.fr\/datenschutz-bestimmungen\/"},"modified":"2024-10-16T10:56:06","modified_gmt":"2024-10-16T08:56:06","slug":"datenschutz-bestimmungen","status":"publish","type":"page","link":"https:\/\/www.alpis.fr\/de\/datenschutz-bestimmungen\/","title":{"rendered":"Datenschutz-Bestimmungen"},"content":{"rendered":"\t\t<div data-elementor-type=\"wp-page\" data-elementor-id=\"10914\" class=\"elementor elementor-10914 elementor-3\" data-elementor-post-type=\"page\">\n\t\t\t\t\t\t<section class=\" elementor-section elementor-top-section elementor-element elementor-element-1620d481 alpha-section-stretched elementor-section-boxed elementor-section-height-default elementor-section-height-default wpr-jarallax-no wpr-sticky-section-no\" data-id=\"1620d481\" data-element_type=\"section\" data-e-type=\"section\">\r\n\t\t\t\t\t\t\t\t<div class=\"elementor-container elementor-column-gap-default\">\r\n\t\t\t\t\r\n\t\t\t\t\t\t\t\t<div class=\" elementor-column elementor-col-100 elementor-top-column elementor-element elementor-element-5bbc6c91 \" data-id=\"5bbc6c91\" data-element_type=\"column\" data-e-type=\"column\">\r\n\r\n\t\t\t\t\r\n\t\t\t\t<div class=\"elementor-widget-wrap elementor-element-populated\">\r\n\t\t\t\t\t\t\t\t\t\t\r\n\t\t\t\t\t\t<div class=\"elementor-element elementor-element-2c43022 eael-dual-header-content-align-center elementor-widget elementor-widget-eael-dual-color-header\" data-id=\"2c43022\" data-element_type=\"widget\" data-e-type=\"widget\" data-widget_type=\"eael-dual-color-header.default\">\n\t\t\t\t\t\t\t\t<div class=\"eael-dual-header\">\n\t\t\t\t<h1 class=\"title eael-dch-title\"><span class=\"eael-dch-title-text eael-dch-title-lead lead solid-color\">Datenschutz-Bestimmungen<\/span> <span class=\"eael-dch-title-text\"><\/span><\/h1><div class=\"eael-dch-separator-wrap\"><span class=\"separator-one\"><\/span>\n\t\t\t<span class=\"separator-two\"><\/span><\/div>\t\t\t<\/div>\n\n\t\t\t\t\t\t<\/div>\n\t\t\t\t<div class=\"elementor-element elementor-element-4266b7e elementor-widget elementor-widget-spacer\" data-id=\"4266b7e\" data-element_type=\"widget\" data-e-type=\"widget\" data-widget_type=\"spacer.default\">\n\t\t\t\t\t\t\t<div class=\"elementor-spacer\">\n\t\t\t<div class=\"elementor-spacer-inner\"><\/div>\n\t\t<\/div>\n\t\t\t\t\t\t<\/div>\n\t\t\t\t<div class=\"elementor-element elementor-element-390695e elementor-widget elementor-widget-image\" data-id=\"390695e\" data-element_type=\"widget\" data-e-type=\"widget\" data-widget_type=\"image.default\">\n\t\t\t\t\t\t\t\t\t\t\t\t\t\t\t<img width=\"1200\" height=\"200\" decoding=\"async\" src=\"\/cdn-cgi\/image\/quality=80,format=auto,onerror=redirect,metadata=none\/wp-content\/uploads\/elementor\/thumbs\/confidential-pqcv6yw0f4cgxlcw66hhns7fi5j6sg6jtd430hgfkg.jpg\" title=\"confidential\" alt=\"Politique de confidentialit\u00e9\" loading=\"lazy\" \/>\t\t\t\t\t\t\t\t\t\t\t\t\t\t\t<\/div>\n\t\t\t\t<div class=\"elementor-element elementor-element-17cd8a2 elementor-widget elementor-widget-spacer\" data-id=\"17cd8a2\" data-element_type=\"widget\" data-e-type=\"widget\" data-widget_type=\"spacer.default\">\n\t\t\t\t\t\t\t<div class=\"elementor-spacer\">\n\t\t\t<div class=\"elementor-spacer-inner\"><\/div>\n\t\t<\/div>\n\t\t\t\t\t\t<\/div>\n\t\t\t\t<div class=\"elementor-element elementor-element-314da640 elementor-widget elementor-widget-text-editor\" data-id=\"314da640\" data-element_type=\"widget\" data-e-type=\"widget\" data-widget_type=\"text-editor.default\">\n\t\t\t\t\t\t\t\t\t<h4>Wer sind wir?<\/h4>\n<p>Alpis ist eine \u00dcbersetzungs- und Dolmetschagentur mit Sitz in Paris und zahlreichen Agenturen in ganz Frankreich. Willkommen auf unserer Website: <a href=\"https:\/\/www.alpis.fr\/de\/\">https:\/\/www.alpis.fr\/de<\/a>.<\/p>\n<h4>Kommentare und Bewertungen<\/h4>\n<p>Wenn Besucher Kommentare und Bewertungen auf der Website hinterlassen, sammeln wir Daten aus ihren Formularen sowie die IP-Adresse und den verwendeten Browser, um die Spam-Erkennung zu verbessern. Eine aus Ihrer E-Mail-Adresse erstellte Zeichenfolge (ein Hash) kann dem Gravatar-Dienst zur Verf\u00fcgung gestellt werden, um einen Avatar auf der Website zu generieren oder Ihren eigenen zu verwenden, wenn Sie bereits Gravatar verwenden. Die Datenschutzerkl\u00e4rung von Gravatar finden Sie unter: <a href=\"https:\/\/automattic.com\/privacy\/\">https:\/\/automattic.com\/privacy\/<\/a>. Nach der Best\u00e4tigung Ihres Kommentars wird Ihr Avatar (Profilbild) als Teil Ihres Kommentars \u00f6ffentlich sichtbar.<\/p>\n<p>\u00a0<\/p>\n<h4>Medien<\/h4>\n<p>Wenn Sie Bilder auf unserer Website hochladen, sollten Sie vermeiden, dass diese Geolokalisierungsdaten enthalten, die in den Details enthalten sind (EXIF GPS). Besucher k\u00f6nnten dieses Bild herunterladen und Daten daraus extrahieren.<\/p>\n<p>\u00a0<\/p>\n<h4>Cookies<\/h4>\n<p>Wenn Sie einen Kommentar auf unserer Website hinterlassen, k\u00f6nnen Sie sich daf\u00fcr entscheiden, Ihren Namen, Ihre E-Mail-Adresse und Ihre Website in Cookies zu speichern. Diese dienen Ihrer Bequemlichkeit, sodass Sie Ihre Details nicht erneut eingeben m\u00fcssen, wenn Sie einen weiteren Kommentar hinterlassen. Diese Cookies haben eine G\u00fcltigkeitsdauer von einem Jahr.<\/p>\n<p>Wenn Sie unsere Anmeldeseite besuchen, setzen wir ein tempor\u00e4res Cookie, um festzustellen, ob Ihr Browser Cookies akzeptiert. Dieses Cookie enth\u00e4lt keine pers\u00f6nlichen Daten und wird verworfen, wenn Sie Ihren Browser schlie\u00dfen.<\/p>\n<p>Wenn Sie sich anmelden, werden auch mehrere Cookies eingerichtet, um Ihre Anmeldeinformationen und Ihre Bildschirmanzeigeoptionen zu speichern. Anmelde-Cookies bleiben zwei Tage lang g\u00fcltig, und Bildschirmoptionen-Cookies bleiben ein Jahr lang g\u00fcltig. Wenn Sie &#8222;Remember Me&#8220; ausw\u00e4hlen, bleibt Ihre Anmeldung zwei Wochen lang erhalten. Wenn Sie sich von Ihrem Konto abmelden, werden die Anmelde-Cookies entfernt.<\/p>\n<p>Wenn Sie einen Artikel bearbeiten oder ver\u00f6ffentlichen, wird ein zus\u00e4tzliches Cookie in Ihrem Browser gespeichert. Dieses Cookie enth\u00e4lt keine pers\u00f6nlichen Daten und gibt lediglich die Beitrag-ID des gerade bearbeiteten Artikels an. Es l\u00e4uft nach einem Tag ab.<\/p>\n<p>\u00a0<\/p>\n<h4>Eingebetteter Inhalt von anderen Websites<\/h4>\n<p>Artikel auf dieser Website k\u00f6nnen eingebettete Inhalte (z. B. Videos, Bilder, Artikel usw.) enthalten. Eingebettete Inhalte von anderen Websites verhalten sich genau so, als h\u00e4tte der Besucher die andere Website besucht.<\/p>\n<p>Diese Websites k\u00f6nnen Daten \u00fcber Sie sammeln, Cookies verwenden, zus\u00e4tzliches Tracking von Dritten einbetten und Ihre Interaktion mit diesem eingebetteten Inhalt \u00fcberwachen, einschlie\u00dflich der Verfolgung Ihrer Interaktion mit dem eingebetteten Inhalt, wenn Sie ein Konto haben und auf dieser Website angemeldet sind.<\/p>\n<p>\u00a0<\/p>\n<h4>Mit wem wir Ihre Daten teilen<\/h4>\n<p>Wenn Sie eine Passwortr\u00fccksetzung anfordern, wird Ihre IP-Adresse in der R\u00fccksetz-E-Mail enthalten sein.<\/p>\n<p>\u00a0<\/p>\n<h4>Wie lange wir Ihre Daten aufbewahren<\/h4>\n<p>Wenn Sie einen Kommentar hinterlassen, werden der Kommentar und seine Metadaten unbefristet gespeichert. Dies dient dazu, eventuelle Folgekommentare automatisch zu erkennen und zu genehmigen, anstatt sie in einer Moderationswarteschlange zu halten.<\/p>\n<p>F\u00fcr Benutzer, die sich auf unserer Website registrieren (sofern vorhanden), speichern wir auch die von ihnen bereitgestellten pers\u00f6nlichen Informationen in ihrem Benutzerprofil. Alle Benutzer k\u00f6nnen ihre pers\u00f6nlichen Informationen jederzeit einsehen, bearbeiten oder l\u00f6schen (au\u00dfer sie k\u00f6nnen ihren Benutzernamen nicht \u00e4ndern). Website-Administratoren k\u00f6nnen diese Informationen ebenfalls einsehen und bearbeiten.<\/p>\n<p>\u00a0<\/p>\n<h4>Welche Rechte Sie \u00fcber Ihre Daten haben<\/h4>\n<p>Wenn Sie ein Konto auf dieser Website haben oder Kommentare hinterlassen haben, k\u00f6nnen Sie beantragen, eine exportierte Datei der personenbezogenen Daten zu erhalten, die wir \u00fcber Sie gespeichert haben, einschlie\u00dflich aller Daten, die Sie uns zur Verf\u00fcgung gestellt haben. Sie k\u00f6nnen auch beantragen, dass wir alle personenbezogenen Daten, die wir \u00fcber Sie haben, l\u00f6schen. Dies beinhaltet keine Daten, die wir aus administrativen, rechtlichen oder Sicherheitsgr\u00fcnden aufbewahren m\u00fcssen.<\/p>\n<p>\u00a0<\/p>\n<h4>Wohin wir Ihre Daten senden<\/h4>\n<p>Besucher-Kommentare k\u00f6nnen durch einen automatisierten Spam-Erkennungsdienst \u00fcberpr\u00fcft werden.<\/p>\n\t\t\t\t\t\t\t\t<\/div>\n\t\t\t\t\t\t<\/div>\r\n\t\t\t\t<\/div>\r\n\t\t\t\t\t\t\t\t<\/div>\r\n\t\t\t<\/section>\r\n\t\t\t\t\t<\/div>\n\t\t","protected":false},"excerpt":{"rendered":"<p>Datenschutz-Bestimmungen Wer sind wir? Alpis ist eine \u00dcbersetzungs- und Dolmetschagentur mit Sitz in Paris und zahlreichen Agenturen in ganz Frankreich. Willkommen auf unserer Website: https:\/\/www.alpis.fr\/de. Kommentare und Bewertungen Wenn Besucher Kommentare und Bewertungen auf der Website hinterlassen, sammeln wir Daten aus ihren Formularen sowie die IP-Adresse und den verwendeten Browser, um die Spam-Erkennung zu verbessern. Eine aus Ihrer E-Mail-Adresse erstellte Zeichenfolge (ein Hash) kann dem Gravatar-Dienst zur Verf\u00fcgung gestellt werden, um einen Avatar auf der Website zu generieren oder Ihren eigenen zu verwenden, wenn Sie bereits Gravatar verwenden. Die Datenschutzerkl\u00e4rung von Gravatar finden Sie unter: https:\/\/automattic.com\/privacy\/. Nach der Best\u00e4tigung Ihres Kommentars wird Ihr Avatar (Profilbild) als Teil Ihres Kommentars \u00f6ffentlich sichtbar. \u00a0 Medien Wenn Sie Bilder auf unserer Website hochladen, sollten Sie vermeiden, dass diese Geolokalisierungsdaten enthalten, die in den Details enthalten sind (EXIF GPS). Besucher k\u00f6nnten dieses Bild herunterladen und Daten daraus extrahieren. \u00a0 Cookies Wenn Sie einen Kommentar auf unserer Website hinterlassen, k\u00f6nnen Sie sich daf\u00fcr entscheiden, Ihren Namen, Ihre E-Mail-Adresse und Ihre Website in Cookies zu speichern. Diese dienen Ihrer Bequemlichkeit, sodass Sie Ihre Details nicht erneut eingeben m\u00fcssen, wenn Sie einen weiteren Kommentar hinterlassen. Diese Cookies haben eine G\u00fcltigkeitsdauer von einem Jahr. Wenn Sie unsere Anmeldeseite besuchen, setzen wir ein tempor\u00e4res Cookie, um festzustellen, ob Ihr Browser Cookies akzeptiert. Dieses Cookie enth\u00e4lt keine pers\u00f6nlichen Daten und wird verworfen, wenn Sie Ihren Browser schlie\u00dfen. Wenn Sie sich anmelden, werden auch mehrere Cookies eingerichtet, um Ihre Anmeldeinformationen und Ihre Bildschirmanzeigeoptionen zu speichern. Anmelde-Cookies bleiben zwei Tage lang g\u00fcltig, und Bildschirmoptionen-Cookies bleiben ein Jahr lang g\u00fcltig. Wenn Sie &#8222;Remember Me&#8220; ausw\u00e4hlen, bleibt Ihre Anmeldung zwei Wochen lang erhalten. Wenn Sie sich von Ihrem Konto abmelden, werden die Anmelde-Cookies entfernt. Wenn Sie einen Artikel bearbeiten oder ver\u00f6ffentlichen, wird ein zus\u00e4tzliches Cookie in Ihrem Browser gespeichert. Dieses Cookie enth\u00e4lt keine pers\u00f6nlichen Daten und gibt lediglich die Beitrag-ID des gerade bearbeiteten Artikels an. Es l\u00e4uft nach einem Tag ab. \u00a0 Eingebetteter Inhalt von anderen Websites Artikel auf dieser Website k\u00f6nnen eingebettete Inhalte (z. B. Videos, Bilder, Artikel usw.) enthalten. Eingebettete Inhalte von anderen Websites verhalten sich genau so, als h\u00e4tte der Besucher die andere Website besucht. Diese Websites k\u00f6nnen Daten \u00fcber Sie sammeln, Cookies verwenden, zus\u00e4tzliches Tracking von Dritten einbetten und Ihre Interaktion mit diesem eingebetteten Inhalt \u00fcberwachen, einschlie\u00dflich der Verfolgung Ihrer Interaktion mit dem eingebetteten Inhalt, wenn Sie ein Konto haben und auf dieser Website angemeldet sind. \u00a0 Mit wem wir Ihre Daten teilen Wenn Sie eine Passwortr\u00fccksetzung anfordern, wird Ihre IP-Adresse in der R\u00fccksetz-E-Mail enthalten sein. \u00a0 Wie lange wir Ihre Daten aufbewahren Wenn Sie einen Kommentar hinterlassen, werden der Kommentar und seine Metadaten unbefristet gespeichert. Dies dient dazu, eventuelle Folgekommentare automatisch zu erkennen und zu genehmigen, anstatt sie in einer Moderationswarteschlange zu halten. F\u00fcr Benutzer, die sich auf unserer Website registrieren (sofern vorhanden), speichern wir auch die von ihnen bereitgestellten pers\u00f6nlichen Informationen in ihrem Benutzerprofil. Alle Benutzer k\u00f6nnen ihre pers\u00f6nlichen Informationen jederzeit einsehen, bearbeiten oder l\u00f6schen (au\u00dfer sie k\u00f6nnen ihren Benutzernamen nicht \u00e4ndern). Website-Administratoren k\u00f6nnen diese Informationen ebenfalls einsehen und bearbeiten. \u00a0 Welche Rechte Sie \u00fcber Ihre Daten haben Wenn Sie ein Konto auf dieser Website haben oder Kommentare hinterlassen haben, k\u00f6nnen Sie beantragen, eine exportierte Datei der personenbezogenen Daten zu erhalten, die wir \u00fcber Sie gespeichert haben, einschlie\u00dflich aller Daten, die Sie uns zur Verf\u00fcgung gestellt haben. Sie k\u00f6nnen auch beantragen, dass wir alle personenbezogenen Daten, die wir \u00fcber Sie haben, l\u00f6schen. Dies beinhaltet keine Daten, die wir aus administrativen, rechtlichen oder Sicherheitsgr\u00fcnden aufbewahren m\u00fcssen. \u00a0 Wohin wir Ihre Daten senden Besucher-Kommentare k\u00f6nnen durch einen automatisierten Spam-Erkennungsdienst \u00fcberpr\u00fcft werden.<\/p>\n","protected":false},"author":25,"featured_media":0,"parent":0,"menu_order":0,"comment_status":"closed","ping_status":"closed","template":"","meta":{"footnotes":""},"class_list":["post-10914","page","type-page","status-publish","hentry"],"yoast_head":"<!-- This site is optimized with the Yoast SEO Premium plugin v27.3 (Yoast SEO v27.3) - https:\/\/yoast.com\/product\/yoast-seo-premium-wordpress\/ -->\n<title>Datenschutz Bestimmungen - Alpis \u00dcbersetzung und Dolmetschen<\/title>\n<meta name=\"description\" content=\"Alpis \u00dcbersetzung und Dolmetschen gew\u00e4hrleistet den umfassenden Schutz und die Vertraulichkeit Ihrer pers\u00f6nlichen Daten w\u00e4hrend unserer Kommunikation.\" \/>\n<meta name=\"robots\" content=\"index, follow, max-snippet:-1, max-image-preview:large, max-video-preview:-1\" \/>\n<link rel=\"canonical\" href=\"https:\/\/www.alpis.fr\/de\/datenschutz-bestimmungen\/\" \/>\n<meta property=\"og:locale\" content=\"de_DE\" \/>\n<meta property=\"og:type\" content=\"article\" \/>\n<meta property=\"og:title\" content=\"Datenschutz-Bestimmungen\" \/>\n<meta property=\"og:description\" content=\"Alpis \u00dcbersetzung und Dolmetschen gew\u00e4hrleistet den umfassenden Schutz und die Vertraulichkeit Ihrer pers\u00f6nlichen Daten w\u00e4hrend unserer Kommunikation.\" \/>\n<meta property=\"og:url\" content=\"https:\/\/www.alpis.fr\/de\/datenschutz-bestimmungen\/\" \/>\n<meta property=\"og:site_name\" content=\"Alpis \u00dcbersetzung und Dolmetschen\" \/>\n<meta property=\"article:publisher\" content=\"https:\/\/www.facebook.com\/alpisfr\/\" \/>\n<meta property=\"article:modified_time\" content=\"2024-10-16T08:56:06+00:00\" \/>\n<meta property=\"og:image\" content=\"https:\/\/www.alpis.fr\/wp-content\/uploads\/elementor\/thumbs\/confidential-pqcv6yw0f4cgxlcw66hhns7fi5j6sg6jtd430hgfkg.jpg\" \/>\n<meta name=\"twitter:card\" content=\"summary_large_image\" \/>\n<meta name=\"twitter:site\" content=\"@AlpisParis\" \/>\n<meta name=\"twitter:label1\" content=\"Gesch\u00e4tzte Lesezeit\" \/>\n\t<meta name=\"twitter:data1\" content=\"4\u00a0Minuten\" \/>\n<script type=\"application\/ld+json\" class=\"yoast-schema-graph\">{\"@context\":\"https:\\\/\\\/schema.org\",\"@graph\":[{\"@type\":\"WebPage\",\"@id\":\"https:\\\/\\\/www.alpis.fr\\\/de\\\/datenschutz-bestimmungen\\\/\",\"url\":\"https:\\\/\\\/www.alpis.fr\\\/de\\\/datenschutz-bestimmungen\\\/\",\"name\":\"Datenschutz Bestimmungen - Alpis \u00dcbersetzung und Dolmetschen\",\"isPartOf\":{\"@id\":\"https:\\\/\\\/www.alpis.fr\\\/de\\\/#website\"},\"primaryImageOfPage\":{\"@id\":\"https:\\\/\\\/www.alpis.fr\\\/de\\\/datenschutz-bestimmungen\\\/#primaryimage\"},\"image\":{\"@id\":\"https:\\\/\\\/www.alpis.fr\\\/de\\\/datenschutz-bestimmungen\\\/#primaryimage\"},\"thumbnailUrl\":\"https:\\\/\\\/www.alpis.fr\\\/wp-content\\\/uploads\\\/elementor\\\/thumbs\\\/confidential-pqcv6yw0f4cgxlcw66hhns7fi5j6sg6jtd430hgfkg.jpg\",\"datePublished\":\"2022-01-24T10:59:46+00:00\",\"dateModified\":\"2024-10-16T08:56:06+00:00\",\"description\":\"Alpis \u00dcbersetzung und Dolmetschen gew\u00e4hrleistet den umfassenden Schutz und die Vertraulichkeit Ihrer pers\u00f6nlichen Daten w\u00e4hrend unserer Kommunikation.\",\"inLanguage\":\"de\",\"potentialAction\":[{\"@type\":\"ReadAction\",\"target\":[\"https:\\\/\\\/www.alpis.fr\\\/de\\\/datenschutz-bestimmungen\\\/\"]}]},{\"@type\":\"ImageObject\",\"inLanguage\":\"de\",\"@id\":\"https:\\\/\\\/www.alpis.fr\\\/de\\\/datenschutz-bestimmungen\\\/#primaryimage\",\"url\":\"https:\\\/\\\/www.alpis.fr\\\/wp-content\\\/uploads\\\/elementor\\\/thumbs\\\/confidential-pqcv6yw0f4cgxlcw66hhns7fi5j6sg6jtd430hgfkg.jpg\",\"contentUrl\":\"https:\\\/\\\/www.alpis.fr\\\/wp-content\\\/uploads\\\/elementor\\\/thumbs\\\/confidential-pqcv6yw0f4cgxlcw66hhns7fi5j6sg6jtd430hgfkg.jpg\"},{\"@type\":\"WebSite\",\"@id\":\"https:\\\/\\\/www.alpis.fr\\\/de\\\/#website\",\"url\":\"https:\\\/\\\/www.alpis.fr\\\/de\\\/\",\"name\":\"Alpis Traduction et Interpr\u00e9tation\",\"description\":\"Das \u00dcbersetzungsb\u00fcro im Dienste Ihres internationalen Aufstiegs\",\"publisher\":{\"@id\":\"https:\\\/\\\/www.alpis.fr\\\/de\\\/#organization\"},\"potentialAction\":[{\"@type\":\"SearchAction\",\"target\":{\"@type\":\"EntryPoint\",\"urlTemplate\":\"https:\\\/\\\/www.alpis.fr\\\/de\\\/?s={search_term_string}\"},\"query-input\":{\"@type\":\"PropertyValueSpecification\",\"valueRequired\":true,\"valueName\":\"search_term_string\"}}],\"inLanguage\":\"de\"},{\"@type\":\"Organization\",\"@id\":\"https:\\\/\\\/www.alpis.fr\\\/de\\\/#organization\",\"name\":\"Alpis Traduction et Interpr\u00e9tation\",\"alternateName\":\"Alpis\",\"url\":\"https:\\\/\\\/www.alpis.fr\\\/de\\\/\",\"logo\":{\"@type\":\"ImageObject\",\"inLanguage\":\"de\",\"@id\":\"https:\\\/\\\/www.alpis.fr\\\/de\\\/#\\\/schema\\\/logo\\\/image\\\/\",\"url\":\"https:\\\/\\\/www.alpis.fr\\\/wp-content\\\/uploads\\\/2022\\\/06\\\/LogoPreviewFB1200x630.jpg\",\"contentUrl\":\"https:\\\/\\\/www.alpis.fr\\\/wp-content\\\/uploads\\\/2022\\\/06\\\/LogoPreviewFB1200x630.jpg\",\"width\":1200,\"height\":630,\"caption\":\"Alpis Traduction et Interpr\u00e9tation\"},\"image\":{\"@id\":\"https:\\\/\\\/www.alpis.fr\\\/de\\\/#\\\/schema\\\/logo\\\/image\\\/\"},\"sameAs\":[\"https:\\\/\\\/www.facebook.com\\\/alpisfr\\\/\",\"https:\\\/\\\/x.com\\\/AlpisParis\",\"https:\\\/\\\/www.linkedin.com\\\/company\\\/alpis\",\"https:\\\/\\\/twitter.com\\\/AlpisParis\"],\"email\":\"contact@alpis.fr\",\"telephone\":\"+33973037000\",\"legalName\":\"Alpis Traduction et Interpr\u00e9tation SAS\",\"foundingDate\":\"2014-03-06\",\"vatID\":\"FR52801253543\",\"taxID\":\"80125354300012\",\"numberOfEmployees\":{\"@type\":\"QuantitativeValue\",\"minValue\":\"1\",\"maxValue\":\"10\"},\"actionableFeedbackPolicy\":\"https:\\\/\\\/www.alpis.fr\\\/mentions-legales\\\/\",\"correctionsPolicy\":\"https:\\\/\\\/www.alpis.fr\\\/mentions-legales\\\/\"}]}<\/script>\n<!-- \/ Yoast SEO Premium plugin. -->","yoast_head_json":{"title":"Datenschutz Bestimmungen - Alpis \u00dcbersetzung und Dolmetschen","description":"Alpis \u00dcbersetzung und Dolmetschen gew\u00e4hrleistet den umfassenden Schutz und die Vertraulichkeit Ihrer pers\u00f6nlichen Daten w\u00e4hrend unserer Kommunikation.","robots":{"index":"index","follow":"follow","max-snippet":"max-snippet:-1","max-image-preview":"max-image-preview:large","max-video-preview":"max-video-preview:-1"},"canonical":"https:\/\/www.alpis.fr\/de\/datenschutz-bestimmungen\/","og_locale":"de_DE","og_type":"article","og_title":"Datenschutz-Bestimmungen","og_description":"Alpis \u00dcbersetzung und Dolmetschen gew\u00e4hrleistet den umfassenden Schutz und die Vertraulichkeit Ihrer pers\u00f6nlichen Daten w\u00e4hrend unserer Kommunikation.","og_url":"https:\/\/www.alpis.fr\/de\/datenschutz-bestimmungen\/","og_site_name":"Alpis \u00dcbersetzung und Dolmetschen","article_publisher":"https:\/\/www.facebook.com\/alpisfr\/","article_modified_time":"2024-10-16T08:56:06+00:00","og_image":[{"url":"https:\/\/www.alpis.fr\/wp-content\/uploads\/elementor\/thumbs\/confidential-pqcv6yw0f4cgxlcw66hhns7fi5j6sg6jtd430hgfkg.jpg","type":"","width":"","height":""}],"twitter_card":"summary_large_image","twitter_site":"@AlpisParis","twitter_misc":{"Gesch\u00e4tzte Lesezeit":"4\u00a0Minuten"},"schema":{"@context":"https:\/\/schema.org","@graph":[{"@type":"WebPage","@id":"https:\/\/www.alpis.fr\/de\/datenschutz-bestimmungen\/","url":"https:\/\/www.alpis.fr\/de\/datenschutz-bestimmungen\/","name":"Datenschutz Bestimmungen - Alpis \u00dcbersetzung und Dolmetschen","isPartOf":{"@id":"https:\/\/www.alpis.fr\/de\/#website"},"primaryImageOfPage":{"@id":"https:\/\/www.alpis.fr\/de\/datenschutz-bestimmungen\/#primaryimage"},"image":{"@id":"https:\/\/www.alpis.fr\/de\/datenschutz-bestimmungen\/#primaryimage"},"thumbnailUrl":"https:\/\/www.alpis.fr\/wp-content\/uploads\/elementor\/thumbs\/confidential-pqcv6yw0f4cgxlcw66hhns7fi5j6sg6jtd430hgfkg.jpg","datePublished":"2022-01-24T10:59:46+00:00","dateModified":"2024-10-16T08:56:06+00:00","description":"Alpis \u00dcbersetzung und Dolmetschen gew\u00e4hrleistet den umfassenden Schutz und die Vertraulichkeit Ihrer pers\u00f6nlichen Daten w\u00e4hrend unserer Kommunikation.","inLanguage":"de","potentialAction":[{"@type":"ReadAction","target":["https:\/\/www.alpis.fr\/de\/datenschutz-bestimmungen\/"]}]},{"@type":"ImageObject","inLanguage":"de","@id":"https:\/\/www.alpis.fr\/de\/datenschutz-bestimmungen\/#primaryimage","url":"https:\/\/www.alpis.fr\/wp-content\/uploads\/elementor\/thumbs\/confidential-pqcv6yw0f4cgxlcw66hhns7fi5j6sg6jtd430hgfkg.jpg","contentUrl":"https:\/\/www.alpis.fr\/wp-content\/uploads\/elementor\/thumbs\/confidential-pqcv6yw0f4cgxlcw66hhns7fi5j6sg6jtd430hgfkg.jpg"},{"@type":"WebSite","@id":"https:\/\/www.alpis.fr\/de\/#website","url":"https:\/\/www.alpis.fr\/de\/","name":"Alpis Traduction et Interpr\u00e9tation","description":"Das \u00dcbersetzungsb\u00fcro im Dienste Ihres internationalen Aufstiegs","publisher":{"@id":"https:\/\/www.alpis.fr\/de\/#organization"},"potentialAction":[{"@type":"SearchAction","target":{"@type":"EntryPoint","urlTemplate":"https:\/\/www.alpis.fr\/de\/?s={search_term_string}"},"query-input":{"@type":"PropertyValueSpecification","valueRequired":true,"valueName":"search_term_string"}}],"inLanguage":"de"},{"@type":"Organization","@id":"https:\/\/www.alpis.fr\/de\/#organization","name":"Alpis Traduction et Interpr\u00e9tation","alternateName":"Alpis","url":"https:\/\/www.alpis.fr\/de\/","logo":{"@type":"ImageObject","inLanguage":"de","@id":"https:\/\/www.alpis.fr\/de\/#\/schema\/logo\/image\/","url":"https:\/\/www.alpis.fr\/wp-content\/uploads\/2022\/06\/LogoPreviewFB1200x630.jpg","contentUrl":"https:\/\/www.alpis.fr\/wp-content\/uploads\/2022\/06\/LogoPreviewFB1200x630.jpg","width":1200,"height":630,"caption":"Alpis Traduction et Interpr\u00e9tation"},"image":{"@id":"https:\/\/www.alpis.fr\/de\/#\/schema\/logo\/image\/"},"sameAs":["https:\/\/www.facebook.com\/alpisfr\/","https:\/\/x.com\/AlpisParis","https:\/\/www.linkedin.com\/company\/alpis","https:\/\/twitter.com\/AlpisParis"],"email":"contact@alpis.fr","telephone":"+33973037000","legalName":"Alpis Traduction et Interpr\u00e9tation SAS","foundingDate":"2014-03-06","vatID":"FR52801253543","taxID":"80125354300012","numberOfEmployees":{"@type":"QuantitativeValue","minValue":"1","maxValue":"10"},"actionableFeedbackPolicy":"https:\/\/www.alpis.fr\/mentions-legales\/","correctionsPolicy":"https:\/\/www.alpis.fr\/mentions-legales\/"}]}},"_links":{"self":[{"href":"https:\/\/www.alpis.fr\/de\/wp-json\/wp\/v2\/pages\/10914","targetHints":{"allow":["GET"]}}],"collection":[{"href":"https:\/\/www.alpis.fr\/de\/wp-json\/wp\/v2\/pages"}],"about":[{"href":"https:\/\/www.alpis.fr\/de\/wp-json\/wp\/v2\/types\/page"}],"author":[{"embeddable":true,"href":"https:\/\/www.alpis.fr\/de\/wp-json\/wp\/v2\/users\/25"}],"replies":[{"embeddable":true,"href":"https:\/\/www.alpis.fr\/de\/wp-json\/wp\/v2\/comments?post=10914"}],"version-history":[{"count":0,"href":"https:\/\/www.alpis.fr\/de\/wp-json\/wp\/v2\/pages\/10914\/revisions"}],"wp:attachment":[{"href":"https:\/\/www.alpis.fr\/de\/wp-json\/wp\/v2\/media?parent=10914"}],"curies":[{"name":"wp","href":"https:\/\/api.w.org\/{rel}","templated":true}]}}